{"id":10799,"date":"2022-08-24T12:00:40","date_gmt":"2022-08-24T09:00:40","guid":{"rendered":"https:\/\/cemlight.com\/tr\/?page_id=10799"},"modified":"2022-08-24T12:03:35","modified_gmt":"2022-08-24T09:03:35","slug":"havalimani-ve-apron-form","status":"publish","type":"page","link":"https:\/\/cemlight.com\/tr\/havalimani-ve-apron-form\/","title":{"rendered":"HAVAL\u0130MANI VE APRON"},"content":{"rendered":"\t\t<div data-elementor-type=\"wp-page\" data-elementor-id=\"10799\" class=\"elementor elementor-10799\" data-elementor-post-type=\"page\">\n\t\t\t\t\t\t<section class=\"elementor-section elementor-top-section elementor-element elementor-element-7b5c3e2 elementor-section-full_width elementor-section-stretched elementor-section-height-default elementor-section-height-default\" data-id=\"7b5c3e2\" data-element_type=\"section\" data-settings=\"{&quot;stretch_section&quot;:&quot;section-stretched&quot;}\">\n\t\t\t\t\t\t<div class=\"elementor-container elementor-column-gap-no\">\n\t\t\t\t\t<div class=\"elementor-column elementor-col-100 elementor-top-column elementor-element elementor-element-bc7b57f\" data-id=\"bc7b57f\" data-element_type=\"column\">\n\t\t\t<div class=\"elementor-widget-wrap elementor-element-populated\">\n\t\t\t\t\t\t<section class=\"elementor-section elementor-inner-section elementor-element elementor-element-54f23b2 elementor-section-boxed elementor-section-height-default elementor-section-height-default\" data-id=\"54f23b2\" data-element_type=\"section\">\n\t\t\t\t\t\t<div class=\"elementor-container elementor-column-gap-no\">\n\t\t\t\t\t<div class=\"elementor-column elementor-col-100 elementor-inner-column elementor-element elementor-element-7214353\" data-id=\"7214353\" data-element_type=\"column\">\n\t\t\t<div class=\"elementor-widget-wrap elementor-element-populated\">\n\t\t\t\t\t\t<div class=\"elementor-element elementor-element-144b586 elementor-widget elementor-widget-spacer\" data-id=\"144b586\" data-element_type=\"widget\" data-widget_type=\"spacer.default\">\n\t\t\t\t<div class=\"elementor-widget-container\">\n\t\t\t\t\t\t\t<div class=\"elementor-spacer\">\n\t\t\t<div class=\"elementor-spacer-inner\"><\/div>\n\t\t<\/div>\n\t\t\t\t\t\t<\/div>\n\t\t\t\t<\/div>\n\t\t\t\t<div class=\"elementor-element elementor-element-d7f2c36 split-breadcrumbs-y elementor-widget elementor-widget-the7-breadcrumb\" data-id=\"d7f2c36\" data-element_type=\"widget\" data-widget_type=\"the7-breadcrumb.default\">\n\t\t\t\t<div class=\"elementor-widget-container\">\n\t\t\t\t\t<div class=\"assistive-text\">You are here:<\/div><ol class=\"breadcrumbs text-small rcrumbs\" itemscope itemtype=\"https:\/\/schema.org\/BreadcrumbList\"><li itemprop=\"itemListElement\" itemscope itemtype=\"https:\/\/schema.org\/ListItem\"><a itemprop=\"item\" href=\"https:\/\/cemlight.com\/tr\/\" title=\"Home\"><span itemprop=\"name\">Home<\/span><\/a><meta itemprop=\"position\" content=\"1\" \/><\/li><li class=\"current\" itemprop=\"itemListElement\" itemscope itemtype=\"https:\/\/schema.org\/ListItem\"><span itemprop=\"name\">Sayfa<\/span><meta itemprop=\"position\" content=\"2\" \/><\/li><\/ol>\t\t\t\t<\/div>\n\t\t\t\t<\/div>\n\t\t\t\t<div class=\"elementor-element elementor-element-62e1014 elementor-widget elementor-widget-spacer\" data-id=\"62e1014\" data-element_type=\"widget\" data-widget_type=\"spacer.default\">\n\t\t\t\t<div class=\"elementor-widget-container\">\n\t\t\t\t\t\t\t<div class=\"elementor-spacer\">\n\t\t\t<div class=\"elementor-spacer-inner\"><\/div>\n\t\t<\/div>\n\t\t\t\t\t\t<\/div>\n\t\t\t\t<\/div>\n\t\t\t\t\t<\/div>\n\t\t<\/div>\n\t\t\t\t\t<\/div>\n\t\t<\/section>\n\t\t\t\t\t<\/div>\n\t\t<\/div>\n\t\t\t\t\t<\/div>\n\t\t<\/section>\n\t\t\t\t<section class=\"elementor-section elementor-top-section elementor-element elementor-element-23190d4e elementor-section-stretched elementor-section-boxed elementor-section-height-default elementor-section-height-default\" data-id=\"23190d4e\" data-element_type=\"section\" data-settings=\"{&quot;stretch_section&quot;:&quot;section-stretched&quot;}\">\n\t\t\t\t\t\t<div class=\"elementor-container elementor-column-gap-default\">\n\t\t\t\t\t<div class=\"elementor-column elementor-col-100 elementor-top-column elementor-element elementor-element-116d3b63\" data-id=\"116d3b63\" data-element_type=\"column\">\n\t\t\t<div class=\"elementor-widget-wrap elementor-element-populated\">\n\t\t\t\t\t\t<div class=\"elementor-element elementor-element-370d681c elementor-widget elementor-widget-text-editor\" data-id=\"370d681c\" data-element_type=\"widget\" data-widget_type=\"text-editor.default\">\n\t\t\t\t<div class=\"elementor-widget-container\">\n\t\t\t\t\t\t\t\t\t<p><div id=\"erf_form_container_10793\" class=\"erf-container erf-contact erf-label-top erf-layout-one-column erf-style-rounded-corner\">\n        \n    \n         \n                    <div class=\"erf-content-above\">\n                            <\/div>\n            <form method=\"post\" enctype=\"multipart\/form-data\" class=\"erf-form erf-front-form\" data-parsley-validate=\"\" novalidate=\"true\" data-erf-submission-id=\"0\" data-erf-form-id=\"10793\">\n                <div class=\"erf-form-html\" id=\"erf_form_10793\">\n                    <div class=\"rendered-form\">\n                        <div class=\"erf-text form-group field-field-yXUjxLC3c6QL02y erf-element-width-4\"><label for=\"field-yXUjxLC3c6QL02y\" class=\"erf-text-label\">1. Havaliman\u0131 &#038; Apron<\/label><input type='text' data-ref-label='Havaliman\u0131 &amp; Apron' class='form-control' name='field-yXUjxLC3c6QL02y' id='field-yXUjxLC3c6QL02y'  \/><\/div><div class=\"erf-text form-group field-field-6B2VlVrCazocDvN erf-element-width-4\"><label for=\"field-6B2VlVrCazocDvN\" class=\"erf-text-label\">2. Lokasyon:<\/label><input type='text' data-ref-label='Lokasyon:' class='form-control' name='field-6B2VlVrCazocDvN' id='field-6B2VlVrCazocDvN'  \/><\/div><div class=\"erf-text form-group field-field-A3xxNL9ixgtEsb8 erf-element-width-4\"><label for=\"field-A3xxNL9ixgtEsb8\" class=\"erf-text-label\">3. Ayd\u0131nlat\u0131lacak Apron \u00d6l\u00e7\u00fcleri:<\/label><input type='text' data-ref-label='Ayd\u0131nlat\u0131lacak Apron \u00d6l\u00e7\u00fcleri:' class='form-control' name='field-A3xxNL9ixgtEsb8' id='field-A3xxNL9ixgtEsb8'  \/><\/div><div class=\"erf-text form-group field-field-Rw6xNSHWP3x0skF erf-element-width-3\"><label for=\"field-Rw6xNSHWP3x0skF\" class=\"erf-text-label\">4. Bak\u0131m Fakt\u00f6r\u00fc:<\/label><input type='text' data-ref-label='Bak\u0131m Fakt\u00f6r\u00fc:' class='form-control' name='field-Rw6xNSHWP3x0skF' id='field-Rw6xNSHWP3x0skF'  \/><\/div><div class=\"erf-text form-group field-field-RyLHU0YVwcgzjTn erf-element-width-4\"><label for=\"field-RyLHU0YVwcgzjTn\" class=\"erf-text-label\">5. Armat\u00fcr Montaj Y\u00fcksekli\u011fi<\/label><input type='text' data-ref-label='Armat\u00fcr Montaj Y\u00fcksekli\u011fi' class='form-control' name='field-RyLHU0YVwcgzjTn' id='field-RyLHU0YVwcgzjTn'  \/><\/div><div class=\"erf-text form-group field-field-7CqsmdYzdM4N1fc erf-element-width-4\"><label for=\"field-7CqsmdYzdM4N1fc\" class=\"erf-text-label\">6. \u0130stenilen Ayd\u0131nl\u0131k Seviyesi<span class=\"tooltip-element\" tooltip=\"Lux\"><i class=\"fa fa-info\" aria-hidden=\"true\"><\/i><\/span><\/label><input type='text' data-ref-label='\u0130stenilen Ayd\u0131nl\u0131k Seviyesi' class='form-control' name='field-7CqsmdYzdM4N1fc' id='field-7CqsmdYzdM4N1fc'  \/><\/div><div class=\"erf-radio-group form-group field-field-VEjDabOevU0CU6X erf-element-width-3\"><label for=\"field-VEjDabOevU0CU6X\" class=\"erf-radio-group-label\">7. I\u015f\u0131k Kayna\u011f\u0131 Tipi<\/label><div class=\"radio-group\"><div class=\"radio-inline\"><input id=\"field-VEjDabOevU0CU6X-0\" name='field-VEjDabOevU0CU6X' data-ref-label='I\u015f\u0131k Kayna\u011f\u0131 Tipi' class='form-control'  type=\"radio\" value=\"Led\" \/><label for=\"field-VEjDabOevU0CU6X-0\">Led<\/label><\/div><div class=\"radio-inline\"><input id=\"field-VEjDabOevU0CU6X-1\" name='field-VEjDabOevU0CU6X' data-ref-label='I\u015f\u0131k Kayna\u011f\u0131 Tipi' class='form-control'  type=\"radio\" value=\"Konvensiyonel\" \/><label for=\"field-VEjDabOevU0CU6X-1\">Konvensiyonel<\/label><\/div><\/div><\/div><div class=\"erf-text form-group field-field-pX7x06YBr247jRH erf-element-width-4\"><label for=\"field-pX7x06YBr247jRH\" class=\"erf-text-label\">8. Yukar\u0131daki bilgilere ek olarak varsa ilgili ki\u015finin talepleri:<\/label><input type='text' data-ref-label='Additional Information or Request' class='form-control' name='field-pX7x06YBr247jRH' id='field-pX7x06YBr247jRH'  \/><\/div><div class=\"erf-richtext erf-element-width-12\"><div data-non-input='1' data-ref-label='\u0130lgili Ki\u015finin' data-ref-id='richtext-lha8c4jc' class='erf-rich-text' ><p>\u0130lgili Ki\u015finin<\/p><\/div><\/div><div class=\"erf-text form-group field-field-xTOzZh4YIbAJN3U erf-element-width-3\"><label for=\"field-xTOzZh4YIbAJN3U\" class=\"erf-text-label\">Ad Soyad<span class=\"erf-required\">*<\/span><\/label><input type='text' data-ref-label='Full Name' class='form-control' name='field-xTOzZh4YIbAJN3U' required='required' id='field-xTOzZh4YIbAJN3U'  \/><\/div><div class=\"erf-tel form-group field-field-4F2WdbLbqLtmDkt erf-element-width-3\"><label for=\"field-4F2WdbLbqLtmDkt\" class=\"erf-tel-label\">GSM<span class=\"erf-required\">*<\/span><\/label><input type='tel' data-ref-label='Phone1' class='form-control' name='field-4F2WdbLbqLtmDkt' required='required' enable-intl='1' id='field-4F2WdbLbqLtmDkt'  \/><\/div><div class=\"erf-text form-group field-field-BORdmh6TI625Nb4 erf-element-width-3\"><label for=\"field-BORdmh6TI625Nb4\" class=\"erf-text-label\">E-mail:<span class=\"erf-required\">*<\/span><\/label><input type='text' data-ref-label='E-mail' class='form-control' name='field-BORdmh6TI625Nb4' required='required' id='field-BORdmh6TI625Nb4'  \/><\/div><div class=\"erf-text form-group field-field-3IV5YpwwW6nFBjp erf-element-width-3\"><label for=\"field-3IV5YpwwW6nFBjp\" class=\"erf-text-label\">\u00c7al\u0131\u015ft\u0131\u011f\u0131 Firma\/Kurum:<\/label><input type='text' data-ref-label='Organization' class='form-control' name='field-3IV5YpwwW6nFBjp' id='field-3IV5YpwwW6nFBjp'  \/><\/div><div class=\"erf-checkbox-group form-group field-field-L7v6CFlusCmPkWa erf-element-width-12\"><label for=\"field-L7v6CFlusCmPkWa\" class=\"erf-checkbox-group-label\">*<span class=\"erf-required\">*<\/span><\/label><div class=\"checkbox-group\"><div class=\"checkbox\"><input id=\"field-L7v6CFlusCmPkWa-0\" name='field-L7v6CFlusCmPkWa[]' data-ref-label='onay' required='required' class='form-control' multiple='1'  type=\"checkbox\" value=\"Sorular\u0131ma cevap verebilmeleri i\u00e7in Cemda\u011f&#039;\u0131n bilgilerimi saklamas\u0131na izin veriyorum. Cemda\u011f gizlili\u011finize sayg\u0131 duyar ve ki\u015fisel verilerinizi di\u011fer \u00fc\u00e7\u00fcnc\u00fc \u015fah\u0131slara satmayaca\u011f\u0131z veya sa\u011flamayaca\u011f\u0131z veya ki\u015fisel verilerinizi kendi ama\u00e7lar\u0131 i\u00e7in kullanmalar\u0131na izin vermeyece\u011fiz.\" \/><label for=\"field-L7v6CFlusCmPkWa-0\">Sorular\u0131ma cevap verebilmeleri i\u00e7in Cemda\u011f&#039;\u0131n bilgilerimi saklamas\u0131na izin veriyorum. Cemda\u011f gizlili\u011finize sayg\u0131 duyar ve ki\u015fisel verilerinizi di\u011fer \u00fc\u00e7\u00fcnc\u00fc \u015fah\u0131slara satmayaca\u011f\u0131z veya sa\u011flamayaca\u011f\u0131z veya ki\u015fisel verilerinizi kendi ama\u00e7lar\u0131 i\u00e7in kullanmalar\u0131na izin vermeyece\u011fiz.<\/label><\/div><\/div><\/div><div class=\"erf-button form-group field-button-30532712214 erf-element-width-12\"><button type='submit'class='btn btn-default'name='button-30532712214'data-ref-label='Send'id='button-30532712214'>G\u00f6nder<\/button><\/div>                    <\/div> \n                <\/div>    \n\n                <div class=\"erf-external-form-elements\">\n                    \n                    \n                    \n\n                    \n                                        <div class=\"erf-errors\" style=\"display:none\">\n                        <span class=\"erf-errors-head erf-error-row\">Error occured. Please confirm your data and submit again:<\/span>\n                        <div class=\"erf-errors-body\">\n                                                    <\/div> \n                    <\/div>\n\n                <\/div>\n                <!-- Contains multipage Next,Previous buttons -->\n                <div class=\"erf-form-nav clearfix\"><\/div> \n\n                <!-- Single page form button -->\n                <div class=\"erf-submit-button clearfix\"><\/div>\n\n\n                <input type=\"hidden\" name=\"erform_id\" value=\"10793\" \/>\n                <input type=\"hidden\" id=\"erform_submission_nonce\" name=\"erform_submission_nonce\" value=\"0eb6435142\" \/><input type=\"hidden\" name=\"_wp_http_referer\" value=\"\/tr\/wp-json\/wp\/v2\/pages\/10799\" \/>                <input type=\"hidden\" name=\"action\" value=\"erf_submit_form\" \/>\n\n            <\/form>\n            \n<\/div>\n<\/p>\t\t\t\t\t\t\t\t<\/div>\n\t\t\t\t<\/div>\n\t\t\t\t\t<\/div>\n\t\t<\/div>\n\t\t\t\t\t<\/div>\n\t\t<\/section>\n\t\t\t\t<\/div>\n\t\t","protected":false},"excerpt":{"rendered":"<p>You are here: Home Sayfa<\/p>\n","protected":false},"author":1,"featured_media":0,"parent":0,"menu_order":26,"comment_status":"closed","ping_status":"closed","template":"","meta":{"inline_featured_image":false,"footnotes":""},"class_list":["post-10799","page","type-page","status-publish","hentry"],"aioseo_notices":[],"_links":{"self":[{"href":"https:\/\/cemlight.com\/tr\/wp-json\/wp\/v2\/pages\/10799","targetHints":{"allow":["GET"]}}],"collection":[{"href":"https:\/\/cemlight.com\/tr\/wp-json\/wp\/v2\/pages"}],"about":[{"href":"https:\/\/cemlight.com\/tr\/wp-json\/wp\/v2\/types\/page"}],"author":[{"embeddable":true,"href":"https:\/\/cemlight.com\/tr\/wp-json\/wp\/v2\/users\/1"}],"replies":[{"embeddable":true,"href":"https:\/\/cemlight.com\/tr\/wp-json\/wp\/v2\/comments?post=10799"}],"version-history":[{"count":5,"href":"https:\/\/cemlight.com\/tr\/wp-json\/wp\/v2\/pages\/10799\/revisions"}],"predecessor-version":[{"id":10807,"href":"https:\/\/cemlight.com\/tr\/wp-json\/wp\/v2\/pages\/10799\/revisions\/10807"}],"wp:attachment":[{"href":"https:\/\/cemlight.com\/tr\/wp-json\/wp\/v2\/media?parent=10799"}],"curies":[{"name":"wp","href":"https:\/\/api.w.org\/{rel}","templated":true}]}}