{"id":2271,"date":"2020-07-22T09:36:22","date_gmt":"2020-07-22T06:36:22","guid":{"rendered":"https:\/\/cemlight.com\/tr\/?page_id=2271"},"modified":"2021-09-10T08:39:09","modified_gmt":"2021-09-10T05:39:09","slug":"downloads","status":"publish","type":"page","link":"https:\/\/cemlight.com\/tr\/indirilenler\/","title":{"rendered":"\u0130ndirilenler"},"content":{"rendered":"\t\t<div data-elementor-type=\"wp-page\" data-elementor-id=\"2271\" class=\"elementor elementor-2271\" data-elementor-post-type=\"page\">\n\t\t\t\t\t\t<section class=\"elementor-section elementor-top-section elementor-element elementor-element-a95dd3a elementor-section-full_width elementor-section-stretched elementor-section-height-default elementor-section-height-default\" data-id=\"a95dd3a\" data-element_type=\"section\" data-settings=\"{&quot;stretch_section&quot;:&quot;section-stretched&quot;}\">\n\t\t\t\t\t\t<div class=\"elementor-container elementor-column-gap-no\">\n\t\t\t\t\t<div class=\"elementor-column elementor-col-100 elementor-top-column elementor-element elementor-element-0c6cb04\" data-id=\"0c6cb04\" data-element_type=\"column\">\n\t\t\t<div class=\"elementor-widget-wrap elementor-element-populated\">\n\t\t\t\t\t\t<section class=\"elementor-section elementor-inner-section elementor-element elementor-element-68ba799 elementor-section-boxed elementor-section-height-default elementor-section-height-default\" data-id=\"68ba799\" data-element_type=\"section\">\n\t\t\t\t\t\t<div class=\"elementor-container elementor-column-gap-no\">\n\t\t\t\t\t<div class=\"elementor-column elementor-col-100 elementor-inner-column elementor-element elementor-element-a06a098\" data-id=\"a06a098\" data-element_type=\"column\">\n\t\t\t<div class=\"elementor-widget-wrap elementor-element-populated\">\n\t\t\t\t\t\t<div class=\"elementor-element elementor-element-55f3fb3 elementor-widget elementor-widget-spacer\" data-id=\"55f3fb3\" data-element_type=\"widget\" data-widget_type=\"spacer.default\">\n\t\t\t\t<div class=\"elementor-widget-container\">\n\t\t\t\t\t\t\t<div class=\"elementor-spacer\">\n\t\t\t<div class=\"elementor-spacer-inner\"><\/div>\n\t\t<\/div>\n\t\t\t\t\t\t<\/div>\n\t\t\t\t<\/div>\n\t\t\t\t<div class=\"elementor-element elementor-element-83daf0e split-breadcrumbs-y elementor-widget elementor-widget-the7-breadcrumb\" data-id=\"83daf0e\" data-element_type=\"widget\" data-widget_type=\"the7-breadcrumb.default\">\n\t\t\t\t<div class=\"elementor-widget-container\">\n\t\t\t\t\t<div class=\"assistive-text\">You are here:<\/div><ol class=\"breadcrumbs text-small rcrumbs\" itemscope itemtype=\"https:\/\/schema.org\/BreadcrumbList\"><li itemprop=\"itemListElement\" itemscope itemtype=\"https:\/\/schema.org\/ListItem\"><a itemprop=\"item\" href=\"https:\/\/cemlight.com\/tr\/\" title=\"Home\"><span itemprop=\"name\">Home<\/span><\/a><meta itemprop=\"position\" content=\"1\" \/><\/li><li class=\"current\" itemprop=\"itemListElement\" itemscope itemtype=\"https:\/\/schema.org\/ListItem\"><span itemprop=\"name\">Sayfa<\/span><meta itemprop=\"position\" content=\"2\" \/><\/li><\/ol>\t\t\t\t<\/div>\n\t\t\t\t<\/div>\n\t\t\t\t<div class=\"elementor-element elementor-element-0e4291b elementor-widget elementor-widget-spacer\" data-id=\"0e4291b\" data-element_type=\"widget\" data-widget_type=\"spacer.default\">\n\t\t\t\t<div class=\"elementor-widget-container\">\n\t\t\t\t\t\t\t<div class=\"elementor-spacer\">\n\t\t\t<div class=\"elementor-spacer-inner\"><\/div>\n\t\t<\/div>\n\t\t\t\t\t\t<\/div>\n\t\t\t\t<\/div>\n\t\t\t\t<div class=\"elementor-element elementor-element-cf1b988 elementor-widget elementor-widget-text-editor\" data-id=\"cf1b988\" data-element_type=\"widget\" data-widget_type=\"text-editor.default\">\n\t\t\t\t<div class=\"elementor-widget-container\">\n\t\t\t\t\t\t\t\t\t<p>\u0130ND\u0130R\u0130LENLER<\/p>\t\t\t\t\t\t\t\t<\/div>\n\t\t\t\t<\/div>\n\t\t\t\t<div class=\"elementor-element elementor-element-ea4f3e5 elementor-widget elementor-widget-spacer\" data-id=\"ea4f3e5\" data-element_type=\"widget\" data-widget_type=\"spacer.default\">\n\t\t\t\t<div class=\"elementor-widget-container\">\n\t\t\t\t\t\t\t<div class=\"elementor-spacer\">\n\t\t\t<div class=\"elementor-spacer-inner\"><\/div>\n\t\t<\/div>\n\t\t\t\t\t\t<\/div>\n\t\t\t\t<\/div>\n\t\t\t\t\t<\/div>\n\t\t<\/div>\n\t\t\t\t\t<\/div>\n\t\t<\/section>\n\t\t\t\t<div class=\"elementor-element elementor-element-e8ad2b9 elementor-widget elementor-widget-image\" data-id=\"e8ad2b9\" data-element_type=\"widget\" data-widget_type=\"image.default\">\n\t\t\t\t<div class=\"elementor-widget-container\">\n\t\t\t\t\t\t\t\t\t\t\t\t\t\t\t<img decoding=\"async\" width=\"1920\" height=\"15\" src=\"https:\/\/cemlight.com\/tr\/wp-content\/uploads\/2020\/07\/Untitled-1-1.jpg\" class=\"attachment-full size-full wp-image-2835\" alt=\"\" srcset=\"https:\/\/cemlight.com\/tr\/wp-content\/uploads\/2020\/07\/Untitled-1-1.jpg 1920w, https:\/\/cemlight.com\/tr\/wp-content\/uploads\/2020\/07\/Untitled-1-1-300x2.jpg 300w, https:\/\/cemlight.com\/tr\/wp-content\/uploads\/2020\/07\/Untitled-1-1-1024x8.jpg 1024w, https:\/\/cemlight.com\/tr\/wp-content\/uploads\/2020\/07\/Untitled-1-1-768x6.jpg 768w, https:\/\/cemlight.com\/tr\/wp-content\/uploads\/2020\/07\/Untitled-1-1-1536x12.jpg 1536w\" sizes=\"(max-width: 1920px) 100vw, 1920px\" \/>\t\t\t\t\t\t\t\t\t\t\t\t\t\t\t<\/div>\n\t\t\t\t<\/div>\n\t\t\t\t\t<\/div>\n\t\t<\/div>\n\t\t\t\t\t<\/div>\n\t\t<\/section>\n\t\t\t\t<section class=\"elementor-section elementor-top-section elementor-element elementor-element-4653c93 elementor-section-boxed elementor-section-height-default elementor-section-height-default\" data-id=\"4653c93\" data-element_type=\"section\">\n\t\t\t\t\t\t<div class=\"elementor-container elementor-column-gap-default\">\n\t\t\t\t\t<div class=\"elementor-column elementor-col-100 elementor-top-column elementor-element elementor-element-0fbc66f\" data-id=\"0fbc66f\" data-element_type=\"column\">\n\t\t\t<div class=\"elementor-widget-wrap elementor-element-populated\">\n\t\t\t\t\t\t<section class=\"elementor-section elementor-inner-section elementor-element elementor-element-fa0fd36 elementor-section-boxed elementor-section-height-default elementor-section-height-default\" data-id=\"fa0fd36\" data-element_type=\"section\">\n\t\t\t\t\t\t<div class=\"elementor-container elementor-column-gap-default\">\n\t\t\t\t\t<div class=\"elementor-column elementor-col-50 elementor-inner-column elementor-element elementor-element-7229fd0\" data-id=\"7229fd0\" data-element_type=\"column\">\n\t\t\t<div class=\"elementor-widget-wrap elementor-element-populated\">\n\t\t\t\t\t\t<div class=\"elementor-element elementor-element-977ee63 elementor-widget elementor-widget-image\" data-id=\"977ee63\" data-element_type=\"widget\" data-widget_type=\"image.default\">\n\t\t\t\t<div class=\"elementor-widget-container\">\n\t\t\t\t\t\t\t\t\t\t\t\t\t\t\t\t<a href=\"https:\/\/cemlight.com\/wp-content\/uploads\/2021\/02\/logolar.jpg\" data-elementor-open-lightbox=\"yes\" data-elementor-lightbox-title=\"logolar\" data-e-action-hash=\"#elementor-action%3Aaction%3Dlightbox%26settings%3DeyJpZCI6Mzk1NiwidXJsIjoiaHR0cHM6XC9cL2NlbWxpZ2h0LmNvbVwvdHJcL3dwLWNvbnRlbnRcL3VwbG9hZHNcLzIwMjFcLzAyXC9sb2dvbGFyLmpwZyJ9\">\n\t\t\t\t\t\t\t<img fetchpriority=\"high\" decoding=\"async\" width=\"1024\" height=\"791\" src=\"https:\/\/cemlight.com\/tr\/wp-content\/uploads\/2021\/02\/logolar-1024x791.jpg\" class=\"attachment-large size-large wp-image-3956\" alt=\"\" srcset=\"https:\/\/cemlight.com\/tr\/wp-content\/uploads\/2021\/02\/logolar-1024x791.jpg 1024w, https:\/\/cemlight.com\/tr\/wp-content\/uploads\/2021\/02\/logolar-300x232.jpg 300w, https:\/\/cemlight.com\/tr\/wp-content\/uploads\/2021\/02\/logolar-768x593.jpg 768w, https:\/\/cemlight.com\/tr\/wp-content\/uploads\/2021\/02\/logolar-1536x1187.jpg 1536w, https:\/\/cemlight.com\/tr\/wp-content\/uploads\/2021\/02\/logolar.jpg 2000w\" sizes=\"(max-width: 1024px) 100vw, 1024px\" \/>\t\t\t\t\t\t\t\t<\/a>\n\t\t\t\t\t\t\t\t\t\t\t\t\t\t\t<\/div>\n\t\t\t\t<\/div>\n\t\t\t\t\t<\/div>\n\t\t<\/div>\n\t\t\t\t<div class=\"elementor-column elementor-col-50 elementor-inner-column elementor-element elementor-element-b3ec64a\" data-id=\"b3ec64a\" data-element_type=\"column\">\n\t\t\t<div class=\"elementor-widget-wrap elementor-element-populated\">\n\t\t\t\t\t\t<div class=\"elementor-element elementor-element-7e42a0b elementor-widget elementor-widget-spacer\" data-id=\"7e42a0b\" data-element_type=\"widget\" data-widget_type=\"spacer.default\">\n\t\t\t\t<div class=\"elementor-widget-container\">\n\t\t\t\t\t\t\t<div class=\"elementor-spacer\">\n\t\t\t<div class=\"elementor-spacer-inner\"><\/div>\n\t\t<\/div>\n\t\t\t\t\t\t<\/div>\n\t\t\t\t<\/div>\n\t\t\t\t<div class=\"elementor-element elementor-element-04ae3f9 elementor-button-info elementor-align-center elementor-widget elementor-widget-button\" data-id=\"04ae3f9\" data-element_type=\"widget\" data-widget_type=\"button.default\">\n\t\t\t\t<div class=\"elementor-widget-container\">\n\t\t\t\t\t\t\t\t\t<div class=\"elementor-button-wrapper\">\n\t\t\t\t\t<a class=\"elementor-button elementor-button-link elementor-size-md\" href=\"https:\/\/cemlight.com\/wp-content\/uploads\/2021\/02\/logolar.pdf\">\n\t\t\t\t\t\t<span class=\"elementor-button-content-wrapper\">\n\t\t\t\t\t\t<span class=\"elementor-button-icon\">\n\t\t\t\t<i aria-hidden=\"true\" class=\"far fa-arrow-alt-circle-down\"><\/i>\t\t\t<\/span>\n\t\t\t\t\t\t\t\t\t<span class=\"elementor-button-text\">Logolar\u0131 \u0130ndir<\/span>\n\t\t\t\t\t<\/span>\n\t\t\t\t\t<\/a>\n\t\t\t\t<\/div>\n\t\t\t\t\t\t\t\t<\/div>\n\t\t\t\t<\/div>\n\t\t\t\t\t<\/div>\n\t\t<\/div>\n\t\t\t\t\t<\/div>\n\t\t<\/section>\n\t\t\t\t\t<\/div>\n\t\t<\/div>\n\t\t\t\t\t<\/div>\n\t\t<\/section>\n\t\t\t\t<\/div>\n\t\t","protected":false},"excerpt":{"rendered":"<p>You are here: Home Sayfa \u0130ND\u0130R\u0130LENLER Logolar\u0131 \u0130ndir<\/p>\n","protected":false},"author":1,"featured_media":0,"parent":0,"menu_order":4,"comment_status":"closed","ping_status":"closed","template":"","meta":{"inline_featured_image":false,"footnotes":""},"class_list":["post-2271","page","type-page","status-publish","hentry"],"aioseo_notices":[],"_links":{"self":[{"href":"https:\/\/cemlight.com\/tr\/wp-json\/wp\/v2\/pages\/2271","targetHints":{"allow":["GET"]}}],"collection":[{"href":"https:\/\/cemlight.com\/tr\/wp-json\/wp\/v2\/pages"}],"about":[{"href":"https:\/\/cemlight.com\/tr\/wp-json\/wp\/v2\/types\/page"}],"author":[{"embeddable":true,"href":"https:\/\/cemlight.com\/tr\/wp-json\/wp\/v2\/users\/1"}],"replies":[{"embeddable":true,"href":"https:\/\/cemlight.com\/tr\/wp-json\/wp\/v2\/comments?post=2271"}],"version-history":[{"count":8,"href":"https:\/\/cemlight.com\/tr\/wp-json\/wp\/v2\/pages\/2271\/revisions"}],"predecessor-version":[{"id":10289,"href":"https:\/\/cemlight.com\/tr\/wp-json\/wp\/v2\/pages\/2271\/revisions\/10289"}],"wp:attachment":[{"href":"https:\/\/cemlight.com\/tr\/wp-json\/wp\/v2\/media?parent=2271"}],"curies":[{"name":"wp","href":"https:\/\/api.w.org\/{rel}","templated":true}]}}