{"id":2656,"date":"2020-08-26T16:53:18","date_gmt":"2020-08-26T13:53:18","guid":{"rendered":"https:\/\/cemlight.com\/tr\/?page_id=2656"},"modified":"2021-07-12T13:20:23","modified_gmt":"2021-07-12T10:20:23","slug":"protection-of-personal-data","status":"publish","type":"page","link":"https:\/\/cemlight.com\/tr\/kisisel-verilerin-korunmasi\/","title":{"rendered":"Ki\u015fisel Verilerin Korunmas\u0131"},"content":{"rendered":"\t\t<div data-elementor-type=\"wp-page\" data-elementor-id=\"2656\" class=\"elementor elementor-2656\" data-elementor-post-type=\"page\">\n\t\t\t\t\t\t<section class=\"elementor-section elementor-top-section elementor-element elementor-element-a0548de elementor-section-full_width elementor-section-stretched elementor-section-height-default elementor-section-height-default\" data-id=\"a0548de\" data-element_type=\"section\" data-settings=\"{&quot;stretch_section&quot;:&quot;section-stretched&quot;}\">\n\t\t\t\t\t\t<div class=\"elementor-container elementor-column-gap-no\">\n\t\t\t\t\t<div class=\"elementor-column elementor-col-100 elementor-top-column elementor-element elementor-element-641bcd6\" data-id=\"641bcd6\" data-element_type=\"column\">\n\t\t\t<div class=\"elementor-widget-wrap elementor-element-populated\">\n\t\t\t\t\t\t<section class=\"elementor-section elementor-inner-section elementor-element elementor-element-3b8da5f elementor-section-boxed elementor-section-height-default elementor-section-height-default\" data-id=\"3b8da5f\" data-element_type=\"section\">\n\t\t\t\t\t\t<div class=\"elementor-container elementor-column-gap-no\">\n\t\t\t\t\t<div class=\"elementor-column elementor-col-100 elementor-inner-column elementor-element elementor-element-6cc7d46\" data-id=\"6cc7d46\" data-element_type=\"column\">\n\t\t\t<div class=\"elementor-widget-wrap elementor-element-populated\">\n\t\t\t\t\t\t<div class=\"elementor-element elementor-element-dd0f7d1 elementor-widget elementor-widget-spacer\" data-id=\"dd0f7d1\" data-element_type=\"widget\" data-widget_type=\"spacer.default\">\n\t\t\t\t<div class=\"elementor-widget-container\">\n\t\t\t\t\t\t\t<div class=\"elementor-spacer\">\n\t\t\t<div class=\"elementor-spacer-inner\"><\/div>\n\t\t<\/div>\n\t\t\t\t\t\t<\/div>\n\t\t\t\t<\/div>\n\t\t\t\t<div class=\"elementor-element elementor-element-9447824 split-breadcrumbs-y elementor-widget elementor-widget-the7-breadcrumb\" data-id=\"9447824\" data-element_type=\"widget\" data-widget_type=\"the7-breadcrumb.default\">\n\t\t\t\t<div class=\"elementor-widget-container\">\n\t\t\t\t\t<div class=\"assistive-text\">You are here:<\/div><ol class=\"breadcrumbs text-small rcrumbs\" itemscope itemtype=\"https:\/\/schema.org\/BreadcrumbList\"><li itemprop=\"itemListElement\" itemscope itemtype=\"https:\/\/schema.org\/ListItem\"><a itemprop=\"item\" href=\"https:\/\/cemlight.com\/tr\/\" title=\"Home\"><span itemprop=\"name\">Home<\/span><\/a><meta itemprop=\"position\" content=\"1\" \/><\/li><li class=\"current\" itemprop=\"itemListElement\" itemscope itemtype=\"https:\/\/schema.org\/ListItem\"><span itemprop=\"name\">Sayfa<\/span><meta itemprop=\"position\" content=\"2\" \/><\/li><\/ol>\t\t\t\t<\/div>\n\t\t\t\t<\/div>\n\t\t\t\t<div class=\"elementor-element elementor-element-334788f elementor-widget elementor-widget-spacer\" data-id=\"334788f\" data-element_type=\"widget\" data-widget_type=\"spacer.default\">\n\t\t\t\t<div class=\"elementor-widget-container\">\n\t\t\t\t\t\t\t<div class=\"elementor-spacer\">\n\t\t\t<div class=\"elementor-spacer-inner\"><\/div>\n\t\t<\/div>\n\t\t\t\t\t\t<\/div>\n\t\t\t\t<\/div>\n\t\t\t\t<div class=\"elementor-element elementor-element-ae65041 elementor-widget elementor-widget-text-editor\" data-id=\"ae65041\" data-element_type=\"widget\" data-widget_type=\"text-editor.default\">\n\t\t\t\t<div class=\"elementor-widget-container\">\n\t\t\t\t\t\t\t\t\t<p>Ki\u015fisel Verilerin Korunmas\u0131<\/p>\t\t\t\t\t\t\t\t<\/div>\n\t\t\t\t<\/div>\n\t\t\t\t<div class=\"elementor-element elementor-element-fa485c4 elementor-widget elementor-widget-spacer\" data-id=\"fa485c4\" data-element_type=\"widget\" data-widget_type=\"spacer.default\">\n\t\t\t\t<div class=\"elementor-widget-container\">\n\t\t\t\t\t\t\t<div class=\"elementor-spacer\">\n\t\t\t<div class=\"elementor-spacer-inner\"><\/div>\n\t\t<\/div>\n\t\t\t\t\t\t<\/div>\n\t\t\t\t<\/div>\n\t\t\t\t\t<\/div>\n\t\t<\/div>\n\t\t\t\t\t<\/div>\n\t\t<\/section>\n\t\t\t\t<div class=\"elementor-element elementor-element-6e0310e elementor-widget elementor-widget-image\" data-id=\"6e0310e\" data-element_type=\"widget\" data-widget_type=\"image.default\">\n\t\t\t\t<div class=\"elementor-widget-container\">\n\t\t\t\t\t\t\t\t\t\t\t\t\t\t\t<img decoding=\"async\" width=\"1920\" height=\"15\" src=\"https:\/\/cemlight.com\/tr\/wp-content\/uploads\/2020\/07\/Untitled-1-1.jpg\" class=\"attachment-full size-full wp-image-2835\" alt=\"\" srcset=\"https:\/\/cemlight.com\/tr\/wp-content\/uploads\/2020\/07\/Untitled-1-1.jpg 1920w, https:\/\/cemlight.com\/tr\/wp-content\/uploads\/2020\/07\/Untitled-1-1-300x2.jpg 300w, https:\/\/cemlight.com\/tr\/wp-content\/uploads\/2020\/07\/Untitled-1-1-1024x8.jpg 1024w, https:\/\/cemlight.com\/tr\/wp-content\/uploads\/2020\/07\/Untitled-1-1-768x6.jpg 768w, https:\/\/cemlight.com\/tr\/wp-content\/uploads\/2020\/07\/Untitled-1-1-1536x12.jpg 1536w\" sizes=\"(max-width: 1920px) 100vw, 1920px\" \/>\t\t\t\t\t\t\t\t\t\t\t\t\t\t\t<\/div>\n\t\t\t\t<\/div>\n\t\t\t\t\t<\/div>\n\t\t<\/div>\n\t\t\t\t\t<\/div>\n\t\t<\/section>\n\t\t\t\t<section class=\"elementor-section elementor-top-section elementor-element elementor-element-440e6bf elementor-section-boxed elementor-section-height-default elementor-section-height-default\" data-id=\"440e6bf\" data-element_type=\"section\">\n\t\t\t\t\t\t<div class=\"elementor-container elementor-column-gap-default\">\n\t\t\t\t\t<div class=\"elementor-column elementor-col-100 elementor-top-column elementor-element elementor-element-0d9165f\" data-id=\"0d9165f\" data-element_type=\"column\">\n\t\t\t<div class=\"elementor-widget-wrap elementor-element-populated\">\n\t\t\t\t\t\t<div class=\"elementor-element elementor-element-0e26996 elementor-widget elementor-widget-text-editor\" data-id=\"0e26996\" data-element_type=\"widget\" data-widget_type=\"text-editor.default\">\n\t\t\t\t<div class=\"elementor-widget-container\">\n\t\t\t\t\t\t\t\t\t<p><strong>\u0130NTERNET S\u0130TES\u0130 Z\u0130YARET\u00c7\u0130LER\u0130 \u0130\u00c7\u0130N<\/strong><\/p>\n<p><strong>G\u0130ZL\u0130L\u0130K VE K\u0130\u015e\u0130SEL VER\u0130LER\u0130N KORUNMASI HAKKINDA B\u0130LG\u0130LEND\u0130RME<\/strong><\/p>\n<p>Cemda\u011f Ayd\u0131nlatma San. Tic. A.\u015e. (Cemda\u011f) ba\u015fta Anayasa\u2019n\u0131n 20. maddesinde d\u00fczenlenen \u00f6zel hayat\u0131n gizlili\u011fi olmak \u00fczere ki\u015filerin temel hak ve \u00f6zg\u00fcrl\u00fcklerini korumaya azami \u00f6nem atfetmektedir. Bu \u00e7er\u00e7evede, ki\u015fisel verilerin hukuka uygun olarak korunmas\u0131 ve i\u015flenmesine \u00f6zen g\u00f6stermekte, t\u00fcm planlama ve faaliyetlerinde bu anlay\u0131\u015fla hareket etmektedir.<\/p>\n<p>Cemda\u011f, \u00f6zel hayat\u0131n gizlili\u011finin temeli olan ki\u015fisel verilerin korunmas\u0131 ve hukuka uygun olarak i\u015flenmesini sadece mevzuata uyum sa\u011flama kapsam\u0131nda de\u011ferlendirmemekte, yakla\u015f\u0131m\u0131n\u0131n temeline insana verdi\u011fi de\u011feri koymaktad\u0131r. Bu bilin\u00e7le hareket eden Cemda\u011f, ki\u015fisel verilerin g\u00fcvenli bir \u015fekilde saklanmas\u0131 ile hukuka ayk\u0131r\u0131 olarak i\u015flenmesinin \u00f6nlenmesi i\u00e7in gerekli her t\u00fcrl\u00fc idari ve teknik \u00f6nlemi almaktad\u0131r.<\/p>\n<p>Bu \u00e7er\u00e7evede, 6698 say\u0131l\u0131 Ki\u015fisel Verilerin Korunmas\u0131 Kanunu\u2019na uygun olarak \u201c<a href=\"http:\/\/www.cemlight.com\/tr\/\">http:\/\/www.cemlight.com\/tr\/<\/a>\u201cinternet sitesinin kullan\u0131m\u0131 esnas\u0131nda \u00fcretilen veya payla\u015f\u0131lan ki\u015fisel verilerin i\u015flenme ve aktar\u0131lma ko\u015fullar\u0131 hakk\u0131ndaki bilgiler a\u015fa\u011f\u0131da sunulmaktad\u0131r.<\/p>\n<h6>1.\u00a0\u00a0\u00a0 Tan\u0131mlar<\/h6>\n<p><strong><em>\u0130nternet Sitesi:<\/em><\/strong> \u201cwww.cemlight.com\u201d adresinde bulunan internet sitesidir.<\/p>\n<p><strong><em>Kanun: <\/em><\/strong>6698 say\u0131l\u0131 Ki\u015fisel Verilerin Korunmas\u0131 Kanunu\u2019dur.<\/p>\n<p><em><strong>Ki\u015fisel Veri<\/strong><\/em><strong>:<\/strong> Kimli\u011fi belirli veya belirlenebilir ger\u00e7ek ki\u015fiye ili\u015fkin her t\u00fcrl\u00fc bilgidir.<\/p>\n<p><strong><em>\u00c7evrimi\u00e7i Ziyaret\u00e7i\/\u0130lgili Ki\u015fi:<\/em><\/strong> \u0130nternet Sitesi\u2019ne eri\u015fen t\u00fcm ki\u015filerdir. \u0130lgili \u015firket politikalar\u0131nda Ziyaret\u00e7i ki\u015fi grubu kapsam\u0131nda yer almaktad\u0131r.<\/p>\n<p><strong><em>Kurul:<\/em><\/strong> Ki\u015fisel Verileri Koruma Kurulu\u2019dur.<\/p>\n<p><strong><em>\u015eirket: Cemda\u011f Ayd\u0131nlatma San. Tic. A.\u015e.<\/em><\/strong>\u2019dir.<\/p>\n<p><strong><em>Yer sa\u011flay\u0131c\u0131: <\/em><\/strong>\u0130nternet ortam\u0131nda hizmet ve i\u00e7erikleri bar\u0131nd\u0131ran sistemleri sa\u011flayan veya i\u015fleten ger\u00e7ek veya t\u00fczel ki\u015fileri ifade eder.<\/p>\n<h5>2.\u00a0\u00a0\u00a0 \u0130\u015flenen Ki\u015fisel Veriler<\/h5>\n<p>\u00c7evrimi\u00e7i Ziyaret\u00e7i\u2019nin, \u0130nternet Sitesi\u2019ne eri\u015fimine ve \u0130nternet Sitesi\u2019nde yapt\u0131\u011f\u0131 i\u015flemlere ba\u011fl\u0131 olarak i\u015flenen ki\u015fisel verileri a\u015fa\u011f\u0131da sunulmaktad\u0131r:<\/p>\n<p>\u0130nternet Sitesi\u2019ni ziyaret eden \u00c7evrimi\u00e7i Ziyaret\u00e7iler i\u00e7in,<\/p>\n<p>&#8211; \u0130\u015flem G\u00fcvenli\u011fi Bilgisi (IP adresi, site trafik bilgisi vb.)<\/p>\n<p>\u0130nternet Sitesi\u2019ndeki formlar\u0131 dolduran \u00c7evrimi\u00e7i Ziyaret\u00e7iler i\u00e7in,<\/p>\n<p>&#8211; Kimlik Bilgisi (ad, soyad\u0131)<\/p>\n<p>&#8211; \u0130leti\u015fim Bilgisi (e-posta adresi, telefon numaras\u0131)<\/p>\n<p>Yukar\u0131da say\u0131lanlar d\u0131\u015f\u0131nda \u0130nternet Sitesi\u2019nin i\u015fletilmesi, geli\u015ftirilmesi ve g\u00fcvenli\u011fi i\u00e7in zorunlu olabilecek ba\u015fka verilerin de Kanun\u2019a uygun olarak i\u015flenmesi m\u00fcmk\u00fcnd\u00fcr.<\/p>\n<h5>3.\u00a0\u00a0\u00a0 Ki\u015fisel Veri Toplaman\u0131n Y\u00f6ntemi ve Hukuki Sebebi<\/h5>\n<p>Ki\u015fisel veriler \u0130nternet Sitesi\u2019nin kullan\u0131lmas\u0131 ve ileti\u015fim formunun doldurulmas\u0131 suretiyle tamamen otomatik veya k\u0131smen otomatik yollarla i\u015fleme amac\u0131 i\u00e7in gerekli olan s\u00fcre kadar saklanmak \u00fczere toplan\u0131r.<\/p>\n<p>Ki\u015fisel veriler \u00c7evrimi\u00e7i Ziyaret\u00e7i\u2019nin a\u00e7\u0131k r\u0131zas\u0131na dayal\u0131 olarak i\u015flenmektedir. Bununla birlikte, ki\u015fisel veriler Kanun\u2019un 5. maddesinin 2. f\u0131kras\u0131nda yer alan (i) kanunlarda a\u00e7\u0131k\u00e7a \u00f6ng\u00f6r\u00fclmesi (ii) veri sorumlusunun hukuki y\u00fck\u00fcml\u00fcl\u00fc\u011f\u00fcn\u00fc yerine getirebilmesi i\u00e7in zorunlu olmas\u0131, (iii) bir hakk\u0131n tesisi, kullan\u0131lmas\u0131 veya korunmas\u0131 i\u00e7in veri i\u015flemenin zorunlu olmas\u0131, (iv) ki\u015fisel veri sahiplerinin temel hak ve \u00f6zg\u00fcrl\u00fcklerine zarar vermemek kayd\u0131yla veri sorumlusunun me\u015fru menfaatleri i\u00e7in veri i\u015flenmesinin zorunlu olmas\u0131, hukuki sebeplerinden birine dayal\u0131 olarak a\u00e7\u0131k r\u0131za aranmaks\u0131z\u0131n da i\u015flenebilmektedir.<\/p>\n<h5>4.\u00a0\u00a0\u00a0 Ki\u015fisel Verilerin \u0130\u015flenme Ama\u00e7lar\u0131<\/h5>\n<p>Ki\u015fisel veriler kanunlarda a\u00e7\u0131k\u00e7a \u00f6ng\u00f6r\u00fclmesi durumunda veya Kanun\u2019un 5. maddesinin 2. f\u0131kras\u0131nda belirtilen di\u011fer \u015fartlar \u00e7er\u00e7evesinde \u00c7evrimi\u00e7i Ziyaret\u00e7i\u2019nin \u0130nternet Sitesi\u2019nde yapt\u0131\u011f\u0131 i\u015flemlere ba\u011fl\u0131 olarak;<\/p>\n<ul>\n<li>\u201cKimlik ve ileti\u015fim bilgileri\u201d ileti\u015fim formunun doldurulmas\u0131 halinde i\u015f faaliyetlerinin y\u00fcr\u00fct\u00fclmesi\/denetimi, m\u00fc\u015fteri ili\u015fkileri y\u00f6netimi s\u00fcre\u00e7lerinin y\u00fcr\u00fct\u00fclmesi, talep\/\u015fikayetlerin takibi ve bu kapsamda ileti\u015fim faaliyetlerinin y\u00fcr\u00fct\u00fclmesi amac\u0131yla,<\/li>\n<li>\u201cSite trafik bilgileri\u201d bilgi g\u00fcvenli\u011fi s\u00fcre\u00e7lerinin y\u00fcr\u00fct\u00fclmesi amac\u0131yla i\u015flenir. \u00d6te yandan 5651 Say\u0131l\u0131 Kanun ve sair mevzuat uyar\u0131nca Yer Sa\u011flay\u0131c\u0131\u2019n\u0131n site trafik bilgilerini kay\u0131t ve saklama y\u00fck\u00fcml\u00fcl\u00fc\u011f\u00fc bulunmaktad\u0131r.<\/li>\n<\/ul>\n<p>Ki\u015fisel verilerin ticari elektronik ileti g\u00f6nderilmesi amac\u0131yla i\u015flenmesi \u00c7evrimi\u00e7i Ziyaret\u00e7i\u2019nin a\u00e7\u0131k r\u0131zas\u0131na tabidir.<\/p>\n<p>\u0130nternet Sitesi\u2019nde \u00fc\u00e7\u00fcnc\u00fc parti \u00e7erezler kullan\u0131lmamaktad\u0131r. Bununla birlikte, yaln\u0131zca sitenin i\u015fletilmesi ve g\u00fcvenli\u011fi i\u00e7in zorunlu olan \u00e7erezler kullan\u0131labilmektedir. \u00c7evrimi\u00e7i Ziyaret\u00e7i, taray\u0131c\u0131 ayarlar\u0131n\u0131 de\u011fi\u015ftirerek \u00e7erezleri kabul etmeyebilir veya kendisine uyar\u0131 verilmesini sa\u011flayabilir. \u00c7erezlerin kullan\u0131m\u0131n\u0131 durduruldu\u011funda \u0130nternet Sitesi\u2019nin belirli fonksiyonlar\u0131 d\u00fczg\u00fcn \u00e7al\u0131\u015fmayabilir.<\/p>\n<p>A\u015fa\u011f\u0131daki ba\u011flant\u0131larda yayg\u0131n kullan\u0131lan baz\u0131 taray\u0131c\u0131larda \u00e7erezlerin nas\u0131l y\u00f6netilece\u011fini (ve devre d\u0131\u015f\u0131 b\u0131rak\u0131laca\u011f\u0131) hakk\u0131nda bilgi bulunmaktad\u0131r:<\/p>\n<p>Chrome Taray\u0131c\u0131: <a href=\"https:\/\/support.google.com\/accounts\/answer\/61416?hl=tr\">https:\/\/support.google.com\/accounts\/answer\/61416?hl=tr<\/a><\/p>\n<p>Internet Explorer: <a href=\"https:\/\/support.microsoft.com\/tr-tr\/help\/17442\/windows-internet-explorer-delete-manage-cookies\">https:\/\/support.microsoft.com\/tr-tr\/help\/17442\/windows-internet-explorer-delete-manage-cookies<\/a><\/p>\n<p>Mozilla Firefox: <a href=\"https:\/\/support.mozilla.org\/tr\/products\/firefox\/protect-your-privacy\/cookies\">https:\/\/support.mozilla.org\/tr\/products\/firefox\/protect-your-privacy\/cookies<\/a><\/p>\n<p>Safari: <a href=\"https:\/\/support.apple.com\/tr-tr\/guide\/safari\/manage-cookies-and-website-data-sfri11471\/mac\">https:\/\/support.apple.com\/tr-tr\/guide\/safari\/manage-cookies-and-website-data-sfri11471\/mac<\/a><\/p>\n<h5>5.\u00a0\u00a0\u00a0 \u0130\u015flenen Ki\u015fisel Verilerin Kimlere ve Hangi Ama\u00e7la Aktar\u0131labilece\u011fi<\/h5>\n<p>Ki\u015fisel veriler, Kanun\u2019un 5. maddesinin 2. f\u0131kras\u0131nda yer alan \u015fartlardan birinin bulunmas\u0131 halinde i\u015fbu metnin d\u00f6rd\u00fcnc\u00fc maddesinde belirtilen ama\u00e7larla s\u0131n\u0131rl\u0131 olarak Cemda\u011f\u2019\u0131n grup \u015firketlerine, ba\u011fl\u0131 ortakl\u0131klar\u0131na, i\u015ftiraklerine, i\u015f ortaklar\u0131na ve yetkili kamu kurum ve kurulu\u015flar\u0131na Kanun\u2019un 8. ve 9. maddelerinde belirtilen \u015fartlar \u00e7er\u00e7evesinde gerekli g\u00fcvenlik \u00f6nlemleri al\u0131nmak kayd\u0131yla aktar\u0131labilir.<\/p>\n<p>Kanun\u2019un 5. maddesinin 2. f\u0131kras\u0131nda yer alan \u015fartlardan birinin bulunmamas\u0131 halinde Ki\u015fisel Verilerin aktar\u0131m\u0131 \u00c7evrimi\u00e7i Ziyaret\u00e7i\u2019nin a\u00e7\u0131k r\u0131zas\u0131na tabidir.<\/p>\n<h5>6.\u00a0\u00a0\u00a0 Kanun\u2019un 11. Maddesi Uyar\u0131nca Ki\u015fisel Veri Sahibinin Haklar\u0131<\/h5>\n<p>Cemda\u011f, Kanun\u2019un 10. Maddesi ve GDPR b\u00f6l\u00fcm 3 uyar\u0131nca veri sahibine haklar\u0131n\u0131 bildirmekte; s\u00f6z konusu haklar\u0131n nas\u0131l kullan\u0131laca\u011f\u0131na dair yol g\u00f6stermekte ve t\u00fcm bunlar i\u00e7in gerekli i\u00e7 i\u015fleyi\u015fi, idari ve teknik d\u00fczenlemeleri ger\u00e7ekle\u015ftirmektedir.<\/p>\n<p>Kanun\u2019un 11. maddesi uyar\u0131nca ki\u015fisel veri sahipleri;<\/p>\n<ul>\n<li>Ki\u015fisel verilerinin i\u015flenip i\u015flenmedi\u011fini \u00f6\u011frenme,<\/li>\n<li>Ki\u015fisel verileri i\u015flenmi\u015fse buna ili\u015fkin bilgi talep etme,<\/li>\n<li>Ki\u015fisel verilerinin i\u015flenme amac\u0131n\u0131 ve bunlar\u0131n amac\u0131na uygun kullan\u0131l\u0131p kullan\u0131lmad\u0131\u011f\u0131n\u0131 \u00f6\u011frenme,<\/li>\n<li>Yurt i\u00e7inde veya yurt d\u0131\u015f\u0131nda ki\u015fisel verilerinin aktar\u0131ld\u0131\u011f\u0131 \u00fc\u00e7\u00fcnc\u00fc ki\u015fileri bilme,<\/li>\n<li>Ki\u015fisel verilerinin eksik veya yanl\u0131\u015f i\u015flenmi\u015f olmas\u0131 halinde bunlar\u0131n d\u00fczeltilmesini isteme<\/li>\n<li>Kanun\u2019un 7.maddesinde \u00f6ng\u00f6r\u00fclen \u015fartlar \u00e7er\u00e7evesinde ki\u015fisel verilerinin silinmesini veya yok edilmesini isteme,<\/li>\n<li>Kanun\u2019un 11. maddesinin (d) ve (e) bentleri uyar\u0131nca yap\u0131lan i\u015flemlerin (verilerin d\u00fczeltilmesi ve imha edilmesi i\u015flemlerinin) ki\u015fisel verilerinin aktar\u0131ld\u0131\u011f\u0131 \u00fc\u00e7\u00fcnc\u00fc ki\u015filere bildirilmesini isteme,<\/li>\n<li>\u0130\u015flenen verilerinin m\u00fcnhas\u0131ran otomatik sistemler vas\u0131tas\u0131yla analiz edilmesi suretiyle aleyhine bir sonucun ortaya \u00e7\u0131kmas\u0131na itiraz etme,<\/li>\n<li>Ki\u015fisel verilerinin kanuna ayk\u0131r\u0131 olarak i\u015flenmesi sebebiyle zarara u\u011framas\u0131 halinde zarar\u0131n giderilmesini talep etme,<\/li>\n<\/ul>\n<p>haklar\u0131na sahiptir.<\/p>\n<p>Kanun\u2019un uygulanmas\u0131yla ilgili talepler ve ba\u015fvurular<\/p>\n<p><a href=\"https:\/\/cemlight.com\/tr\/wp-content\/uploads\/2021\/07\/B12_Cemdag_Kisisel-Veri-Sahibi-Basvuru-Formu.docx\" target=\"_blank\" rel=\"noopener\"><strong>Ki\u015fisel Veri Sahibi Ba\u015fvuru Formu<\/strong><\/a><\/p>\n<p>\u00a0doldurularak \u201c<em>Atat\u00fcrk OSB Mahallesi 10007 Sokak No:4 \u00c7i\u011fli\/\u0130ZM\u0130R\u201d <\/em>adresine yaz\u0131l\u0131 olarak bizzat tevdi edilebilir veya Noter kanal\u0131yla g\u00f6nderilebilir ya da kay\u0131tl\u0131 elektronik posta (KEP) adresi (cemdag@hs02.kep.tr), g\u00fcvenli elektronik imza veya mobil imza kullanmak suretiyle elektronik ortamda iletilebilir.<\/p>\n<p>Talepler ve ba\u015fvurular veri sahibi taraf\u0131ndan Cemda\u011f\u2019a daha \u00f6nce bildirilen ve Cemda\u011f\u2019\u0131n sisteminde kay\u0131tl\u0131 bulunan bir elektronik posta adresi varsa <em>cemdagkvk@cemdag.com<\/em> adresine de iletilebilir.<\/p>\n<p>Talep ve ba\u015fvurularda;<\/p>\n<ul>\n<li>Ad,\u00a0soyad\u0131\u00a0ve ba\u015fvuru yaz\u0131l\u0131 ise imza,<\/li>\n<li>T\u00fcrkiye Cumhuriyeti vatanda\u015flar\u0131 i\u00e7in T.C. kimlik numaras\u0131, yabanc\u0131lar i\u00e7in uyru\u011fu, pasaport numaras\u0131 veya varsa kimlik numaras\u0131,<\/li>\n<li>Tebligata esas yerle\u015fim yeri veya i\u015f yeri adresi,<\/li>\n<li>Varsa bildirime esas elektronik posta adresi, telefon ve faks numaras\u0131,<\/li>\n<li>Talep konusu,<\/li>\n<\/ul>\n<p>bulunmas\u0131\u00a0zorunludur.<\/p>\n<p>Konuya ili\u015fkin bilgi ve belgelerin ba\u015fvuruya eklenmesi gerekmektedir.<\/p>\n<p>Cemda\u011f ba\u015fvuruda yer alan talepleri, talebin niteli\u011fine g\u00f6re en k\u0131sa s\u00fcrede ve en ge\u00e7 otuz g\u00fcn i\u00e7inde \u00fccretsiz olarak sonu\u00e7land\u0131r\u0131r. Ancak s\u00f6z konusu i\u015flemin ayr\u0131ca bir maliyeti gerektirmesi h\u00e2linde, Kurulca belirlenen tarifedeki \u00fccret al\u0131nabilir.<\/p>\n<p>Cemda\u011f talebi kabul edebilece\u011fi gibi gerek\u00e7esini a\u00e7\u0131klayarak reddedebilir ve yan\u0131t\u0131n\u0131 \u0130lgili Ki\u015fiye yaz\u0131l\u0131 olarak veya elektronik ortamda bildirir. Ba\u015fvuruda yer alan talebin kabul edilmesi h\u00e2linde Cemda\u011f gere\u011fini en k\u0131sa s\u00fcrede yerine getirir ve \u0130lgili Ki\u015fiyi bilgilendirir. Ba\u015fvurunun Cemda\u011f\u2019\u0131n hatas\u0131ndan kaynaklanmas\u0131 h\u00e2linde al\u0131nan \u00fccret veri sahibine iade edilir.<\/p>\n<p>Ba\u015fvurunun reddedilmesi, verilen yan\u0131t\u0131n yetersiz bulunmas\u0131 veya s\u00fcresinde ba\u015fvuruya yan\u0131t verilmemesi h\u00e2llerinde; veri sahibi, yan\u0131t\u0131 \u00f6\u011frendi\u011fi tarihten itibaren otuz ve her h\u00e2lde ba\u015fvuru tarihinden itibaren altm\u0131\u015f g\u00fcn i\u00e7inde Kurula \u015fik\u00e2yette bulunma hakk\u0131na sahiptir.<\/p>\n<h5>7.\u00a0\u00a0\u00a0 Verilerin G\u00fcvenli\u011fi<\/h5>\n<p>Cemda\u011f ki\u015fisel verilerin hukuka ayk\u0131r\u0131 olarak i\u015flenmesini ve ki\u015fisel verilere hukuka ayk\u0131r\u0131 olarak eri\u015filmesini \u00f6nlemek, ki\u015fisel verilerin muhafazas\u0131n\u0131 sa\u011flamak, uygun g\u00fcvenlik d\u00fczeyini temin etmeye y\u00f6nelik gerekli her t\u00fcrl\u00fc idari ve teknik tedbirleri almak durumundad\u0131r.<\/p>\n<p>\u0130nternet sitesi \u00fczerinden ba\u015fka sitelere veya uygulamalara y\u00f6nlendirme yap\u0131lmas\u0131 durumunda Cemda\u011f, y\u00f6nlendirilen sitelerin ve uygulamalar\u0131n ki\u015fisel verilerin korunmas\u0131na y\u00f6nelik mevzuata uygunlu\u011funa ili\u015fkin bilgi sahibi de\u011fildir ve gizlilik politikalar\u0131 ile i\u00e7eriklerine ili\u015fkin bir sorumluluk alt\u0131nda bulunmamaktad\u0131r.<\/p>\n<p>\u00c7evrimi\u00e7i Ziyaret\u00e7i, \u0130nternet Sitesi\u2019ni kullanarak i\u015fbu bilgilendirme metninde yaz\u0131l\u0131 t\u00fcm \u015fartlar\u0131 okudu\u011funu ve ki\u015fisel verilerinin i\u015flenmesi hakk\u0131nda ayd\u0131nlat\u0131lm\u0131\u015f oldu\u011funu beyan eder.<\/p>\n<p>EK: <a href=\"https:\/\/cemlight.com\/tr\/wp-content\/uploads\/2021\/07\/B05_Cemdag_Kisisel-Verilerin-Korunmasi-ve-Islenmesi-Politikasi.docx\" target=\"_blank\" rel=\"noopener\">Ki\u015fisel Verilerin Korunmas\u0131 ve \u0130\u015flenmesi Politikas\u0131<\/a><\/p>\t\t\t\t\t\t\t\t<\/div>\n\t\t\t\t<\/div>\n\t\t\t\t\t<\/div>\n\t\t<\/div>\n\t\t\t\t\t<\/div>\n\t\t<\/section>\n\t\t\t\t<\/div>\n\t\t","protected":false},"excerpt":{"rendered":"<p>You are here: Home Sayfa Ki\u015fisel Verilerin Korunmas\u0131 \u0130NTERNET S\u0130TES\u0130 Z\u0130YARET\u00c7\u0130LER\u0130 \u0130\u00c7\u0130N G\u0130ZL\u0130L\u0130K VE K\u0130\u015e\u0130SEL VER\u0130LER\u0130N KORUNMASI HAKKINDA B\u0130LG\u0130LEND\u0130RME Cemda\u011f Ayd\u0131nlatma San. Tic. A.\u015e. (Cemda\u011f) ba\u015fta Anayasa\u2019n\u0131n 20. maddesinde d\u00fczenlenen \u00f6zel hayat\u0131n gizlili\u011fi olmak \u00fczere ki\u015filerin temel hak ve \u00f6zg\u00fcrl\u00fcklerini korumaya azami \u00f6nem atfetmektedir. Bu \u00e7er\u00e7evede, ki\u015fisel verilerin hukuka uygun olarak korunmas\u0131 ve i\u015flenmesine \u00f6zen&hellip;<\/p>\n","protected":false},"author":1,"featured_media":0,"parent":0,"menu_order":9,"comment_status":"closed","ping_status":"closed","template":"","meta":{"inline_featured_image":false,"footnotes":""},"class_list":["post-2656","page","type-page","status-publish","hentry"],"aioseo_notices":[],"_links":{"self":[{"href":"https:\/\/cemlight.com\/tr\/wp-json\/wp\/v2\/pages\/2656","targetHints":{"allow":["GET"]}}],"collection":[{"href":"https:\/\/cemlight.com\/tr\/wp-json\/wp\/v2\/pages"}],"about":[{"href":"https:\/\/cemlight.com\/tr\/wp-json\/wp\/v2\/types\/page"}],"author":[{"embeddable":true,"href":"https:\/\/cemlight.com\/tr\/wp-json\/wp\/v2\/users\/1"}],"replies":[{"embeddable":true,"href":"https:\/\/cemlight.com\/tr\/wp-json\/wp\/v2\/comments?post=2656"}],"version-history":[{"count":51,"href":"https:\/\/cemlight.com\/tr\/wp-json\/wp\/v2\/pages\/2656\/revisions"}],"predecessor-version":[{"id":9022,"href":"https:\/\/cemlight.com\/tr\/wp-json\/wp\/v2\/pages\/2656\/revisions\/9022"}],"wp:attachment":[{"href":"https:\/\/cemlight.com\/tr\/wp-json\/wp\/v2\/media?parent=2656"}],"curies":[{"name":"wp","href":"https:\/\/api.w.org\/{rel}","templated":true}]}}