{"id":2693,"date":"2020-09-03T11:59:07","date_gmt":"2020-09-03T08:59:07","guid":{"rendered":"https:\/\/cemlight.com\/tr\/?page_id=2693"},"modified":"2021-07-12T14:15:10","modified_gmt":"2021-07-12T11:15:10","slug":"offer-request-form","status":"publish","type":"page","link":"https:\/\/cemlight.com\/tr\/teklif-talep-formu\/","title":{"rendered":"Teklif Talep Formu"},"content":{"rendered":"\t\t<div data-elementor-type=\"wp-page\" data-elementor-id=\"2693\" class=\"elementor elementor-2693\" data-elementor-post-type=\"page\">\n\t\t\t\t\t\t<section class=\"elementor-section elementor-top-section elementor-element elementor-element-82d351b elementor-section-full_width elementor-section-stretched elementor-section-height-default elementor-section-height-default\" data-id=\"82d351b\" data-element_type=\"section\" data-settings=\"{&quot;stretch_section&quot;:&quot;section-stretched&quot;}\">\n\t\t\t\t\t\t<div class=\"elementor-container elementor-column-gap-default\">\n\t\t\t\t\t<div class=\"elementor-column elementor-col-100 elementor-top-column elementor-element elementor-element-c8f45e4\" data-id=\"c8f45e4\" data-element_type=\"column\">\n\t\t\t<div class=\"elementor-widget-wrap elementor-element-populated\">\n\t\t\t\t\t\t<section class=\"elementor-section elementor-inner-section elementor-element elementor-element-d390ad3 elementor-section-boxed elementor-section-height-default elementor-section-height-default\" data-id=\"d390ad3\" data-element_type=\"section\">\n\t\t\t\t\t\t<div class=\"elementor-container elementor-column-gap-default\">\n\t\t\t\t\t<div class=\"elementor-column elementor-col-50 elementor-inner-column elementor-element elementor-element-a173077\" data-id=\"a173077\" data-element_type=\"column\">\n\t\t\t<div class=\"elementor-widget-wrap elementor-element-populated\">\n\t\t\t\t\t\t<div class=\"elementor-element elementor-element-66cb0a2 split-breadcrumbs-y elementor-widget elementor-widget-the7-breadcrumb\" data-id=\"66cb0a2\" data-element_type=\"widget\" data-widget_type=\"the7-breadcrumb.default\">\n\t\t\t\t<div class=\"elementor-widget-container\">\n\t\t\t\t\t<div class=\"assistive-text\">You are here:<\/div><ol class=\"breadcrumbs text-small rcrumbs\" itemscope itemtype=\"https:\/\/schema.org\/BreadcrumbList\"><li itemprop=\"itemListElement\" itemscope itemtype=\"https:\/\/schema.org\/ListItem\"><a itemprop=\"item\" href=\"https:\/\/cemlight.com\/tr\/\" title=\"Home\"><span itemprop=\"name\">Home<\/span><\/a><meta itemprop=\"position\" content=\"1\" \/><\/li><li class=\"current\" itemprop=\"itemListElement\" itemscope itemtype=\"https:\/\/schema.org\/ListItem\"><span itemprop=\"name\">Sayfa<\/span><meta itemprop=\"position\" content=\"2\" \/><\/li><\/ol>\t\t\t\t<\/div>\n\t\t\t\t<\/div>\n\t\t\t\t<div class=\"elementor-element elementor-element-485a491 elementor-widget elementor-widget-spacer\" data-id=\"485a491\" data-element_type=\"widget\" data-widget_type=\"spacer.default\">\n\t\t\t\t<div class=\"elementor-widget-container\">\n\t\t\t\t\t\t\t<div class=\"elementor-spacer\">\n\t\t\t<div class=\"elementor-spacer-inner\"><\/div>\n\t\t<\/div>\n\t\t\t\t\t\t<\/div>\n\t\t\t\t<\/div>\n\t\t\t\t<div class=\"elementor-element elementor-element-749f38b elementor-widget elementor-widget-text-editor\" data-id=\"749f38b\" data-element_type=\"widget\" data-widget_type=\"text-editor.default\">\n\t\t\t\t<div class=\"elementor-widget-container\">\n\t\t\t\t\t\t\t\t\t<p>TEKL\u0130F TALEP FORMU<\/p>\t\t\t\t\t\t\t\t<\/div>\n\t\t\t\t<\/div>\n\t\t\t\t<div class=\"elementor-element elementor-element-8cd52b1 elementor-widget elementor-widget-spacer\" data-id=\"8cd52b1\" data-element_type=\"widget\" data-widget_type=\"spacer.default\">\n\t\t\t\t<div class=\"elementor-widget-container\">\n\t\t\t\t\t\t\t<div class=\"elementor-spacer\">\n\t\t\t<div class=\"elementor-spacer-inner\"><\/div>\n\t\t<\/div>\n\t\t\t\t\t\t<\/div>\n\t\t\t\t<\/div>\n\t\t\t\t\t<\/div>\n\t\t<\/div>\n\t\t\t\t<div class=\"elementor-column elementor-col-50 elementor-inner-column elementor-element elementor-element-3089367\" data-id=\"3089367\" data-element_type=\"column\">\n\t\t\t<div class=\"elementor-widget-wrap\">\n\t\t\t\t\t\t\t<\/div>\n\t\t<\/div>\n\t\t\t\t\t<\/div>\n\t\t<\/section>\n\t\t\t\t<div class=\"elementor-element elementor-element-6bb9712 elementor-widget elementor-widget-image\" data-id=\"6bb9712\" data-element_type=\"widget\" data-widget_type=\"image.default\">\n\t\t\t\t<div class=\"elementor-widget-container\">\n\t\t\t\t\t\t\t\t\t\t\t\t\t\t\t<img decoding=\"async\" width=\"1920\" height=\"15\" src=\"https:\/\/cemlight.com\/tr\/wp-content\/uploads\/2020\/07\/Untitled-1-1.jpg\" class=\"attachment-full size-full wp-image-2835\" alt=\"\" srcset=\"https:\/\/cemlight.com\/tr\/wp-content\/uploads\/2020\/07\/Untitled-1-1.jpg 1920w, https:\/\/cemlight.com\/tr\/wp-content\/uploads\/2020\/07\/Untitled-1-1-300x2.jpg 300w, https:\/\/cemlight.com\/tr\/wp-content\/uploads\/2020\/07\/Untitled-1-1-1024x8.jpg 1024w, https:\/\/cemlight.com\/tr\/wp-content\/uploads\/2020\/07\/Untitled-1-1-768x6.jpg 768w, https:\/\/cemlight.com\/tr\/wp-content\/uploads\/2020\/07\/Untitled-1-1-1536x12.jpg 1536w\" sizes=\"(max-width: 1920px) 100vw, 1920px\" \/>\t\t\t\t\t\t\t\t\t\t\t\t\t\t\t<\/div>\n\t\t\t\t<\/div>\n\t\t\t\t\t<\/div>\n\t\t<\/div>\n\t\t\t\t\t<\/div>\n\t\t<\/section>\n\t\t\t\t<section class=\"elementor-section elementor-top-section elementor-element elementor-element-32da4b8 elementor-section-boxed elementor-section-height-default elementor-section-height-default\" data-id=\"32da4b8\" data-element_type=\"section\">\n\t\t\t\t\t\t<div class=\"elementor-container elementor-column-gap-default\">\n\t\t\t\t\t<div class=\"elementor-column elementor-col-100 elementor-top-column elementor-element elementor-element-f45c62d\" data-id=\"f45c62d\" data-element_type=\"column\">\n\t\t\t<div class=\"elementor-widget-wrap elementor-element-populated\">\n\t\t\t\t\t\t<div class=\"elementor-element elementor-element-7f21729a elementor-widget elementor-widget-text-editor\" data-id=\"7f21729a\" data-element_type=\"widget\" data-widget_type=\"text-editor.default\">\n\t\t\t\t<div class=\"elementor-widget-container\">\n\t\t\t\t\t\t\t\t\t<div id=\"erf_form_container_2691\" class=\"erf-container erf-contact erf-label-top erf-layout-one-column erf-style-rounded-corner\">\n<div class=\"erf-content-above\">\n                            <\/div>\n<form method=\"post\" enctype=\"multipart\/form-data\" class=\"erf-form erf-front-form\" data-parsley-validate=\"\" novalidate=\"true\" data-erf-submission-id=\"0\" data-erf-form-id=\"2691\">\n<div class=\"erf-form-html\" id=\"erf_form_2691\">\n<div class=\"rendered-form\">\n<div class=\"erf-text form-group field-field-VmDzxCHbLbL8QrA erf-element-width-12\"><label for=\"field-VmDzxCHbLbL8QrA\" class=\"erf-text-label\">Firma Ad\u0131<span class=\"erf-required\">*<\/span><\/label><input type='text' class='form-control' name='field-VmDzxCHbLbL8QrA' required='required' data-ref-label='Company_Name' id='field-VmDzxCHbLbL8QrA'  \/><\/div>\n<div class=\"erf-text form-group field-field-MshJiW49QbjGBhH erf-element-width-12\"><label for=\"field-MshJiW49QbjGBhH\" class=\"erf-text-label\">Ad\u0131n\u0131z \/ Soyad\u0131n\u0131z<span class=\"erf-required\">*<\/span><\/label><input type='text' class='form-control' name='field-MshJiW49QbjGBhH' required='required' data-ref-label='NameSurname' id='field-MshJiW49QbjGBhH'  \/><\/div>\n<div class=\"erf-tel form-group field-field-mloKTkp8jhkQLj7 erf-element-width-12\"><label for=\"field-mloKTkp8jhkQLj7\" class=\"erf-tel-label\">Telefon<\/label><input type='tel' class='form-control' name='field-mloKTkp8jhkQLj7' enable-intl='1' data-ref-label='Phone' id='field-mloKTkp8jhkQLj7'  \/><\/div>\n<div class=\"erf-email form-group field-text-10930702842 erf-element-width-12\"><label for=\"text-10930702842\" class=\"erf-email-label\">E-Posta<span class=\"erf-required\">*<\/span><\/label><input type='email' required='required' class='form-control' name='text-10930702842' data-ref-label='Email' id='text-10930702842'  \/><\/div>\n<div class=\"erf-header erf-element-width-12\">\n<h4  data-non-input='1' data-ref-label='ref-DqcCEzCf' data-ref-id='ref-E0aVn4Dw' class='' >\u00dcr\u00fcn Bilgileri<\/h4>\n<\/div>\n<div class=\"erf-text form-group field-field-hsARnJpJ51GHpH6 erf-element-width-4\"><label for=\"field-hsARnJpJ51GHpH6\" class=\"erf-text-label\">\u00dcr\u00fcn Kodu<\/label><input type='text' class='form-control' name='field-hsARnJpJ51GHpH6' data-ref-label='Product_Code' id='field-hsARnJpJ51GHpH6'  \/><\/div>\n<div class=\"erf-text form-group field-field-vhmUqNvZB2MIrEi erf-element-width-4\"><label for=\"field-vhmUqNvZB2MIrEi\" class=\"erf-text-label\">Lamba G\u00fcc\u00fc ve Tipi<\/label><input type='text' class='form-control' name='field-vhmUqNvZB2MIrEi' data-ref-label='Lamp_Power__Type' id='field-vhmUqNvZB2MIrEi'  \/><\/div>\n<div class=\"erf-text form-group field-field-MQpozJ9VEdr1S88 erf-element-width-4\"><label for=\"field-MQpozJ9VEdr1S88\" class=\"erf-text-label\">Miktar<\/label><input type='text' class='form-control' name='field-MQpozJ9VEdr1S88' data-ref-label='Quantity' id='field-MQpozJ9VEdr1S88'  \/><\/div>\n<div class=\"erf-text form-group field-field-l6MSId901mcgqzK erf-element-width-4\"><label for=\"field-l6MSId901mcgqzK\" class=\"erf-text-label\">\u00dcr\u00fcn Kodu 2<\/label><input type='text' class='form-control' name='field-l6MSId901mcgqzK' data-ref-label='Product_Code_2' id='field-l6MSId901mcgqzK'  \/><\/div>\n<div class=\"erf-text form-group field-field-ZCkVKj98JjjYQe1 erf-element-width-4\"><label for=\"field-ZCkVKj98JjjYQe1\" class=\"erf-text-label\">Lamba G\u00fcc\u00fc ve Tipi 2<\/label><input type='text' class='form-control' name='field-ZCkVKj98JjjYQe1' data-ref-label='Lamp_Power__Type_2' id='field-ZCkVKj98JjjYQe1'  \/><\/div>\n<div class=\"erf-text form-group field-field-m4duFJ0OeXW1nkb erf-element-width-4\"><label for=\"field-m4duFJ0OeXW1nkb\" class=\"erf-text-label\">Miktar 2<\/label><input type='text' class='form-control' name='field-m4duFJ0OeXW1nkb' data-ref-label='Quantity_2' id='field-m4duFJ0OeXW1nkb'  \/><\/div>\n<div class=\"erf-text form-group field-field-7BzKMIduSOhPAzi erf-element-width-4\"><label for=\"field-7BzKMIduSOhPAzi\" class=\"erf-text-label\">\u00dcr\u00fcn Kodu 3<\/label><input type='text' class='form-control' name='field-7BzKMIduSOhPAzi' data-ref-label='Product_Code_3' id='field-7BzKMIduSOhPAzi'  \/><\/div>\n<div class=\"erf-text form-group field-field-6pxxJdnPyhLhKx2 erf-element-width-4\"><label for=\"field-6pxxJdnPyhLhKx2\" class=\"erf-text-label\">Lamba G\u00fcc\u00fc ve Tipi 3<\/label><input type='text' class='form-control' name='field-6pxxJdnPyhLhKx2' data-ref-label='Lamp_Power__Type_3' id='field-6pxxJdnPyhLhKx2'  \/><\/div>\n<div class=\"erf-text form-group field-field-itImNZRQzzBuxjh erf-element-width-4\"><label for=\"field-itImNZRQzzBuxjh\" class=\"erf-text-label\">Miktar 3<\/label><input type='text' class='form-control' name='field-itImNZRQzzBuxjh' data-ref-label='Quantity_3' id='field-itImNZRQzzBuxjh'  \/><\/div>\n<div class=\"erf-text form-group field-field-oafo7jl12kPZ0wQ erf-element-width-4\"><label for=\"field-oafo7jl12kPZ0wQ\" class=\"erf-text-label\">\u00dcr\u00fcn Kodu 4<\/label><input type='text' class='form-control' name='field-oafo7jl12kPZ0wQ' data-ref-label='Product_Code_4' id='field-oafo7jl12kPZ0wQ'  \/><\/div>\n<div class=\"erf-text form-group field-field-9KqB7nUULhYTVMZ erf-element-width-4\"><label for=\"field-9KqB7nUULhYTVMZ\" class=\"erf-text-label\">Lamba G\u00fcc\u00fc ve Tipi 4<\/label><input type='text' class='form-control' name='field-9KqB7nUULhYTVMZ' data-ref-label='Lamp_Power__Type_4' id='field-9KqB7nUULhYTVMZ'  \/><\/div>\n<div class=\"erf-text form-group field-field-OkYJYY4ozFiwrRB erf-element-width-4\"><label for=\"field-OkYJYY4ozFiwrRB\" class=\"erf-text-label\">Miktar 4<\/label><input type='text' class='form-control' name='field-OkYJYY4ozFiwrRB' data-ref-label='Quantity_4' id='field-OkYJYY4ozFiwrRB'  \/><\/div>\n<div class=\"erf-text form-group field-field-UoUumYLDGY0Z00k erf-element-width-4\"><label for=\"field-UoUumYLDGY0Z00k\" class=\"erf-text-label\">\u00dcr\u00fcn Kodu 5<\/label><input type='text' class='form-control' name='field-UoUumYLDGY0Z00k' data-ref-label='Product_Code_5' id='field-UoUumYLDGY0Z00k'  \/><\/div>\n<div class=\"erf-text form-group field-field-1s7SS0OVplSDmR9 erf-element-width-4\"><label for=\"field-1s7SS0OVplSDmR9\" class=\"erf-text-label\">Lamba G\u00fcc\u00fc ve Tipi 5<\/label><input type='text' class='form-control' name='field-1s7SS0OVplSDmR9' data-ref-label='Lamp_Power__Type_5' id='field-1s7SS0OVplSDmR9'  \/><\/div>\n<div class=\"erf-text form-group field-field-utSIdVcNEyU6EPc erf-element-width-4\"><label for=\"field-utSIdVcNEyU6EPc\" class=\"erf-text-label\">Miktar 5<\/label><input type='text' class='form-control' name='field-utSIdVcNEyU6EPc' data-ref-label='Quantity_5' id='field-utSIdVcNEyU6EPc'  \/><\/div>\n<div class=\"erf-text form-group field-field-D8g0fmEInzjqRMi erf-element-width-4\"><label for=\"field-D8g0fmEInzjqRMi\" class=\"erf-text-label\">\u00dcr\u00fcn Kodu 6<\/label><input type='text' class='form-control' name='field-D8g0fmEInzjqRMi' data-ref-label='Product_Code_6' id='field-D8g0fmEInzjqRMi'  \/><\/div>\n<div class=\"erf-text form-group field-field-Gvm0IScIvhEUdvR erf-element-width-4\"><label for=\"field-Gvm0IScIvhEUdvR\" class=\"erf-text-label\">Lamba G\u00fcc\u00fc ve Tipi 6<\/label><input type='text' class='form-control' name='field-Gvm0IScIvhEUdvR' data-ref-label='Lamp_Power__Type_6' id='field-Gvm0IScIvhEUdvR'  \/><\/div>\n<div class=\"erf-text form-group field-field-URvV93Z5bmIDEoy erf-element-width-4\"><label for=\"field-URvV93Z5bmIDEoy\" class=\"erf-text-label\">Miktar 6<\/label><input type='text' class='form-control' name='field-URvV93Z5bmIDEoy' data-ref-label='Quantity_6' id='field-URvV93Z5bmIDEoy'  \/><\/div>\n<div class=\"erf-text form-group field-field-5SgjCeVNvMCoI9f erf-element-width-4\"><label for=\"field-5SgjCeVNvMCoI9f\" class=\"erf-text-label\">\u00dcr\u00fcn Kodu 7<\/label><input type='text' class='form-control' name='field-5SgjCeVNvMCoI9f' data-ref-label='Product_Code_7' id='field-5SgjCeVNvMCoI9f'  \/><\/div>\n<div class=\"erf-text form-group field-field-0RWWLCu6Lg0KQVR erf-element-width-4\"><label for=\"field-0RWWLCu6Lg0KQVR\" class=\"erf-text-label\">Lamba G\u00fcc\u00fc ve Tipi 7<\/label><input type='text' class='form-control' name='field-0RWWLCu6Lg0KQVR' data-ref-label='Lamp_Power__Type_7' id='field-0RWWLCu6Lg0KQVR'  \/><\/div>\n<div class=\"erf-text form-group field-field-XDfaaCtpfFq2Gka erf-element-width-4\"><label for=\"field-XDfaaCtpfFq2Gka\" class=\"erf-text-label\">Miktar 7<\/label><input type='text' class='form-control' name='field-XDfaaCtpfFq2Gka' data-ref-label='Quantity_7' id='field-XDfaaCtpfFq2Gka'  \/><\/div>\n<div class=\"erf-text form-group field-field-knWSYJy4l7YSv73 erf-element-width-4\"><label for=\"field-knWSYJy4l7YSv73\" class=\"erf-text-label\">\u00dcr\u00fcn Kodu 8<\/label><input type='text' class='form-control' name='field-knWSYJy4l7YSv73' data-ref-label='Product_Code_8' id='field-knWSYJy4l7YSv73'  \/><\/div>\n<div class=\"erf-text form-group field-field-HpkZ77pSOUo7pwL erf-element-width-4\"><label for=\"field-HpkZ77pSOUo7pwL\" class=\"erf-text-label\">Lamba G\u00fcc\u00fc ve Tipi 8<\/label><input type='text' class='form-control' name='field-HpkZ77pSOUo7pwL' data-ref-label='Lamp_Power__Type_8' id='field-HpkZ77pSOUo7pwL'  \/><\/div>\n<div class=\"erf-text form-group field-field-RznQcW51IGDgIg6 erf-element-width-4\"><label for=\"field-RznQcW51IGDgIg6\" class=\"erf-text-label\">Miktar 8<\/label><input type='text' class='form-control' name='field-RznQcW51IGDgIg6' data-ref-label='Quantity_8' id='field-RznQcW51IGDgIg6'  \/><\/div>\n<div class=\"erf-text form-group field-field-ZIyLcxicPgnd5bI erf-element-width-4\"><label for=\"field-ZIyLcxicPgnd5bI\" class=\"erf-text-label\">\u00dcr\u00fcn Kodu 9<\/label><input type='text' class='form-control' name='field-ZIyLcxicPgnd5bI' data-ref-label='Product_Code_9' id='field-ZIyLcxicPgnd5bI'  \/><\/div>\n<div class=\"erf-text form-group field-field-fT2osTwhtMcjbah erf-element-width-4\"><label for=\"field-fT2osTwhtMcjbah\" class=\"erf-text-label\">Lamba G\u00fcc\u00fc ve Tipi 9<\/label><input type='text' class='form-control' name='field-fT2osTwhtMcjbah' data-ref-label='Lamp_Power__Type_9' id='field-fT2osTwhtMcjbah'  \/><\/div>\n<div class=\"erf-text form-group field-field-ePNzxaMKJm5ynuk erf-element-width-4\"><label for=\"field-ePNzxaMKJm5ynuk\" class=\"erf-text-label\">Miktar 9<\/label><input type='text' class='form-control' name='field-ePNzxaMKJm5ynuk' data-ref-label='Quantity_9' id='field-ePNzxaMKJm5ynuk'  \/><\/div>\n<div class=\"erf-text form-group field-field-Y3TdhcVeLoikOFn erf-element-width-4\"><label for=\"field-Y3TdhcVeLoikOFn\" class=\"erf-text-label\">\u00dcr\u00fcn Kodu 10<\/label><input type='text' class='form-control' name='field-Y3TdhcVeLoikOFn' data-ref-label='Product_Code_10' id='field-Y3TdhcVeLoikOFn'  \/><\/div>\n<div class=\"erf-text form-group field-field-qejOYW2n9THDMaa erf-element-width-4\"><label for=\"field-qejOYW2n9THDMaa\" class=\"erf-text-label\">Lamba G\u00fcc\u00fc ve Tipi 10<\/label><input type='text' class='form-control' name='field-qejOYW2n9THDMaa' data-ref-label='Lamp_Power__Type_10' id='field-qejOYW2n9THDMaa'  \/><\/div>\n<div class=\"erf-text form-group field-field-gfpUspDqPnVAGH0 erf-element-width-4\"><label for=\"field-gfpUspDqPnVAGH0\" class=\"erf-text-label\">Miktar 10<\/label><input type='text' class='form-control' name='field-gfpUspDqPnVAGH0' data-ref-label='Quantity_10' id='field-gfpUspDqPnVAGH0'  \/><\/div>\n<div class=\"erf-checkbox-group form-group field-field-6ZD5wh9J0aKhAlc erf-element-width-12\"><label for=\"field-6ZD5wh9J0aKhAlc\" class=\"erf-checkbox-group-label\">*<span class=\"erf-required\">*<\/span><\/label><\/p>\n<div class=\"checkbox-group\">\n<div class=\"checkbox\"><input id=\"field-6ZD5wh9J0aKhAlc-0\" name='field-6ZD5wh9J0aKhAlc[]' data-ref-label='onay' required='required' class='form-control' multiple='1'  type=\"checkbox\" value=\"Sorular\u0131ma cevap verebilmeleri i\u00e7in Cemda\u011f&#039;\u0131n bilgilerimi saklamas\u0131na izin veriyorum.\" \/><label for=\"field-6ZD5wh9J0aKhAlc-0\">Sorular\u0131ma cevap verebilmeleri i\u00e7in Cemda\u011f&#039;\u0131n bilgilerimi saklamas\u0131na izin veriyorum.<\/label><\/div>\n<\/div>\n<\/div>\n<div class=\"erf-richtext erf-element-width-12\">\n<div data-non-input='1' data-ref-label='onaybilgi' data-ref-id='richtext-vv1ioe3k' class='erf-rich-text' >\n<p>Cemda\u011f gizlili\u011finize sayg\u0131 duyar ve ki\u015fisel verilerinizi di\u011fer \u00fc\u00e7\u00fcnc\u00fc \u015fah\u0131slara satmayaca\u011f\u0131z veya sa\u011flamayaca\u011f\u0131z veya ki\u015fisel verilerinizi kendi ama\u00e7lar\u0131 i\u00e7in kullanmalar\u0131na izin vermeyece\u011fiz.<\/p>\n<\/div>\n<\/div>\n<div class=\"erf-button form-group field-button-25008561473 erf-element-width-12\"><button type='submit'class='btn btn-default'name='button-25008561473'data-ref-label='Send'id='button-25008561473'>G\u00f6nder<\/button><\/div>\n<\/p><\/div>\n<\/p><\/div>\n<div class=\"erf-external-form-elements\">\n<div class=\"erf-errors\" style=\"display:none\">\n                        <span class=\"erf-errors-head erf-error-row\">Error occured. Please confirm your data and submit again:<\/span><\/p>\n<div class=\"erf-errors-body\">\n                                                    <\/div>\n<\/p><\/div>\n<\/p><\/div>\n<p>                <!-- Contains multipage Next,Previous buttons --><\/p>\n<div class=\"erf-form-nav clearfix\"><\/div>\n<p>                <!-- Single page form button --><\/p>\n<div class=\"erf-submit-button clearfix\"><\/div>\n<p>                <input type=\"hidden\" name=\"erform_id\" value=\"2691\" \/><br \/>\n                <input type=\"hidden\" id=\"erform_submission_nonce\" name=\"erform_submission_nonce\" value=\"94a9d03a18\" \/><input type=\"hidden\" name=\"_wp_http_referer\" value=\"\/tr\/wp-json\/wp\/v2\/pages\/2693\" \/>                <input type=\"hidden\" name=\"action\" value=\"erf_submit_form\" \/><\/p><\/form>\n<\/div>\n\t\t\t\t\t\t\t\t<\/div>\n\t\t\t\t<\/div>\n\t\t\t\t<div class=\"elementor-element elementor-element-f2f45ea elementor-widget elementor-widget-spacer\" data-id=\"f2f45ea\" data-element_type=\"widget\" data-widget_type=\"spacer.default\">\n\t\t\t\t<div class=\"elementor-widget-container\">\n\t\t\t\t\t\t\t<div class=\"elementor-spacer\">\n\t\t\t<div class=\"elementor-spacer-inner\"><\/div>\n\t\t<\/div>\n\t\t\t\t\t\t<\/div>\n\t\t\t\t<\/div>\n\t\t\t\t\t<\/div>\n\t\t<\/div>\n\t\t\t\t\t<\/div>\n\t\t<\/section>\n\t\t\t\t<section class=\"elementor-section elementor-top-section elementor-element elementor-element-5627428 elementor-section-boxed elementor-section-height-default elementor-section-height-default\" data-id=\"5627428\" data-element_type=\"section\">\n\t\t\t\t\t\t<div class=\"elementor-container elementor-column-gap-default\">\n\t\t\t\t\t<div class=\"elementor-column elementor-col-100 elementor-top-column elementor-element elementor-element-4b58952\" data-id=\"4b58952\" data-element_type=\"column\">\n\t\t\t<div class=\"elementor-widget-wrap\">\n\t\t\t\t\t\t\t<\/div>\n\t\t<\/div>\n\t\t\t\t\t<\/div>\n\t\t<\/section>\n\t\t\t\t<\/div>\n\t\t","protected":false},"excerpt":{"rendered":"<p>You are here: Home Sayfa TEKL\u0130F TALEP FORMU<\/p>\n","protected":false},"author":1,"featured_media":0,"parent":0,"menu_order":11,"comment_status":"closed","ping_status":"closed","template":"","meta":{"inline_featured_image":false,"footnotes":""},"class_list":["post-2693","page","type-page","status-publish","hentry"],"aioseo_notices":[],"_links":{"self":[{"href":"https:\/\/cemlight.com\/tr\/wp-json\/wp\/v2\/pages\/2693","targetHints":{"allow":["GET"]}}],"collection":[{"href":"https:\/\/cemlight.com\/tr\/wp-json\/wp\/v2\/pages"}],"about":[{"href":"https:\/\/cemlight.com\/tr\/wp-json\/wp\/v2\/types\/page"}],"author":[{"embeddable":true,"href":"https:\/\/cemlight.com\/tr\/wp-json\/wp\/v2\/users\/1"}],"replies":[{"embeddable":true,"href":"https:\/\/cemlight.com\/tr\/wp-json\/wp\/v2\/comments?post=2693"}],"version-history":[{"count":22,"href":"https:\/\/cemlight.com\/tr\/wp-json\/wp\/v2\/pages\/2693\/revisions"}],"predecessor-version":[{"id":9069,"href":"https:\/\/cemlight.com\/tr\/wp-json\/wp\/v2\/pages\/2693\/revisions\/9069"}],"wp:attachment":[{"href":"https:\/\/cemlight.com\/tr\/wp-json\/wp\/v2\/media?parent=2693"}],"curies":[{"name":"wp","href":"https:\/\/api.w.org\/{rel}","templated":true}]}}