{"id":3668,"date":"2021-02-09T14:03:01","date_gmt":"2021-02-09T11:03:01","guid":{"rendered":"https:\/\/cemlight.com\/tr\/?page_id=3668"},"modified":"2021-07-30T17:03:43","modified_gmt":"2021-07-30T14:03:43","slug":"clean-light","status":"publish","type":"page","link":"https:\/\/cemlight.com\/tr\/clean-light\/","title":{"rendered":"CLEAN LIGHT"},"content":{"rendered":"\t\t<div data-elementor-type=\"wp-page\" data-elementor-id=\"3668\" class=\"elementor elementor-3668\" data-elementor-post-type=\"page\">\n\t\t\t\t\t\t<section class=\"elementor-section elementor-top-section elementor-element elementor-element-75b9e33 elementor-section-stretched elementor-section-boxed elementor-section-height-default elementor-section-height-default\" data-id=\"75b9e33\" data-element_type=\"section\" data-settings=\"{&quot;stretch_section&quot;:&quot;section-stretched&quot;}\">\n\t\t\t\t\t\t<div class=\"elementor-container elementor-column-gap-default\">\n\t\t\t\t\t<div class=\"elementor-column elementor-col-100 elementor-top-column elementor-element elementor-element-5f24f07\" data-id=\"5f24f07\" data-element_type=\"column\">\n\t\t\t<div class=\"elementor-widget-wrap elementor-element-populated\">\n\t\t\t\t\t\t<section class=\"elementor-section elementor-inner-section elementor-element elementor-element-be1a1b2 elementor-section-boxed elementor-section-height-default elementor-section-height-default\" data-id=\"be1a1b2\" data-element_type=\"section\">\n\t\t\t\t\t\t<div class=\"elementor-container elementor-column-gap-wider\">\n\t\t\t\t\t<div class=\"elementor-column elementor-col-50 elementor-inner-column elementor-element elementor-element-04e355c\" data-id=\"04e355c\" data-element_type=\"column\">\n\t\t\t<div class=\"elementor-widget-wrap elementor-element-populated\">\n\t\t\t\t\t\t<div class=\"elementor-element elementor-element-42e6de0 split-breadcrumbs-y elementor-widget elementor-widget-the7-breadcrumb\" data-id=\"42e6de0\" data-element_type=\"widget\" data-widget_type=\"the7-breadcrumb.default\">\n\t\t\t\t<div class=\"elementor-widget-container\">\n\t\t\t\t\t<div class=\"assistive-text\">You are here:<\/div><ol class=\"breadcrumbs text-small rcrumbs\" itemscope itemtype=\"https:\/\/schema.org\/BreadcrumbList\"><li itemprop=\"itemListElement\" itemscope itemtype=\"https:\/\/schema.org\/ListItem\"><a itemprop=\"item\" href=\"https:\/\/cemlight.com\/tr\/\" title=\"Home\"><span itemprop=\"name\">Home<\/span><\/a><meta itemprop=\"position\" content=\"1\" \/><\/li><li class=\"current\" itemprop=\"itemListElement\" itemscope itemtype=\"https:\/\/schema.org\/ListItem\"><span itemprop=\"name\">Sayfa<\/span><meta itemprop=\"position\" content=\"2\" \/><\/li><\/ol>\t\t\t\t<\/div>\n\t\t\t\t<\/div>\n\t\t\t\t\t<\/div>\n\t\t<\/div>\n\t\t\t\t<div class=\"elementor-column elementor-col-50 elementor-inner-column elementor-element elementor-element-8ced604\" data-id=\"8ced604\" data-element_type=\"column\">\n\t\t\t<div class=\"elementor-widget-wrap\">\n\t\t\t\t\t\t\t<\/div>\n\t\t<\/div>\n\t\t\t\t\t<\/div>\n\t\t<\/section>\n\t\t\t\t\t<\/div>\n\t\t<\/div>\n\t\t\t\t\t<\/div>\n\t\t<\/section>\n\t\t\t\t<section class=\"elementor-section elementor-top-section elementor-element elementor-element-aeeaa5b elementor-section-stretched elementor-section-boxed elementor-section-height-default elementor-section-height-default\" data-id=\"aeeaa5b\" data-element_type=\"section\" data-settings=\"{&quot;stretch_section&quot;:&quot;section-stretched&quot;}\">\n\t\t\t\t\t\t<div class=\"elementor-container elementor-column-gap-default\">\n\t\t\t\t\t<div class=\"elementor-column elementor-col-100 elementor-top-column elementor-element elementor-element-e529a35\" data-id=\"e529a35\" data-element_type=\"column\">\n\t\t\t<div class=\"elementor-widget-wrap elementor-element-populated\">\n\t\t\t\t\t\t<div class=\"elementor-element elementor-element-7c009eb elementor-arrows-position-inside elementor-pagination-position-outside elementor-widget elementor-widget-image-carousel\" data-id=\"7c009eb\" data-element_type=\"widget\" data-settings=\"{&quot;slides_to_show&quot;:&quot;3&quot;,&quot;slides_to_scroll&quot;:&quot;3&quot;,&quot;navigation&quot;:&quot;both&quot;,&quot;autoplay&quot;:&quot;yes&quot;,&quot;pause_on_hover&quot;:&quot;yes&quot;,&quot;pause_on_interaction&quot;:&quot;yes&quot;,&quot;autoplay_speed&quot;:5000,&quot;infinite&quot;:&quot;yes&quot;,&quot;speed&quot;:500,&quot;image_spacing_custom&quot;:{&quot;unit&quot;:&quot;px&quot;,&quot;size&quot;:20,&quot;sizes&quot;:[]},&quot;image_spacing_custom_tablet&quot;:{&quot;unit&quot;:&quot;px&quot;,&quot;size&quot;:&quot;&quot;,&quot;sizes&quot;:[]},&quot;image_spacing_custom_mobile&quot;:{&quot;unit&quot;:&quot;px&quot;,&quot;size&quot;:&quot;&quot;,&quot;sizes&quot;:[]}}\" data-widget_type=\"image-carousel.default\">\n\t\t\t\t<div class=\"elementor-widget-container\">\n\t\t\t\t\t\t\t<div class=\"elementor-image-carousel-wrapper swiper\" role=\"region\" aria-roledescription=\"carousel\" aria-label=\"Resim D\u00f6ng\u00fcs\u00fc\" dir=\"ltr\">\n\t\t\t<div class=\"elementor-image-carousel swiper-wrapper\" aria-live=\"off\">\n\t\t\t\t\t\t\t\t<div class=\"swiper-slide\" role=\"group\" aria-roledescription=\"slide\" aria-label=\"1 \/ 3\"><figure class=\"swiper-slide-inner\"><img decoding=\"async\" class=\"swiper-slide-image\" src=\"https:\/\/cemlight.com\/tr\/wp-content\/uploads\/2021\/02\/shutterstock_718097074-1024x768.jpg\" alt=\"Medical,Concept.,Hospital,Corridor,With,Rooms.,3d,Illustration\" \/><\/figure><\/div><div class=\"swiper-slide\" role=\"group\" aria-roledescription=\"slide\" aria-label=\"2 \/ 3\"><figure class=\"swiper-slide-inner\"><img decoding=\"async\" class=\"swiper-slide-image\" src=\"https:\/\/cemlight.com\/tr\/wp-content\/uploads\/2021\/02\/shutterstock_47661460-1024x768.jpg\" alt=\"The,Image,Of,Metro,Train,Stands,On,The,Station.,There\" \/><\/figure><\/div><div class=\"swiper-slide\" role=\"group\" aria-roledescription=\"slide\" aria-label=\"3 \/ 3\"><figure class=\"swiper-slide-inner\"><img decoding=\"async\" class=\"swiper-slide-image\" src=\"https:\/\/cemlight.com\/tr\/wp-content\/uploads\/2021\/02\/shutterstock_73699201-1024x768.jpg\" alt=\"Modern,School,Apartment\" \/><\/figure><\/div>\t\t\t<\/div>\n\t\t\t\t\t\t\t\t\t\t\t\t<div class=\"elementor-swiper-button elementor-swiper-button-prev\" role=\"button\" tabindex=\"0\">\n\t\t\t\t\t\t<i aria-hidden=\"true\" class=\"eicon-chevron-left\"><\/i>\t\t\t\t\t<\/div>\n\t\t\t\t\t<div class=\"elementor-swiper-button elementor-swiper-button-next\" role=\"button\" tabindex=\"0\">\n\t\t\t\t\t\t<i aria-hidden=\"true\" class=\"eicon-chevron-right\"><\/i>\t\t\t\t\t<\/div>\n\t\t\t\t\n\t\t\t\t\t\t\t\t\t<div class=\"swiper-pagination\"><\/div>\n\t\t\t\t\t\t\t\t\t<\/div>\n\t\t\t\t\t\t<\/div>\n\t\t\t\t<\/div>\n\t\t\t\t\t<\/div>\n\t\t<\/div>\n\t\t\t\t\t<\/div>\n\t\t<\/section>\n\t\t\t\t<section class=\"elementor-section elementor-top-section elementor-element elementor-element-b0c1e72 elementor-section-stretched elementor-section-boxed elementor-section-height-default elementor-section-height-default\" data-id=\"b0c1e72\" data-element_type=\"section\" data-settings=\"{&quot;stretch_section&quot;:&quot;section-stretched&quot;}\">\n\t\t\t\t\t\t<div class=\"elementor-container elementor-column-gap-default\">\n\t\t\t\t\t<div class=\"elementor-column elementor-col-50 elementor-top-column elementor-element elementor-element-fbeb945\" data-id=\"fbeb945\" data-element_type=\"column\">\n\t\t\t<div class=\"elementor-widget-wrap elementor-element-populated\">\n\t\t\t\t\t\t<div class=\"elementor-element elementor-element-f19ee57 elementor-position-left elementor-vertical-align-top elementor-widget elementor-widget-image-box\" data-id=\"f19ee57\" data-element_type=\"widget\" data-widget_type=\"image-box.default\">\n\t\t\t\t<div class=\"elementor-widget-container\">\n\t\t\t\t\t<div class=\"elementor-image-box-wrapper\"><figure class=\"elementor-image-box-img\"><img fetchpriority=\"high\" decoding=\"async\" width=\"600\" height=\"400\" src=\"https:\/\/cemlight.com\/tr\/wp-content\/uploads\/2021\/02\/1-11597.jpg\" class=\"attachment-full size-full wp-image-3677\" alt=\"\" srcset=\"https:\/\/cemlight.com\/tr\/wp-content\/uploads\/2021\/02\/1-11597.jpg 600w, https:\/\/cemlight.com\/tr\/wp-content\/uploads\/2021\/02\/1-11597-300x200.jpg 300w\" sizes=\"(max-width: 600px) 100vw, 600px\" \/><\/figure><div class=\"elementor-image-box-content\"><p class=\"elementor-image-box-description\">- Hastaneler<br>\n- Temiz Odalar<br>\n- Okullar<br>\n- G\u0131da End\u00fcstrileri<br>\n- \u0130la\u00e7 End\u00fcstrileri<br>\n- Ortak kullan\u0131m alanlar\u0131<\/p><\/div><\/div>\t\t\t\t<\/div>\n\t\t\t\t<\/div>\n\t\t\t\t\t<\/div>\n\t\t<\/div>\n\t\t\t\t<div class=\"elementor-column elementor-col-50 elementor-top-column elementor-element elementor-element-3b94a2e\" data-id=\"3b94a2e\" data-element_type=\"column\">\n\t\t\t<div class=\"elementor-widget-wrap elementor-element-populated\">\n\t\t\t\t\t\t<div class=\"elementor-element elementor-element-51c0a24 elementor-widget elementor-widget-image-gallery\" data-id=\"51c0a24\" data-element_type=\"widget\" data-widget_type=\"image-gallery.default\">\n\t\t\t\t<div class=\"elementor-widget-container\">\n\t\t\t\t\t\t\t<div class=\"elementor-image-gallery\">\n\t\t\t\n\t\t\t<style type='text\/css'>\n\t\t\t\t#gallery-1 {\n\t\t\t\t\tmargin: auto;\n\t\t\t\t}\n\t\t\t\t#gallery-1 .gallery-item {\n\t\t\t\t\tfloat: left;\n\t\t\t\t\tmargin-top: 10px;\n\t\t\t\t\ttext-align: center;\n\t\t\t\t\twidth: 50%;\n\t\t\t\t}\n\t\t\t\t#gallery-1 img {\n\t\t\t\t\tborder: 2px solid #cfcfcf;\n\t\t\t\t}\n\t\t\t\t#gallery-1 .gallery-caption {\n\t\t\t\t\tmargin-left: 0;\n\t\t\t\t}\n\t\t\t\t\/* see gallery_shortcode() in wp-includes\/media.php *\/\n\t\t\t<\/style>\n\t\t<div id='gallery-1' class='dt-gallery-container gallery galleryid-3668 gallery-columns-2 gallery-size-large'><dl class='gallery-item'>\n\t\t\t\t<dt class='gallery-icon landscape'>\n\t\t\t\t\t<a class=\"rollover rollover-zoom\" title=\"\"data-elementor-open-lightbox=\"yes\" data-elementor-lightbox-slideshow=\"51c0a24\" data-elementor-lightbox-title=\"urun2\" data-e-action-hash=\"#elementor-action%3Aaction%3Dlightbox%26settings%3DeyJpZCI6MzY4NCwidXJsIjoiaHR0cHM6XC9cL2NlbWxpZ2h0LmNvbVwvdHJcL3dwLWNvbnRlbnRcL3VwbG9hZHNcLzIwMjFcLzAyXC91cnVuMi5wbmciLCJzbGlkZXNob3ciOiI1MWMwYTI0In0%3D\" href='https:\/\/cemlight.com\/tr\/wp-content\/uploads\/2021\/02\/urun2.png'><img decoding=\"async\" width=\"709\" height=\"378\" src=\"https:\/\/cemlight.com\/tr\/wp-content\/uploads\/2021\/02\/urun2.png\" class=\"attachment-large size-large\" alt=\"\" srcset=\"https:\/\/cemlight.com\/tr\/wp-content\/uploads\/2021\/02\/urun2.png 709w, https:\/\/cemlight.com\/tr\/wp-content\/uploads\/2021\/02\/urun2-300x160.png 300w\" sizes=\"(max-width: 709px) 100vw, 709px\" \/><\/a>\n\t\t\t\t<\/dt><\/dl><dl class='gallery-item'>\n\t\t\t\t<dt class='gallery-icon landscape'>\n\t\t\t\t\t<a class=\"rollover rollover-zoom\" title=\"\"data-elementor-open-lightbox=\"yes\" data-elementor-lightbox-slideshow=\"51c0a24\" data-elementor-lightbox-title=\"urun-1\" data-e-action-hash=\"#elementor-action%3Aaction%3Dlightbox%26settings%3DeyJpZCI6MzY4NSwidXJsIjoiaHR0cHM6XC9cL2NlbWxpZ2h0LmNvbVwvdHJcL3dwLWNvbnRlbnRcL3VwbG9hZHNcLzIwMjFcLzAyXC91cnVuLTEucG5nIiwic2xpZGVzaG93IjoiNTFjMGEyNCJ9\" href='https:\/\/cemlight.com\/tr\/wp-content\/uploads\/2021\/02\/urun-1.png'><img decoding=\"async\" width=\"709\" height=\"378\" src=\"https:\/\/cemlight.com\/tr\/wp-content\/uploads\/2021\/02\/urun-1.png\" class=\"attachment-large size-large\" alt=\"\" srcset=\"https:\/\/cemlight.com\/tr\/wp-content\/uploads\/2021\/02\/urun-1.png 709w, https:\/\/cemlight.com\/tr\/wp-content\/uploads\/2021\/02\/urun-1-300x160.png 300w\" sizes=\"(max-width: 709px) 100vw, 709px\" \/><\/a>\n\t\t\t\t<\/dt><\/dl><br style=\"clear: both\" \/>\n\t\t\t<\/div>\n\t\t<\/div>\n\t\t\t\t\t\t<\/div>\n\t\t\t\t<\/div>\n\t\t\t\t\t<\/div>\n\t\t<\/div>\n\t\t\t\t\t<\/div>\n\t\t<\/section>\n\t\t\t\t<section class=\"elementor-section elementor-top-section elementor-element elementor-element-026969a elementor-section-stretched elementor-section-boxed elementor-section-height-default elementor-section-height-default\" data-id=\"026969a\" data-element_type=\"section\" data-settings=\"{&quot;stretch_section&quot;:&quot;section-stretched&quot;}\">\n\t\t\t\t\t\t<div class=\"elementor-container elementor-column-gap-wider\">\n\t\t\t\t\t<div class=\"elementor-column elementor-col-100 elementor-top-column elementor-element elementor-element-613a181\" data-id=\"613a181\" data-element_type=\"column\">\n\t\t\t<div class=\"elementor-widget-wrap elementor-element-populated\">\n\t\t\t\t\t\t<div class=\"elementor-element elementor-element-31aa72c elementor-widget elementor-widget-heading\" data-id=\"31aa72c\" data-element_type=\"widget\" data-widget_type=\"heading.default\">\n\t\t\t\t<div class=\"elementor-widget-container\">\n\t\t\t\t\t<h3 class=\"elementor-heading-title elementor-size-default\">SA\u011eLI\u011eINIZA KAVU\u015eUN...<\/h3>\t\t\t\t<\/div>\n\t\t\t\t<\/div>\n\t\t\t\t<div class=\"elementor-element elementor-element-dc85872 elementor-widget elementor-widget-text-editor\" data-id=\"dc85872\" data-element_type=\"widget\" data-widget_type=\"text-editor.default\">\n\t\t\t\t<div class=\"elementor-widget-container\">\n\t\t\t\t\t\t\t\t\t<p>Hastaneler ve laboratuvarlar mikroplar\u0131 \u00f6ld\u00fcrmek i\u00e7in genellikle ultraviyole (UV) \u0131\u015f\u0131\u011f\u0131 kullan\u0131r, ancak uygulaman\u0131n \u00f6nemli bir dezavantaj\u0131 vard\u0131r: insanlara zarar verebilir. Bu nedenle UV \u0131\u015f\u0131klar\u0131 yaln\u0131zca bo\u015f ameliyathaneler gibi yerlerde ve \u00fczerinde kimsenin bulunmad\u0131\u011f\u0131 laboratuvar davlumbazlar\u0131n\u0131n alt\u0131nda \u00f6ld\u00fcr\u00fcr. \u015eimdi ara\u015ft\u0131rmac\u0131lar, insanlar\u0131n mikrop \u00f6ld\u00fcr\u00fcc\u00fc UV \u0131\u015f\u0131\u011f\u0131n\u0131n daha k\u0131sa dalga boyunda g\u00fcvende olabilece\u011fini ke\u015ffettiler ve teorik olarak onu okullarda, kalabal\u0131k u\u00e7aklarda, g\u0131da i\u015fleme tesislerinde ve hatta ameliyathanelerde hastal\u0131klar\u0131n yay\u0131lmas\u0131n\u0131 yava\u015flatabilecek yeni bir araca d\u00f6n\u00fc\u015ft\u00fcrd\u00fcler.<\/p>\t\t\t\t\t\t\t\t<\/div>\n\t\t\t\t<\/div>\n\t\t\t\t\t<\/div>\n\t\t<\/div>\n\t\t\t\t\t<\/div>\n\t\t<\/section>\n\t\t\t\t<section class=\"elementor-section elementor-top-section elementor-element elementor-element-4c13bf4 elementor-section-stretched elementor-section-boxed elementor-section-height-default elementor-section-height-default\" data-id=\"4c13bf4\" data-element_type=\"section\" data-settings=\"{&quot;stretch_section&quot;:&quot;section-stretched&quot;}\">\n\t\t\t\t\t\t<div class=\"elementor-container elementor-column-gap-wider\">\n\t\t\t\t\t<div class=\"elementor-column elementor-col-100 elementor-top-column elementor-element elementor-element-f7dd7b3\" data-id=\"f7dd7b3\" data-element_type=\"column\">\n\t\t\t<div class=\"elementor-widget-wrap elementor-element-populated\">\n\t\t\t\t\t\t<div class=\"elementor-element elementor-element-d3cc7ed elementor-widget elementor-widget-heading\" data-id=\"d3cc7ed\" data-element_type=\"widget\" data-widget_type=\"heading.default\">\n\t\t\t\t<div class=\"elementor-widget-container\">\n\t\t\t\t\t<h3 class=\"elementor-heading-title elementor-size-default\">UV I\u015eI\u011eI NED\u0130R?<\/h3>\t\t\t\t<\/div>\n\t\t\t\t<\/div>\n\t\t\t\t<div class=\"elementor-element elementor-element-1452186 elementor-widget elementor-widget-text-editor\" data-id=\"1452186\" data-element_type=\"widget\" data-widget_type=\"text-editor.default\">\n\t\t\t\t<div class=\"elementor-widget-container\">\n\t\t\t\t\t\t\t\t\t<div>UV \u0131\u015f\u0131\u011f\u0131 insan g\u00f6z\u00fcyle g\u00f6r\u00fclmez, ancak onu g\u00f6rebilseydik, \u0131\u015f\u0131k tayf\u0131nda mordan sonra gelirdi, dolay\u0131s\u0131yla \u201cultraviyole\u201d \u0131\u015f\u0131k ad\u0131n\u0131 al\u0131rd\u0131. UV \u0131\u015f\u0131\u011f\u0131n\u0131n g\u00f6rebildi\u011fimiz \u0131\u015f\u0131ktan farkl\u0131 olmas\u0131n\u0131n yollar\u0131ndan biri, y\u00fcksek frekans\u0131n\u0131n bakteri ve k\u00fcf gibi organizmalar\u0131 etkileme \u015feklidir. UV \u0131\u015f\u0131\u011f\u0131, h\u00fccresel d\u00fczeyde bu rahats\u0131zl\u0131klar\u0131 bozarak \u00fcremelerini engelleyebilir. UV \u0131\u015f\u0131\u011f\u0131n\u0131 dekontaminasyon i\u00e7in faydal\u0131 k\u0131lan \u015fey budur.<\/div><div>\u00a0<\/div><div>UV \u0131\u015f\u0131\u011f\u0131n\u0131n \u00fc\u00e7 farkl\u0131 dalga boyu vard\u0131r: UV-A, UV-B ve UV-C. Bakteri ve k\u00fcf\u00fc yok etmek i\u00e7in sadece en y\u00fcksek frekansa sahip UV-C \u0131\u015f\u0131\u011f\u0131 kullan\u0131labilir.<\/div><div>\u00a0<\/div><div>UV \u0131\u015f\u0131\u011f\u0131 nedir? UV I\u015f\u0131\u011f\u0131 m\u0131? Bir UV Lambas\u0131 yapay olarak UV \u0131\u015f\u0131\u011f\u0131 olu\u015fturur, b\u00f6ylece sterilize etme ve ar\u0131nd\u0131rma gibi \u00e7e\u015fitli kullan\u0131mlara yerle\u015ftirilebilir. UV Lambalar\u0131, sahte paray\u0131 tespit etmek, sanat eserlerini incelemek, veya bir konserde yeniden giri\u015f damgan\u0131z\u0131 kontrol eden bir bilet acentesi taraf\u0131ndan kullan\u0131labilir.<\/div><div>\u00a0<\/div><div>Bir UV Lambas\u0131, normal bir lambadan farkl\u0131d\u0131r \u00e7\u00fcnk\u00fc genellikle cam yerine kuvarstan yap\u0131l\u0131r. \u0130\u00e7eride, c\u0131va ile kar\u0131\u015ft\u0131r\u0131lm\u0131\u015f bir soy gaz vard\u0131r. Lamba prize tak\u0131ld\u0131\u011f\u0131nda elektrik c\u0131va ile reaksiyona girer ve lamba UV \u0131\u015f\u0131klar\u0131 \u00fcretir. Yay\u0131lan UV \u0131\u015f\u0131\u011f\u0131n\u0131n t\u00fcr\u00fc, lamban\u0131n i\u00e7indeki bas\u0131nca ba\u011fl\u0131d\u0131r. T\u00fcm UV lambalar\u0131, UV-C mikrop \u00f6ld\u00fcr\u00fcc\u00fc dalga boylar\u0131 \u00fcretmez.<\/div>\t\t\t\t\t\t\t\t<\/div>\n\t\t\t\t<\/div>\n\t\t\t\t\t<\/div>\n\t\t<\/div>\n\t\t\t\t\t<\/div>\n\t\t<\/section>\n\t\t\t\t<section class=\"elementor-section elementor-top-section elementor-element elementor-element-f5b3de5 elementor-section-stretched elementor-section-boxed elementor-section-height-default elementor-section-height-default\" data-id=\"f5b3de5\" data-element_type=\"section\" data-settings=\"{&quot;stretch_section&quot;:&quot;section-stretched&quot;}\">\n\t\t\t\t\t\t<div class=\"elementor-container elementor-column-gap-wider\">\n\t\t\t\t\t<div class=\"elementor-column elementor-col-100 elementor-top-column elementor-element elementor-element-dca9d9c\" data-id=\"dca9d9c\" data-element_type=\"column\">\n\t\t\t<div class=\"elementor-widget-wrap elementor-element-populated\">\n\t\t\t\t\t\t<div class=\"elementor-element elementor-element-f66e93b elementor-widget elementor-widget-heading\" data-id=\"f66e93b\" data-element_type=\"widget\" data-widget_type=\"heading.default\">\n\t\t\t\t<div class=\"elementor-widget-container\">\n\t\t\t\t\t<h3 class=\"elementor-heading-title elementor-size-default\">Bir UV I\u015f\u0131\u011f\u0131 \u0130\u00e7 Mekan Hava Kalitemden Nas\u0131l Yararlanabilir?<\/h3>\t\t\t\t<\/div>\n\t\t\t\t<\/div>\n\t\t\t\t<div class=\"elementor-element elementor-element-22c0ec1 elementor-widget elementor-widget-text-editor\" data-id=\"22c0ec1\" data-element_type=\"widget\" data-widget_type=\"text-editor.default\">\n\t\t\t\t<div class=\"elementor-widget-container\">\n\t\t\t\t\t\t\t\t\t<p>Evinizdeki\/Ofisinizdeki klima veya hava temizleyici gibi HVAC ekipman\u0131 \u00fczerindeki bobinler, zararl\u0131 bakteri ve k\u00fcf olu\u015fumuna e\u011filimlidir. Bu bobinler d\u00fczg\u00fcn bir \u015fekilde temizlenmedi\u011finde, havadaki kirleticiler evinize girer. Bu, solunum sorunlar\u0131 olan aile \u00fcyelerini rahats\u0131z eder ve alerjileri veya ast\u0131m\u0131 \u015fiddetlendirebilir ve ayr\u0131ca hastal\u0131\u011fa neden olabilir. HVAC ekipman\u0131n\u0131zdaki bobinleri sterilize etmek i\u00e7in bir UV lambas\u0131 kullanman\u0131n i\u00e7 mekan hava kalitesini iyile\u015ftirdi\u011fi kan\u0131tlanm\u0131\u015ft\u0131r.<\/p>\t\t\t\t\t\t\t\t<\/div>\n\t\t\t\t<\/div>\n\t\t\t\t\t<\/div>\n\t\t<\/div>\n\t\t\t\t\t<\/div>\n\t\t<\/section>\n\t\t\t\t<section class=\"elementor-section elementor-top-section elementor-element elementor-element-6f53143 elementor-section-boxed elementor-section-height-default elementor-section-height-default\" data-id=\"6f53143\" data-element_type=\"section\">\n\t\t\t\t\t\t<div class=\"elementor-container elementor-column-gap-default\">\n\t\t\t\t\t<div class=\"elementor-column elementor-col-100 elementor-top-column elementor-element elementor-element-98b9e38\" data-id=\"98b9e38\" data-element_type=\"column\">\n\t\t\t<div class=\"elementor-widget-wrap elementor-element-populated\">\n\t\t\t\t\t\t<div class=\"elementor-element elementor-element-be24389 elementor-widget elementor-widget-spacer\" data-id=\"be24389\" data-element_type=\"widget\" data-widget_type=\"spacer.default\">\n\t\t\t\t<div class=\"elementor-widget-container\">\n\t\t\t\t\t\t\t<div class=\"elementor-spacer\">\n\t\t\t<div class=\"elementor-spacer-inner\"><\/div>\n\t\t<\/div>\n\t\t\t\t\t\t<\/div>\n\t\t\t\t<\/div>\n\t\t\t\t\t<\/div>\n\t\t<\/div>\n\t\t\t\t\t<\/div>\n\t\t<\/section>\n\t\t\t\t<\/div>\n\t\t","protected":false},"excerpt":{"rendered":"<p>You are here: Home Sayfa Previous Next &#8211; Hastaneler &#8211; Temiz Odalar &#8211; Okullar &#8211; G\u0131da End\u00fcstrileri &#8211; \u0130la\u00e7 End\u00fcstrileri &#8211; Ortak kullan\u0131m alanlar\u0131 SA\u011eLI\u011eINIZA KAVU\u015eUN&#8230; Hastaneler ve laboratuvarlar mikroplar\u0131 \u00f6ld\u00fcrmek i\u00e7in genellikle ultraviyole (UV) \u0131\u015f\u0131\u011f\u0131 kullan\u0131r, ancak uygulaman\u0131n \u00f6nemli bir dezavantaj\u0131 vard\u0131r: insanlara zarar verebilir. Bu nedenle UV \u0131\u015f\u0131klar\u0131 yaln\u0131zca bo\u015f ameliyathaneler gibi yerlerde&hellip;<\/p>\n","protected":false},"author":1,"featured_media":0,"parent":0,"menu_order":14,"comment_status":"closed","ping_status":"closed","template":"","meta":{"inline_featured_image":false,"footnotes":""},"class_list":["post-3668","page","type-page","status-publish","hentry"],"aioseo_notices":[],"_links":{"self":[{"href":"https:\/\/cemlight.com\/tr\/wp-json\/wp\/v2\/pages\/3668","targetHints":{"allow":["GET"]}}],"collection":[{"href":"https:\/\/cemlight.com\/tr\/wp-json\/wp\/v2\/pages"}],"about":[{"href":"https:\/\/cemlight.com\/tr\/wp-json\/wp\/v2\/types\/page"}],"author":[{"embeddable":true,"href":"https:\/\/cemlight.com\/tr\/wp-json\/wp\/v2\/users\/1"}],"replies":[{"embeddable":true,"href":"https:\/\/cemlight.com\/tr\/wp-json\/wp\/v2\/comments?post=3668"}],"version-history":[{"count":32,"href":"https:\/\/cemlight.com\/tr\/wp-json\/wp\/v2\/pages\/3668\/revisions"}],"predecessor-version":[{"id":9924,"href":"https:\/\/cemlight.com\/tr\/wp-json\/wp\/v2\/pages\/3668\/revisions\/9924"}],"wp:attachment":[{"href":"https:\/\/cemlight.com\/tr\/wp-json\/wp\/v2\/media?parent=3668"}],"curies":[{"name":"wp","href":"https:\/\/api.w.org\/{rel}","templated":true}]}}