{"id":3850,"date":"2021-02-19T13:38:12","date_gmt":"2021-02-19T10:38:12","guid":{"rendered":"https:\/\/cemlight.com\/tr\/?page_id=3850"},"modified":"2021-07-12T12:28:29","modified_gmt":"2021-07-12T09:28:29","slug":"corporate-values","status":"publish","type":"page","link":"https:\/\/cemlight.com\/tr\/kurumsal-deger\/","title":{"rendered":"Kurumsal De\u011fer"},"content":{"rendered":"\t\t<div data-elementor-type=\"wp-page\" data-elementor-id=\"3850\" class=\"elementor elementor-3850\" data-elementor-post-type=\"page\">\n\t\t\t\t\t\t<section class=\"elementor-section elementor-top-section elementor-element elementor-element-eb05251 elementor-section-full_width elementor-section-stretched elementor-section-height-default elementor-section-height-default\" data-id=\"eb05251\" data-element_type=\"section\" data-settings=\"{&quot;stretch_section&quot;:&quot;section-stretched&quot;}\">\n\t\t\t\t\t\t<div class=\"elementor-container elementor-column-gap-no\">\n\t\t\t\t\t<div class=\"elementor-column elementor-col-100 elementor-top-column elementor-element elementor-element-e6809dc\" data-id=\"e6809dc\" data-element_type=\"column\">\n\t\t\t<div class=\"elementor-widget-wrap elementor-element-populated\">\n\t\t\t\t\t\t<section class=\"elementor-section elementor-inner-section elementor-element elementor-element-9e71732 elementor-section-boxed elementor-section-height-default elementor-section-height-default\" data-id=\"9e71732\" data-element_type=\"section\">\n\t\t\t\t\t\t<div class=\"elementor-container elementor-column-gap-no\">\n\t\t\t\t\t<div class=\"elementor-column elementor-col-100 elementor-inner-column elementor-element elementor-element-7c58ae0\" data-id=\"7c58ae0\" data-element_type=\"column\">\n\t\t\t<div class=\"elementor-widget-wrap elementor-element-populated\">\n\t\t\t\t\t\t<div class=\"elementor-element elementor-element-64b9410 elementor-widget elementor-widget-spacer\" data-id=\"64b9410\" data-element_type=\"widget\" data-widget_type=\"spacer.default\">\n\t\t\t\t<div class=\"elementor-widget-container\">\n\t\t\t\t\t\t\t<div class=\"elementor-spacer\">\n\t\t\t<div class=\"elementor-spacer-inner\"><\/div>\n\t\t<\/div>\n\t\t\t\t\t\t<\/div>\n\t\t\t\t<\/div>\n\t\t\t\t<div class=\"elementor-element elementor-element-c0f181b split-breadcrumbs-y elementor-widget elementor-widget-the7-breadcrumb\" data-id=\"c0f181b\" data-element_type=\"widget\" data-widget_type=\"the7-breadcrumb.default\">\n\t\t\t\t<div class=\"elementor-widget-container\">\n\t\t\t\t\t<div class=\"assistive-text\">You are here:<\/div><ol class=\"breadcrumbs text-small rcrumbs\" itemscope itemtype=\"https:\/\/schema.org\/BreadcrumbList\"><li itemprop=\"itemListElement\" itemscope itemtype=\"https:\/\/schema.org\/ListItem\"><a itemprop=\"item\" href=\"https:\/\/cemlight.com\/tr\/\" title=\"Home\"><span itemprop=\"name\">Home<\/span><\/a><meta itemprop=\"position\" content=\"1\" \/><\/li><li class=\"current\" itemprop=\"itemListElement\" itemscope itemtype=\"https:\/\/schema.org\/ListItem\"><span itemprop=\"name\">Sayfa<\/span><meta itemprop=\"position\" content=\"2\" \/><\/li><\/ol>\t\t\t\t<\/div>\n\t\t\t\t<\/div>\n\t\t\t\t<div class=\"elementor-element elementor-element-3f9e873 elementor-widget elementor-widget-spacer\" data-id=\"3f9e873\" data-element_type=\"widget\" data-widget_type=\"spacer.default\">\n\t\t\t\t<div class=\"elementor-widget-container\">\n\t\t\t\t\t\t\t<div class=\"elementor-spacer\">\n\t\t\t<div class=\"elementor-spacer-inner\"><\/div>\n\t\t<\/div>\n\t\t\t\t\t\t<\/div>\n\t\t\t\t<\/div>\n\t\t\t\t<div class=\"elementor-element elementor-element-48ae516 elementor-widget elementor-widget-text-editor\" data-id=\"48ae516\" data-element_type=\"widget\" data-widget_type=\"text-editor.default\">\n\t\t\t\t<div class=\"elementor-widget-container\">\n\t\t\t\t\t\t\t\t\t<p>KURUMSAL DE\u011eER<\/p>\t\t\t\t\t\t\t\t<\/div>\n\t\t\t\t<\/div>\n\t\t\t\t<div class=\"elementor-element elementor-element-21d76ea elementor-widget elementor-widget-spacer\" data-id=\"21d76ea\" data-element_type=\"widget\" data-widget_type=\"spacer.default\">\n\t\t\t\t<div class=\"elementor-widget-container\">\n\t\t\t\t\t\t\t<div class=\"elementor-spacer\">\n\t\t\t<div class=\"elementor-spacer-inner\"><\/div>\n\t\t<\/div>\n\t\t\t\t\t\t<\/div>\n\t\t\t\t<\/div>\n\t\t\t\t\t<\/div>\n\t\t<\/div>\n\t\t\t\t\t<\/div>\n\t\t<\/section>\n\t\t\t\t<div class=\"elementor-element elementor-element-b02cebd elementor-widget elementor-widget-image\" data-id=\"b02cebd\" data-element_type=\"widget\" data-widget_type=\"image.default\">\n\t\t\t\t<div class=\"elementor-widget-container\">\n\t\t\t\t\t\t\t\t\t\t\t\t\t\t\t<img decoding=\"async\" width=\"1920\" height=\"15\" src=\"https:\/\/cemlight.com\/tr\/wp-content\/uploads\/2020\/07\/Untitled-1-1.jpg\" class=\"attachment-full size-full wp-image-2835\" alt=\"\" srcset=\"https:\/\/cemlight.com\/tr\/wp-content\/uploads\/2020\/07\/Untitled-1-1.jpg 1920w, https:\/\/cemlight.com\/tr\/wp-content\/uploads\/2020\/07\/Untitled-1-1-300x2.jpg 300w, https:\/\/cemlight.com\/tr\/wp-content\/uploads\/2020\/07\/Untitled-1-1-1024x8.jpg 1024w, https:\/\/cemlight.com\/tr\/wp-content\/uploads\/2020\/07\/Untitled-1-1-768x6.jpg 768w, https:\/\/cemlight.com\/tr\/wp-content\/uploads\/2020\/07\/Untitled-1-1-1536x12.jpg 1536w\" sizes=\"(max-width: 1920px) 100vw, 1920px\" \/>\t\t\t\t\t\t\t\t\t\t\t\t\t\t\t<\/div>\n\t\t\t\t<\/div>\n\t\t\t\t\t<\/div>\n\t\t<\/div>\n\t\t\t\t\t<\/div>\n\t\t<\/section>\n\t\t\t\t<section class=\"elementor-section elementor-top-section elementor-element elementor-element-7f64e2f elementor-section-boxed elementor-section-height-default elementor-section-height-default\" data-id=\"7f64e2f\" data-element_type=\"section\">\n\t\t\t\t\t\t<div class=\"elementor-container elementor-column-gap-default\">\n\t\t\t\t\t<div class=\"elementor-column elementor-col-100 elementor-top-column elementor-element elementor-element-b47625b\" data-id=\"b47625b\" data-element_type=\"column\">\n\t\t\t<div class=\"elementor-widget-wrap elementor-element-populated\">\n\t\t\t\t\t\t<div class=\"elementor-element elementor-element-c1b777a elementor-widget elementor-widget-spacer\" data-id=\"c1b777a\" data-element_type=\"widget\" data-widget_type=\"spacer.default\">\n\t\t\t\t<div class=\"elementor-widget-container\">\n\t\t\t\t\t\t\t<div class=\"elementor-spacer\">\n\t\t\t<div class=\"elementor-spacer-inner\"><\/div>\n\t\t<\/div>\n\t\t\t\t\t\t<\/div>\n\t\t\t\t<\/div>\n\t\t\t\t\t<\/div>\n\t\t<\/div>\n\t\t\t\t\t<\/div>\n\t\t<\/section>\n\t\t\t\t<section class=\"elementor-section elementor-top-section elementor-element elementor-element-9d56419 elementor-section-stretched elementor-section-full_width elementor-section-height-default elementor-section-height-default\" data-id=\"9d56419\" data-element_type=\"section\" data-settings=\"{&quot;stretch_section&quot;:&quot;section-stretched&quot;}\">\n\t\t\t\t\t\t<div class=\"elementor-container elementor-column-gap-default\">\n\t\t\t\t\t<div class=\"elementor-column elementor-col-100 elementor-top-column elementor-element elementor-element-49a8b86\" data-id=\"49a8b86\" data-element_type=\"column\">\n\t\t\t<div class=\"elementor-widget-wrap elementor-element-populated\">\n\t\t\t\t\t\t<div class=\"elementor-element elementor-element-0d9bdab elementor-widget elementor-widget-the7_photo-scroller\" data-id=\"0d9bdab\" data-element_type=\"widget\" data-widget_type=\"the7_photo-scroller.default\">\n\t\t\t\t<div class=\"elementor-widget-container\">\n\t\t\t\t\t\t\t<div class=\"photo-scroller the7_photo-scroller-0d9bdab fullscreen-on hide-thumbs\" data-scale=\"fill\" data-autoslide=\"false\" data-play-on-hover=\"false\" data-delay=\"0\" data-show-thumbnails=\"true\" data-thumb-position=\"inside-hidden\" data-thumb-height=\"60\" data-thumb-width=\"60\" data-thumb-space=\"5\" data-thumb-padding-top=\"5\" data-thumb-padding-bottom=\"5\" data-cntr-space-bottom=\"5\" data-transparency=\"0.15\" data-arrows=\"true\" data-arrows_tablet=\"true\" data-arrows_mobile=\"true\" data-next-icon=\"fas fa-chevron-right\" data-prev-icon=\"fas fa-chevron-left\" data-r-arrow-v-position=\"center\" data-r-arrow-h-position=\"right\" data-l-arrow-v-position=\"center\" data-l-arrow-h-position=\"left\" data-ls-fill-dt=\"fill\" data-ls-fill-tablet=\"fill\" data-pt-fill-dt=\"fit\" data-pt-fill-tablet=\"fit\" data-pt-fill-mob=\"fit\" data-ls-fill-mob=\"fill\" data-padding-top=\"0\" data-padding-bottom=\"0\" data-padding-side=\"0\" data-padding-left=\"0\" data-t-padding-top=\"0\" data-t-padding-bottom=\"0\" data-t-padding-side=\"0\" data-t-padding-left=\"0\" data-m-padding-top=\"0\" data-m-padding-bottom=\"0\" data-m-padding-side=\"0\" data-m-padding-left=\"0\" data-ls-max=\"100\" data-t-ls-max=\"100\" data-m-ls-max=\"100\" data-ls-min=\"0\" data-t-ls-min=\"0\" data-m-ls-min=\"0\" data-pt-max=\"100\" data-t-pt-max=\"100\" data-m-pt-max=\"100\" data-pt-min=\"0\" data-t-pt-min=\"0\" data-m-pt-min=\"0\" data-height=\"300\" data-tablet-height=\"300\" data-mobile-height=\"300\">\n\t\t\t<div class=\"photoSlider \">\n\t\t\t\t<figure data-width=\"780\" data-height=\"330\"><a href=\" https:\/\/cemlight.com\/tr\/wp-content\/uploads\/2021\/02\/kurumsal-1.jpg \"<a href=\"https:\/\/cemlight.com\/tr\/wp-content\/uploads\/2021\/02\/kurumsal-1.jpg\" class=\"post-thumbnail-rollover layzr-bg\" title=\"kurumsal-1\"  aria-label=\"Post image\"><img fetchpriority=\"high\" decoding=\"async\" src=\"data:image\/svg+xml,%3Csvg%20xmlns%3D&#39;http%3A%2F%2Fwww.w3.org%2F2000%2Fsvg&#39;%20viewBox%3D&#39;0%200%20780%20330&#39;%2F%3E\" data-src=\"https:\/\/cemlight.com\/tr\/wp-content\/uploads\/2021\/02\/kurumsal-1.jpg\" data-srcset=\"https:\/\/cemlight.com\/tr\/wp-content\/uploads\/2021\/02\/kurumsal-1.jpg 780w\" loading=\"eager\" style=\"--ratio: 780 \/ 330\" sizes=\"(max-width: 780px) 100vw, 780px\" class=\"preload-me photo-thumb-lazy-load aspect\" width=\"780\" height=\"330\"  alt=\"\" title=\"kurumsal-1\" \/><\/a><\/a><\/figure><figure data-width=\"780\" data-height=\"330\"><a href=\" https:\/\/cemlight.com\/tr\/wp-content\/uploads\/2021\/02\/kurumsal-2.jpg \"<a href=\"https:\/\/cemlight.com\/tr\/wp-content\/uploads\/2021\/02\/kurumsal-2.jpg\" class=\"post-thumbnail-rollover layzr-bg\" title=\"kurumsal-2\"  aria-label=\"Post image\"><img decoding=\"async\" src=\"data:image\/svg+xml,%3Csvg%20xmlns%3D&#39;http%3A%2F%2Fwww.w3.org%2F2000%2Fsvg&#39;%20viewBox%3D&#39;0%200%20780%20330&#39;%2F%3E\" data-src=\"https:\/\/cemlight.com\/tr\/wp-content\/uploads\/2021\/02\/kurumsal-2.jpg\" data-srcset=\"https:\/\/cemlight.com\/tr\/wp-content\/uploads\/2021\/02\/kurumsal-2.jpg 780w\" loading=\"eager\" style=\"--ratio: 780 \/ 330\" sizes=\"(max-width: 780px) 100vw, 780px\" class=\"preload-me photo-thumb-lazy-load aspect\" width=\"780\" height=\"330\"  alt=\"\" title=\"kurumsal-2\" \/><\/a><\/a><\/figure><figure data-width=\"780\" data-height=\"330\"><a href=\" https:\/\/cemlight.com\/tr\/wp-content\/uploads\/2021\/02\/kurumsal-3.jpg \"<a href=\"https:\/\/cemlight.com\/tr\/wp-content\/uploads\/2021\/02\/kurumsal-3.jpg\" class=\"post-thumbnail-rollover layzr-bg\" title=\"kurumsal-3\"  aria-label=\"Post image\"><img decoding=\"async\" src=\"data:image\/svg+xml,%3Csvg%20xmlns%3D&#39;http%3A%2F%2Fwww.w3.org%2F2000%2Fsvg&#39;%20viewBox%3D&#39;0%200%20780%20330&#39;%2F%3E\" data-src=\"https:\/\/cemlight.com\/tr\/wp-content\/uploads\/2021\/02\/kurumsal-3.jpg\" data-srcset=\"https:\/\/cemlight.com\/tr\/wp-content\/uploads\/2021\/02\/kurumsal-3.jpg 780w\" loading=\"eager\" style=\"--ratio: 780 \/ 330\" sizes=\"(max-width: 780px) 100vw, 780px\" class=\"preload-me photo-thumb-lazy-load aspect\" width=\"780\" height=\"330\"  alt=\"\" title=\"kurumsal-3\" \/><\/a><\/a><\/figure>\t\t\t<\/div>\n\t\t\t<div class=\"btn-cntr\">\n\t\t\t\t<a href=\"#\" class=\"hide-thumb-btn\"><\/a>\n\t\t\t\t<a href=\"#\" class=\"auto-play-btn\"><\/a>\n\t\t\t\t<a href=\"#\" class=\"full-screen-btn\"><\/a>\n\t\t\t<\/div>\n\t\t\t<div class=\"scroller-arrow prev\"><i aria-hidden=\"true\" class=\"fas fa-chevron-left\"><\/i><\/div>\n\t\t\t<div class=\"scroller-arrow next\"><i aria-hidden=\"true\" class=\"fas fa-chevron-right\"><\/i><\/div>\n\t\t<\/div>\n\t\t\t\t\t\t<\/div>\n\t\t\t\t<\/div>\n\t\t\t\t\t<\/div>\n\t\t<\/div>\n\t\t\t\t\t<\/div>\n\t\t<\/section>\n\t\t\t\t<section class=\"elementor-section elementor-top-section elementor-element elementor-element-3b041fd elementor-section-stretched elementor-section-boxed elementor-section-height-default elementor-section-height-default\" data-id=\"3b041fd\" data-element_type=\"section\" data-settings=\"{&quot;stretch_section&quot;:&quot;section-stretched&quot;}\">\n\t\t\t\t\t\t<div class=\"elementor-container elementor-column-gap-default\">\n\t\t\t\t\t<div class=\"elementor-column elementor-col-100 elementor-top-column elementor-element elementor-element-ef9f870\" data-id=\"ef9f870\" data-element_type=\"column\">\n\t\t\t<div class=\"elementor-widget-wrap elementor-element-populated\">\n\t\t\t\t\t\t<div class=\"elementor-element elementor-element-32bf7dc elementor-widget elementor-widget-text-editor\" data-id=\"32bf7dc\" data-element_type=\"widget\" data-widget_type=\"text-editor.default\">\n\t\t\t\t<div class=\"elementor-widget-container\">\n\t\t\t\t\t\t\t\t\t<p>Cemda\u011f, ayd\u0131nlatma armat\u00fcrleri ve ekipmanlar\u0131 konusunda faaliyet g\u00f6steren T\u00fcrkiye\u2019de sekt\u00f6r\u00fcn \u00f6nder kurulu\u015flar\u0131ndan biridir\u00a0. 1968\u2032 de kurulmu\u015ftur. Toplam 41.000 metre kare alanda kurulu 3 \u00fcretim tesisinde etkin, h\u0131zl\u0131 ve y\u00fcksek kapasiteli \u00fcretim yapan bir sanayi kurulu\u015fudur. \u0130\u00e7 pazardaki bir \u00e7ok segmentte pazar liderli\u011fine sahip Cem marka \u00fcr\u00fcnler d\u00fcnyada da 5 k\u0131tada aktif olarak pazarlanmaktad\u0131r.<\/p><p>T\u00fcm \u00fcr\u00fcn gruplar\u0131nda i\u00e7 pazar lideri olmak, k\u00fcresel pazar pay\u0131n\u0131 art\u0131rmak, s\u00fcrekli ara\u015ft\u0131rma ve geli\u015ftirme, istikrarl\u0131 finansal b\u00fcy\u00fcme Cemda\u011f\u2019\u0131n stratejik hedefleridir.<\/p><p>M\u00fc\u015fteri memnuniyeti Cemda\u011f&#8217;\u0131n temel de\u011ferlerinden biridir.<\/p><p>Taleplerine ve i\u015f m\u00fckemmelli\u011fine odaklanan \u00e7al\u0131\u015fanlar\u0131yla sad\u0131k bir ili\u015fki i\u00e7inde insan kayna\u011f\u0131n\u0131 s\u00fcrekli geli\u015ftirir.<\/p><p>\u0130\u00e7 ve d\u0131\u015f mekan teknik ayd\u0131nlatma konusunda uzman olan Cemda\u011f, uluslararas\u0131 norm ve standartlara tam uyumlu, y\u00fcksek teknoloji ve g\u00fcncel tesisler ile y\u00fcksek kaliteli, katma de\u011ferli, trend belirleyen ayd\u0131nlatma ekipmanlar\u0131 \u00fcretmektedir. Y\u00fcksek kapasiteli fabrikalarda, sayg\u0131n ve uluslararas\u0131 sertifikal\u0131 tedarik\u00e7ilerin bile\u015fenlerini ve hammaddelerini kullanarak, zengin \u00fcr\u00fcn yelpazesi ve \u00f6zelle\u015ftirilmi\u015f \u00e7\u00f6z\u00fcmleri ve sonsuz m\u00fc\u015fteri memnuniyetini hedefleyen h\u0131zl\u0131 teslimat s\u00fcreleri ile \u00fcretim yapar.<\/p><p>Kurumsal De\u011ferler<\/p><ul><li>Daimi kendini yenileme mantalitesi<\/li><li>M\u00fc\u015fterilere ba\u011fl\u0131l\u0131k<\/li><li>M\u00fc\u015fteri istek ve taleplerine odaklanmak<\/li><li>\u0130nsan kayna\u011f\u0131n\u0131 s\u00fcrekli geli\u015ftirmek<\/li><li>\u00c7al\u0131\u015fanlara ba\u011fl\u0131l\u0131k<\/li><li>\u0130\u015f m\u00fckemmelli\u011fine ba\u011fl\u0131l\u0131k<\/li><\/ul>\t\t\t\t\t\t\t\t<\/div>\n\t\t\t\t<\/div>\n\t\t\t\t\t<\/div>\n\t\t<\/div>\n\t\t\t\t\t<\/div>\n\t\t<\/section>\n\t\t\t\t<section class=\"elementor-section elementor-top-section elementor-element elementor-element-76ec30f elementor-section-boxed elementor-section-height-default elementor-section-height-default\" data-id=\"76ec30f\" data-element_type=\"section\">\n\t\t\t\t\t\t<div class=\"elementor-container elementor-column-gap-default\">\n\t\t\t\t\t<div class=\"elementor-column elementor-col-100 elementor-top-column elementor-element elementor-element-81bf23a\" data-id=\"81bf23a\" data-element_type=\"column\">\n\t\t\t<div class=\"elementor-widget-wrap elementor-element-populated\">\n\t\t\t\t\t\t<div class=\"elementor-element elementor-element-62e23b2 elementor-widget elementor-widget-spacer\" data-id=\"62e23b2\" data-element_type=\"widget\" data-widget_type=\"spacer.default\">\n\t\t\t\t<div class=\"elementor-widget-container\">\n\t\t\t\t\t\t\t<div class=\"elementor-spacer\">\n\t\t\t<div class=\"elementor-spacer-inner\"><\/div>\n\t\t<\/div>\n\t\t\t\t\t\t<\/div>\n\t\t\t\t<\/div>\n\t\t\t\t\t<\/div>\n\t\t<\/div>\n\t\t\t\t\t<\/div>\n\t\t<\/section>\n\t\t\t\t<\/div>\n\t\t","protected":false},"excerpt":{"rendered":"<p>You are here: Home Sayfa KURUMSAL DE\u011eER<\/p>\n","protected":false},"author":1,"featured_media":0,"parent":0,"menu_order":16,"comment_status":"closed","ping_status":"closed","template":"","meta":{"inline_featured_image":false,"footnotes":""},"class_list":["post-3850","page","type-page","status-publish","hentry"],"aioseo_notices":[],"_links":{"self":[{"href":"https:\/\/cemlight.com\/tr\/wp-json\/wp\/v2\/pages\/3850","targetHints":{"allow":["GET"]}}],"collection":[{"href":"https:\/\/cemlight.com\/tr\/wp-json\/wp\/v2\/pages"}],"about":[{"href":"https:\/\/cemlight.com\/tr\/wp-json\/wp\/v2\/types\/page"}],"author":[{"embeddable":true,"href":"https:\/\/cemlight.com\/tr\/wp-json\/wp\/v2\/users\/1"}],"replies":[{"embeddable":true,"href":"https:\/\/cemlight.com\/tr\/wp-json\/wp\/v2\/comments?post=3850"}],"version-history":[{"count":15,"href":"https:\/\/cemlight.com\/tr\/wp-json\/wp\/v2\/pages\/3850\/revisions"}],"predecessor-version":[{"id":8943,"href":"https:\/\/cemlight.com\/tr\/wp-json\/wp\/v2\/pages\/3850\/revisions\/8943"}],"wp:attachment":[{"href":"https:\/\/cemlight.com\/tr\/wp-json\/wp\/v2\/media?parent=3850"}],"curies":[{"name":"wp","href":"https:\/\/api.w.org\/{rel}","templated":true}]}}