{"id":3853,"date":"2021-02-19T13:38:56","date_gmt":"2021-02-19T10:38:56","guid":{"rendered":"https:\/\/cemlight.com\/tr\/?page_id=3853"},"modified":"2021-07-12T12:34:10","modified_gmt":"2021-07-12T09:34:10","slug":"history","status":"publish","type":"page","link":"https:\/\/cemlight.com\/tr\/tarihce\/","title":{"rendered":"TAR\u0130H\u00c7E"},"content":{"rendered":"\t\t<div data-elementor-type=\"wp-page\" data-elementor-id=\"3853\" class=\"elementor elementor-3853\" data-elementor-post-type=\"page\">\n\t\t\t\t\t\t<section class=\"elementor-section elementor-top-section elementor-element elementor-element-7507b37 elementor-section-full_width elementor-section-stretched elementor-section-height-default elementor-section-height-default\" data-id=\"7507b37\" data-element_type=\"section\" data-settings=\"{&quot;stretch_section&quot;:&quot;section-stretched&quot;}\">\n\t\t\t\t\t\t<div class=\"elementor-container elementor-column-gap-no\">\n\t\t\t\t\t<div class=\"elementor-column elementor-col-100 elementor-top-column elementor-element elementor-element-f0159a8\" data-id=\"f0159a8\" data-element_type=\"column\">\n\t\t\t<div class=\"elementor-widget-wrap elementor-element-populated\">\n\t\t\t\t\t\t<section class=\"elementor-section elementor-inner-section elementor-element elementor-element-3041416 elementor-section-boxed elementor-section-height-default elementor-section-height-default\" data-id=\"3041416\" data-element_type=\"section\">\n\t\t\t\t\t\t<div class=\"elementor-container elementor-column-gap-no\">\n\t\t\t\t\t<div class=\"elementor-column elementor-col-100 elementor-inner-column elementor-element elementor-element-9a2ac4b\" data-id=\"9a2ac4b\" data-element_type=\"column\">\n\t\t\t<div class=\"elementor-widget-wrap elementor-element-populated\">\n\t\t\t\t\t\t<div class=\"elementor-element elementor-element-8c362e4 elementor-widget elementor-widget-spacer\" data-id=\"8c362e4\" data-element_type=\"widget\" data-widget_type=\"spacer.default\">\n\t\t\t\t<div class=\"elementor-widget-container\">\n\t\t\t\t\t\t\t<div class=\"elementor-spacer\">\n\t\t\t<div class=\"elementor-spacer-inner\"><\/div>\n\t\t<\/div>\n\t\t\t\t\t\t<\/div>\n\t\t\t\t<\/div>\n\t\t\t\t<div class=\"elementor-element elementor-element-440c50a split-breadcrumbs-y elementor-widget elementor-widget-the7-breadcrumb\" data-id=\"440c50a\" data-element_type=\"widget\" data-widget_type=\"the7-breadcrumb.default\">\n\t\t\t\t<div class=\"elementor-widget-container\">\n\t\t\t\t\t<div class=\"assistive-text\">You are here:<\/div><ol class=\"breadcrumbs text-small rcrumbs\" itemscope itemtype=\"https:\/\/schema.org\/BreadcrumbList\"><li itemprop=\"itemListElement\" itemscope itemtype=\"https:\/\/schema.org\/ListItem\"><a itemprop=\"item\" href=\"https:\/\/cemlight.com\/tr\/\" title=\"Home\"><span itemprop=\"name\">Home<\/span><\/a><meta itemprop=\"position\" content=\"1\" \/><\/li><li class=\"current\" itemprop=\"itemListElement\" itemscope itemtype=\"https:\/\/schema.org\/ListItem\"><span itemprop=\"name\">Sayfa<\/span><meta itemprop=\"position\" content=\"2\" \/><\/li><\/ol>\t\t\t\t<\/div>\n\t\t\t\t<\/div>\n\t\t\t\t<div class=\"elementor-element elementor-element-dae1262 elementor-widget elementor-widget-spacer\" data-id=\"dae1262\" data-element_type=\"widget\" data-widget_type=\"spacer.default\">\n\t\t\t\t<div class=\"elementor-widget-container\">\n\t\t\t\t\t\t\t<div class=\"elementor-spacer\">\n\t\t\t<div class=\"elementor-spacer-inner\"><\/div>\n\t\t<\/div>\n\t\t\t\t\t\t<\/div>\n\t\t\t\t<\/div>\n\t\t\t\t<div class=\"elementor-element elementor-element-f20520d elementor-widget elementor-widget-text-editor\" data-id=\"f20520d\" data-element_type=\"widget\" data-widget_type=\"text-editor.default\">\n\t\t\t\t<div class=\"elementor-widget-container\">\n\t\t\t\t\t\t\t\t\t<p>TAR\u0130H\u00c7E<\/p>\t\t\t\t\t\t\t\t<\/div>\n\t\t\t\t<\/div>\n\t\t\t\t<div class=\"elementor-element elementor-element-cd65ffc elementor-widget elementor-widget-spacer\" data-id=\"cd65ffc\" data-element_type=\"widget\" data-widget_type=\"spacer.default\">\n\t\t\t\t<div class=\"elementor-widget-container\">\n\t\t\t\t\t\t\t<div class=\"elementor-spacer\">\n\t\t\t<div class=\"elementor-spacer-inner\"><\/div>\n\t\t<\/div>\n\t\t\t\t\t\t<\/div>\n\t\t\t\t<\/div>\n\t\t\t\t\t<\/div>\n\t\t<\/div>\n\t\t\t\t\t<\/div>\n\t\t<\/section>\n\t\t\t\t<div class=\"elementor-element elementor-element-a21307d elementor-widget elementor-widget-image\" data-id=\"a21307d\" data-element_type=\"widget\" data-widget_type=\"image.default\">\n\t\t\t\t<div class=\"elementor-widget-container\">\n\t\t\t\t\t\t\t\t\t\t\t\t\t\t\t<img decoding=\"async\" width=\"1920\" height=\"15\" src=\"https:\/\/cemlight.com\/tr\/wp-content\/uploads\/2020\/07\/Untitled-1-1.jpg\" class=\"attachment-full size-full wp-image-2835\" alt=\"\" srcset=\"https:\/\/cemlight.com\/tr\/wp-content\/uploads\/2020\/07\/Untitled-1-1.jpg 1920w, https:\/\/cemlight.com\/tr\/wp-content\/uploads\/2020\/07\/Untitled-1-1-300x2.jpg 300w, https:\/\/cemlight.com\/tr\/wp-content\/uploads\/2020\/07\/Untitled-1-1-1024x8.jpg 1024w, https:\/\/cemlight.com\/tr\/wp-content\/uploads\/2020\/07\/Untitled-1-1-768x6.jpg 768w, https:\/\/cemlight.com\/tr\/wp-content\/uploads\/2020\/07\/Untitled-1-1-1536x12.jpg 1536w\" sizes=\"(max-width: 1920px) 100vw, 1920px\" \/>\t\t\t\t\t\t\t\t\t\t\t\t\t\t\t<\/div>\n\t\t\t\t<\/div>\n\t\t\t\t\t<\/div>\n\t\t<\/div>\n\t\t\t\t\t<\/div>\n\t\t<\/section>\n\t\t\t\t<section class=\"elementor-section elementor-top-section elementor-element elementor-element-c2dbfc0 elementor-section-stretched elementor-section-boxed elementor-section-height-default elementor-section-height-default\" data-id=\"c2dbfc0\" data-element_type=\"section\" data-settings=\"{&quot;stretch_section&quot;:&quot;section-stretched&quot;}\">\n\t\t\t\t\t\t<div class=\"elementor-container elementor-column-gap-default\">\n\t\t\t\t\t<div class=\"elementor-column elementor-col-100 elementor-top-column elementor-element elementor-element-a8ce22c\" data-id=\"a8ce22c\" data-element_type=\"column\">\n\t\t\t<div class=\"elementor-widget-wrap elementor-element-populated\">\n\t\t\t\t\t\t<div class=\"elementor-element elementor-element-c0ef515 elementor-widget elementor-widget-shortcode\" data-id=\"c0ef515\" data-element_type=\"widget\" data-widget_type=\"shortcode.default\">\n\t\t\t\t<div class=\"elementor-widget-container\">\n\t\t\t\t\t\t\t<div class=\"elementor-shortcode\">\t\t\t<!-- Cool Timeline Free V3.0.3 -->\n\t\t\t<div class=\"ctl-wrapper\" role=\"region\" aria-label=\"Timeline\">\n\t\t\t\t<div class=\"ctl-before-content\"><div class=\"timeline-main-title\"><h2>Miletones<\/h2><\/div><\/div>\t\t\t\t<div id=\"cool_timeline_1\" class=\"cool-timeline-wrapper ctl-both-sided ctl-vertical-wrapper ctl-clean-skin\" >\n\t\t\t\t\t<div class=\"ctl-start\"><\/div>\n\t\t\t\t\t<!-- Timeline Container -->\n\t\t\t\t\t<div class=\"ctl-timeline ctl-timeline-container\" data-animation=\"fade-up\">\n\t\t\t\t\t\t<!-- Center Line -->\n\t\t\t\t\t\t<div class=\"ctl-inner-line\" role=\"presentation\"><\/div>\n\t\t\t\t\t\t<!-- Timeline Content --><div  id=\"ctl-story-3936\" class=\"ctl-story ctl-story-icon odd ctl-story-right\" data-aos=\"fade-up\"   data-story-index=\"1\" role=\"article\"><!-- Story Date --><div class=\"ctl-labels\"><div class=\"ctl-label-big story-date\"> <\/div><\/div><!-- Story Icon --><div class=\"ctl-icon\"><i class=\"fa fa-clock-o\" aria-hidden=\"true\"><\/i><\/div> <!-- Story Content --><div class=\"ctl-content\"><!-- Story Title --><div class=\"ctl-title story-3936\" aria-label=\"2\">Bug\u00fcn<\/div><!-- Story Description --><div class=\"ctl-description\"><p>Bug\u00fcn Cemda\u011f, tam 250 \u00fczerinde \u00e7al\u0131\u015fan\u0131 ve 3 ayr\u0131 \u00fcretim tesisiyle T\u00fcrkiye\u2019de \u00fcretim yapan \u2018\u00fcretim \u00e7e\u015fidi en \u00e7ok\u2019 olan firmad\u0131r. &nbsp;<\/p>\n<\/div><\/div><\/div><!-- Timeline Content --><div  id=\"ctl-story-3934\" class=\"ctl-story ctl-story-icon even ctl-story-left\" data-aos=\"fade-up\"   data-story-index=\"2\" role=\"article\"><!-- Story Date --><div class=\"ctl-labels\"><div class=\"ctl-label-big story-date\"> <\/div><\/div><!-- Story Icon --><div class=\"ctl-icon\"><i class=\"fa fa-clock-o\" aria-hidden=\"true\"><\/i><\/div> <!-- Story Content --><div class=\"ctl-content\"><!-- Story Title --><div class=\"ctl-title story-3934\" aria-label=\"2\">2010<\/div><!-- Story Description --><div class=\"ctl-description\"><p>2010\u2019da T\u00fcrkiye\u2019nin T\u00fcrkak\u2019dan akredite olmu\u015f ilk ve tek fotometri laboratuvar\u0131n\u0131 kurmu\u015ftur.<\/p>\n<\/div><\/div><\/div><!-- Timeline Content --><div  id=\"ctl-story-3932\" class=\"ctl-story ctl-story-icon odd ctl-story-right\" data-aos=\"fade-up\"   data-story-index=\"3\" role=\"article\"><!-- Story Date --><div class=\"ctl-labels\"><div class=\"ctl-label-big story-date\"> <\/div><\/div><!-- Story Icon --><div class=\"ctl-icon\"><i class=\"fa fa-clock-o\" aria-hidden=\"true\"><\/i><\/div> <!-- Story Content --><div class=\"ctl-content\"><!-- Story Title --><div class=\"ctl-title story-3932\" aria-label=\"2\">2008<\/div><!-- Story Description --><div class=\"ctl-description\"><p>2008\u2019de, Alia\u011fa Organize Sanayi B\u00f6lgesi\u2019nde yer alan tesisini\u00a0faaliyete ge\u00e7irmi\u015ftir.<\/p>\n<\/div><\/div><\/div><!-- Timeline Content --><div  id=\"ctl-story-3930\" class=\"ctl-story ctl-story-icon even ctl-story-left\" data-aos=\"fade-up\"   data-story-index=\"4\" role=\"article\"><!-- Story Date --><div class=\"ctl-labels\"><div class=\"ctl-label-big story-date\"> <\/div><\/div><!-- Story Icon --><div class=\"ctl-icon\"><i class=\"fa fa-clock-o\" aria-hidden=\"true\"><\/i><\/div> <!-- Story Content --><div class=\"ctl-content\"><!-- Story Title --><div class=\"ctl-title story-3930\" aria-label=\"2\">1997<\/div><!-- Story Description --><div class=\"ctl-description\"><p>1997\u2019de, \u00c7i\u011fli Atat\u00fcrk Organize Sanayi B\u00f6lgesi\u2019nde yer alan tesisini faaliyete ge\u00e7irmi\u015ftir.<\/p>\n<\/div><\/div><\/div><!-- Timeline Content --><div  id=\"ctl-story-3928\" class=\"ctl-story ctl-story-icon odd ctl-story-right\" data-aos=\"fade-up\"   data-story-index=\"5\" role=\"article\"><!-- Story Date --><div class=\"ctl-labels\"><div class=\"ctl-label-big story-date\"> <\/div><\/div><!-- Story Icon --><div class=\"ctl-icon\"><i class=\"fa fa-clock-o\" aria-hidden=\"true\"><\/i><\/div> <!-- Story Content --><div class=\"ctl-content\"><!-- Story Title --><div class=\"ctl-title story-3928\" aria-label=\"2\">1995<\/div><!-- Story Description --><div class=\"ctl-description\"><p>1995\u2019te ayd\u0131nlatma sekt\u00f6r\u00fcnde ilk ISO belgesini alan kurum olan Cemda\u011f, ayn\u0131 senelerde T\u00fcrkiye\u2019nin belli ba\u015fl\u0131 b\u00f6lgelerinde sat\u0131\u015f ve pazarlama ofislerini a\u00e7m\u0131\u015ft\u0131r.<\/p>\n<\/div><\/div><\/div><!-- Timeline Content --><div  id=\"ctl-story-3926\" class=\"ctl-story ctl-story-icon even ctl-story-left\" data-aos=\"fade-up\"   data-story-index=\"6\" role=\"article\"><!-- Story Date --><div class=\"ctl-labels\"><div class=\"ctl-label-big story-date\"> <\/div><\/div><!-- Story Icon --><div class=\"ctl-icon\"><i class=\"fa fa-clock-o\" aria-hidden=\"true\"><\/i><\/div> <!-- Story Content --><div class=\"ctl-content\"><!-- Story Title --><div class=\"ctl-title story-3926\" aria-label=\"2\">1984<\/div><!-- Story Description --><div class=\"ctl-description\"><p>1984\u2019te T\u00fcrkiye\u2019nin ilk y\u00fcksek IP korumal\u0131 sokak armat\u00fcr\u00fcn\u00fc ve sodyum ampul ile \u00e7al\u0131\u015fan sokak armat\u00fcr\u00fcn\u00fc \u00fcretmi\u015ftir.<\/p>\n<\/div><\/div><\/div><!-- Timeline Content --><div  id=\"ctl-story-3924\" class=\"ctl-story ctl-story-icon odd ctl-story-right\" data-aos=\"fade-up\"   data-story-index=\"7\" role=\"article\"><!-- Story Date --><div class=\"ctl-labels\"><div class=\"ctl-label-big story-date\"> <\/div><\/div><!-- Story Icon --><div class=\"ctl-icon\"><i class=\"fa fa-clock-o\" aria-hidden=\"true\"><\/i><\/div> <!-- Story Content --><div class=\"ctl-content\"><!-- Story Title --><div class=\"ctl-title story-3924\" aria-label=\"2\">1980-1981<\/div><!-- Story Description --><div class=\"ctl-description\"><p>1980 y\u0131l\u0131n\u0131n ba\u015flar\u0131nda yol ve sokak armat\u00fcrleri \u00fcretimine ba\u015flayan Cemda\u011f 1981 y\u0131l\u0131nda ARGE laboratuvar\u0131n\u0131 kurmu\u015ftur. Yine 1981 de ilk ihracat\u0131n\u0131 yapan Cemda\u011f, bug\u00fcn 5 k\u0131taya ihracat yapmaktad\u0131r.<\/p>\n<\/div><\/div><\/div><!-- Timeline Content --><div  id=\"ctl-story-3922\" class=\"ctl-story ctl-story-icon even ctl-story-left\" data-aos=\"fade-up\"   data-story-index=\"8\" role=\"article\"><!-- Story Date --><div class=\"ctl-labels\"><div class=\"ctl-label-big story-date\"> <\/div><\/div><!-- Story Icon --><div class=\"ctl-icon\"><i class=\"fa fa-clock-o\" aria-hidden=\"true\"><\/i><\/div> <!-- Story Content --><div class=\"ctl-content\"><!-- Story Title --><div class=\"ctl-title story-3922\" aria-label=\"2\">1972<\/div><!-- Story Description --><div class=\"ctl-description\"><p>1972\u2019de ilk kalite standart\u0131 belgesini alan Cemda\u011f, 1974\u2019te civa buharl\u0131 ampul balast\u0131 \u00fcretimine ba\u015flam\u0131\u015ft\u0131r.<\/p>\n<\/div><\/div><\/div><!-- Timeline Content --><div  id=\"ctl-story-3918\" class=\"ctl-story ctl-story-icon odd ctl-story-right\" data-aos=\"fade-up\"   data-story-index=\"9\" role=\"article\"><!-- Story Date --><div class=\"ctl-labels\"><div class=\"ctl-label-big story-date\"> <\/div><\/div><!-- Story Icon --><div class=\"ctl-icon\"><i class=\"fa fa-clock-o\" aria-hidden=\"true\"><\/i><\/div> <!-- Story Content --><div class=\"ctl-content\"><!-- Story Title --><div class=\"ctl-title story-3918\" aria-label=\"2\">1968<\/div><!-- Story Description --><div class=\"ctl-description\"><p>Cemda\u011f, 1968 y\u0131l\u0131nda 2 ki\u015filik ekibiyle Mustafa Cem taraf\u0131ndan 60 m2\u2019lik bir alanda kurulmu\u015f idealleri olan bir kurumdur. Eksantrik pres makina yat\u0131r\u0131m\u0131n\u0131 ve ilk floresan balast \u00fcretimini yine 1968\u2019de yapm\u0131\u015f ve ilk kalite sertifikas\u0131n\u0131 ayn\u0131 sene alm\u0131\u015ft\u0131r. &nbsp;<\/p>\n<\/div><\/div><\/div>\t\t\t\t\t<\/div>\n\t\t\t\t\t<div class=\"ctl-end\"><\/div>\n\t\t\t\t\t\t\t\t\t<\/div>\n\t\t\t<\/div>\n\t\t\t<\/div>\n\t\t\t\t\t\t<\/div>\n\t\t\t\t<\/div>\n\t\t\t\t\t<\/div>\n\t\t<\/div>\n\t\t\t\t\t<\/div>\n\t\t<\/section>\n\t\t\t\t<\/div>\n\t\t","protected":false},"excerpt":{"rendered":"<p>You are here: Home Sayfa TAR\u0130H\u00c7E<\/p>\n","protected":false},"author":1,"featured_media":0,"parent":0,"menu_order":17,"comment_status":"closed","ping_status":"closed","template":"","meta":{"inline_featured_image":false,"footnotes":""},"class_list":["post-3853","page","type-page","status-publish","hentry","description-off"],"aioseo_notices":[],"_links":{"self":[{"href":"https:\/\/cemlight.com\/tr\/wp-json\/wp\/v2\/pages\/3853","targetHints":{"allow":["GET"]}}],"collection":[{"href":"https:\/\/cemlight.com\/tr\/wp-json\/wp\/v2\/pages"}],"about":[{"href":"https:\/\/cemlight.com\/tr\/wp-json\/wp\/v2\/types\/page"}],"author":[{"embeddable":true,"href":"https:\/\/cemlight.com\/tr\/wp-json\/wp\/v2\/users\/1"}],"replies":[{"embeddable":true,"href":"https:\/\/cemlight.com\/tr\/wp-json\/wp\/v2\/comments?post=3853"}],"version-history":[{"count":22,"href":"https:\/\/cemlight.com\/tr\/wp-json\/wp\/v2\/pages\/3853\/revisions"}],"predecessor-version":[{"id":8947,"href":"https:\/\/cemlight.com\/tr\/wp-json\/wp\/v2\/pages\/3853\/revisions\/8947"}],"wp:attachment":[{"href":"https:\/\/cemlight.com\/tr\/wp-json\/wp\/v2\/media?parent=3853"}],"curies":[{"name":"wp","href":"https:\/\/api.w.org\/{rel}","templated":true}]}}