{"id":3862,"date":"2021-02-19T14:08:16","date_gmt":"2021-02-19T11:08:16","guid":{"rendered":"https:\/\/cemlight.com\/tr\/?page_id=3862"},"modified":"2021-07-12T12:47:09","modified_gmt":"2021-07-12T09:47:09","slug":"human-resources","status":"publish","type":"page","link":"https:\/\/cemlight.com\/tr\/insan-kaynaklari\/","title":{"rendered":"\u0130nsan Kaynaklar\u0131"},"content":{"rendered":"\t\t<div data-elementor-type=\"wp-page\" data-elementor-id=\"3862\" class=\"elementor elementor-3862\" data-elementor-post-type=\"page\">\n\t\t\t\t\t\t<section class=\"elementor-section elementor-top-section elementor-element elementor-element-23a94c3 elementor-section-full_width elementor-section-stretched elementor-section-height-default elementor-section-height-default\" data-id=\"23a94c3\" data-element_type=\"section\" data-settings=\"{&quot;stretch_section&quot;:&quot;section-stretched&quot;}\">\n\t\t\t\t\t\t<div class=\"elementor-container elementor-column-gap-no\">\n\t\t\t\t\t<div class=\"elementor-column elementor-col-100 elementor-top-column elementor-element elementor-element-69f6e2b\" data-id=\"69f6e2b\" data-element_type=\"column\">\n\t\t\t<div class=\"elementor-widget-wrap elementor-element-populated\">\n\t\t\t\t\t\t<section class=\"elementor-section elementor-inner-section elementor-element elementor-element-2e5f92c elementor-section-boxed elementor-section-height-default elementor-section-height-default\" data-id=\"2e5f92c\" data-element_type=\"section\">\n\t\t\t\t\t\t<div class=\"elementor-container elementor-column-gap-no\">\n\t\t\t\t\t<div class=\"elementor-column elementor-col-100 elementor-inner-column elementor-element elementor-element-50c7ac2\" data-id=\"50c7ac2\" data-element_type=\"column\">\n\t\t\t<div class=\"elementor-widget-wrap elementor-element-populated\">\n\t\t\t\t\t\t<div class=\"elementor-element elementor-element-c158bd7 elementor-widget elementor-widget-spacer\" data-id=\"c158bd7\" data-element_type=\"widget\" data-widget_type=\"spacer.default\">\n\t\t\t\t<div class=\"elementor-widget-container\">\n\t\t\t\t\t\t\t<div class=\"elementor-spacer\">\n\t\t\t<div class=\"elementor-spacer-inner\"><\/div>\n\t\t<\/div>\n\t\t\t\t\t\t<\/div>\n\t\t\t\t<\/div>\n\t\t\t\t<div class=\"elementor-element elementor-element-e569a6e split-breadcrumbs-y elementor-widget elementor-widget-the7-breadcrumb\" data-id=\"e569a6e\" data-element_type=\"widget\" data-widget_type=\"the7-breadcrumb.default\">\n\t\t\t\t<div class=\"elementor-widget-container\">\n\t\t\t\t\t<div class=\"assistive-text\">You are here:<\/div><ol class=\"breadcrumbs text-small rcrumbs\" itemscope itemtype=\"https:\/\/schema.org\/BreadcrumbList\"><li itemprop=\"itemListElement\" itemscope itemtype=\"https:\/\/schema.org\/ListItem\"><a itemprop=\"item\" href=\"https:\/\/cemlight.com\/tr\/\" title=\"Home\"><span itemprop=\"name\">Home<\/span><\/a><meta itemprop=\"position\" content=\"1\" \/><\/li><li class=\"current\" itemprop=\"itemListElement\" itemscope itemtype=\"https:\/\/schema.org\/ListItem\"><span itemprop=\"name\">Sayfa<\/span><meta itemprop=\"position\" content=\"2\" \/><\/li><\/ol>\t\t\t\t<\/div>\n\t\t\t\t<\/div>\n\t\t\t\t<div class=\"elementor-element elementor-element-e64917a elementor-widget elementor-widget-spacer\" data-id=\"e64917a\" data-element_type=\"widget\" data-widget_type=\"spacer.default\">\n\t\t\t\t<div class=\"elementor-widget-container\">\n\t\t\t\t\t\t\t<div class=\"elementor-spacer\">\n\t\t\t<div class=\"elementor-spacer-inner\"><\/div>\n\t\t<\/div>\n\t\t\t\t\t\t<\/div>\n\t\t\t\t<\/div>\n\t\t\t\t<div class=\"elementor-element elementor-element-8e96039 elementor-widget elementor-widget-text-editor\" data-id=\"8e96039\" data-element_type=\"widget\" data-widget_type=\"text-editor.default\">\n\t\t\t\t<div class=\"elementor-widget-container\">\n\t\t\t\t\t\t\t\t\t<p>\u0130NSAN KAYNAKLARI<\/p>\t\t\t\t\t\t\t\t<\/div>\n\t\t\t\t<\/div>\n\t\t\t\t<div class=\"elementor-element elementor-element-77ffbac elementor-widget elementor-widget-spacer\" data-id=\"77ffbac\" data-element_type=\"widget\" data-widget_type=\"spacer.default\">\n\t\t\t\t<div class=\"elementor-widget-container\">\n\t\t\t\t\t\t\t<div class=\"elementor-spacer\">\n\t\t\t<div class=\"elementor-spacer-inner\"><\/div>\n\t\t<\/div>\n\t\t\t\t\t\t<\/div>\n\t\t\t\t<\/div>\n\t\t\t\t\t<\/div>\n\t\t<\/div>\n\t\t\t\t\t<\/div>\n\t\t<\/section>\n\t\t\t\t<div class=\"elementor-element elementor-element-57a4f6c elementor-widget elementor-widget-image\" data-id=\"57a4f6c\" data-element_type=\"widget\" data-widget_type=\"image.default\">\n\t\t\t\t<div class=\"elementor-widget-container\">\n\t\t\t\t\t\t\t\t\t\t\t\t\t\t\t<img decoding=\"async\" width=\"1920\" height=\"15\" src=\"https:\/\/cemlight.com\/tr\/wp-content\/uploads\/2020\/07\/Untitled-1-1.jpg\" class=\"attachment-full size-full wp-image-2835\" alt=\"\" srcset=\"https:\/\/cemlight.com\/tr\/wp-content\/uploads\/2020\/07\/Untitled-1-1.jpg 1920w, https:\/\/cemlight.com\/tr\/wp-content\/uploads\/2020\/07\/Untitled-1-1-300x2.jpg 300w, https:\/\/cemlight.com\/tr\/wp-content\/uploads\/2020\/07\/Untitled-1-1-1024x8.jpg 1024w, https:\/\/cemlight.com\/tr\/wp-content\/uploads\/2020\/07\/Untitled-1-1-768x6.jpg 768w, https:\/\/cemlight.com\/tr\/wp-content\/uploads\/2020\/07\/Untitled-1-1-1536x12.jpg 1536w\" sizes=\"(max-width: 1920px) 100vw, 1920px\" \/>\t\t\t\t\t\t\t\t\t\t\t\t\t\t\t<\/div>\n\t\t\t\t<\/div>\n\t\t\t\t\t<\/div>\n\t\t<\/div>\n\t\t\t\t\t<\/div>\n\t\t<\/section>\n\t\t\t\t<section class=\"elementor-section elementor-top-section elementor-element elementor-element-60f081e elementor-section-stretched elementor-section-boxed elementor-section-height-default elementor-section-height-default\" data-id=\"60f081e\" data-element_type=\"section\" data-settings=\"{&quot;stretch_section&quot;:&quot;section-stretched&quot;}\">\n\t\t\t\t\t\t<div class=\"elementor-container elementor-column-gap-default\">\n\t\t\t\t\t<div class=\"elementor-column elementor-col-100 elementor-top-column elementor-element elementor-element-f967ef2\" data-id=\"f967ef2\" data-element_type=\"column\">\n\t\t\t<div class=\"elementor-widget-wrap elementor-element-populated\">\n\t\t\t\t\t\t<div class=\"elementor-element elementor-element-775a0fd elementor-widget elementor-widget-text-editor\" data-id=\"775a0fd\" data-element_type=\"widget\" data-widget_type=\"text-editor.default\">\n\t\t\t\t<div class=\"elementor-widget-container\">\n\t\t\t\t\t\t\t\t\t<p><em>&#8220;Bir aile \u015firketi olup, bir aile gibi d\u00fc\u015f\u00fcnmeye devam etmek\u201c<\/em><\/p><p>Cemda\u011f Ayd\u0131nlatma, \u00e7al\u0131\u015fanlar\u0131n potansiyellerini ortaya \u00e7\u0131karmas\u0131n\u0131 sa\u011flayan, her \u00e7al\u0131\u015fan\u0131n de\u011fer yaratarak Cemda\u011f Ayd\u0131nlatma&#8217;n\u0131n gelece\u011fine katk\u0131da bulundu\u011fu, de\u011fer g\u00f6rd\u00fc\u011f\u00fc, y\u00fcksek performans, geli\u015fim odakl\u0131, her alanda g\u00fc\u00e7l\u00fc ve etkili, ba\u011fl\u0131l\u0131\u011f\u0131 y\u00fcksek bir adaletli, \u015feffaf ve sesidir. mutlu, verimli, ba\u015far\u0131l\u0131 ve sa\u011fl\u0131kl\u0131 bir i\u015f g\u00fcc\u00fc olu\u015fturmay\u0131 hedefler.<\/p><p>Mevcut pozisyonlar i\u00e7in en do\u011fru ve yetkin adaylar\u0131 i\u015fe almak i\u00e7in t\u00fcm i\u015fe al\u0131m ara\u00e7lar\u0131 etkin bir \u015fekilde kullan\u0131lmaktad\u0131r.<\/p><p>\u00c7al\u0131\u015fanlar\u0131m\u0131z\u0131n mevcut rollerindeki potansiyellerinin de\u011ferlendirildi\u011fi ve katma de\u011ferlerini art\u0131rarak geli\u015fim f\u0131rsatlar\u0131 ile desteklendi\u011fi potansiyel de\u011ferlendirme, yedekleme, rotasyon ve kariyer haritalama \u00e7al\u0131\u015fmalar\u0131 yap\u0131lmaktad\u0131r.<\/p><p>Cemda\u011f \u00e7al\u0131\u015fan ba\u011fl\u0131l\u0131\u011f\u0131n\u0131n en \u00f6nemli yap\u0131 ta\u015flar\u0131ndan biri, t\u00fcm \u00e7al\u0131\u015fanlar taraf\u0131ndan s\u00fcrd\u00fcr\u00fclen ve payla\u015f\u0131lan g\u00fc\u00e7l\u00fc kurum k\u00fclt\u00fcr\u00fc sayesinde \u00e7al\u0131\u015fan ba\u011fl\u0131l\u0131\u011f\u0131n\u0131 art\u0131rmak ve s\u00fcrd\u00fcr\u00fclebilir olmakt\u0131r.<\/p>\t\t\t\t\t\t\t\t<\/div>\n\t\t\t\t<\/div>\n\t\t\t\t\t<\/div>\n\t\t<\/div>\n\t\t\t\t\t<\/div>\n\t\t<\/section>\n\t\t\t\t<section class=\"elementor-section elementor-top-section elementor-element elementor-element-76e9918 elementor-section-boxed elementor-section-height-default elementor-section-height-default\" data-id=\"76e9918\" data-element_type=\"section\">\n\t\t\t\t\t\t<div class=\"elementor-container elementor-column-gap-default\">\n\t\t\t\t\t<div class=\"elementor-column elementor-col-100 elementor-top-column elementor-element elementor-element-7057338\" data-id=\"7057338\" data-element_type=\"column\">\n\t\t\t<div class=\"elementor-widget-wrap elementor-element-populated\">\n\t\t\t\t\t\t<div class=\"elementor-element elementor-element-60a55cc elementor-widget elementor-widget-spacer\" data-id=\"60a55cc\" data-element_type=\"widget\" data-widget_type=\"spacer.default\">\n\t\t\t\t<div class=\"elementor-widget-container\">\n\t\t\t\t\t\t\t<div class=\"elementor-spacer\">\n\t\t\t<div class=\"elementor-spacer-inner\"><\/div>\n\t\t<\/div>\n\t\t\t\t\t\t<\/div>\n\t\t\t\t<\/div>\n\t\t\t\t\t<\/div>\n\t\t<\/div>\n\t\t\t\t\t<\/div>\n\t\t<\/section>\n\t\t\t\t<\/div>\n\t\t","protected":false},"excerpt":{"rendered":"<p>You are here: Home Sayfa \u0130NSAN KAYNAKLARI &#8220;Bir aile \u015firketi olup, bir aile gibi d\u00fc\u015f\u00fcnmeye devam etmek\u201c Cemda\u011f Ayd\u0131nlatma, \u00e7al\u0131\u015fanlar\u0131n potansiyellerini ortaya \u00e7\u0131karmas\u0131n\u0131 sa\u011flayan, her \u00e7al\u0131\u015fan\u0131n de\u011fer yaratarak Cemda\u011f Ayd\u0131nlatma&#8217;n\u0131n gelece\u011fine katk\u0131da bulundu\u011fu, de\u011fer g\u00f6rd\u00fc\u011f\u00fc, y\u00fcksek performans, geli\u015fim odakl\u0131, her alanda g\u00fc\u00e7l\u00fc ve etkili, ba\u011fl\u0131l\u0131\u011f\u0131 y\u00fcksek bir adaletli, \u015feffaf ve sesidir. mutlu, verimli, ba\u015far\u0131l\u0131 ve&hellip;<\/p>\n","protected":false},"author":1,"featured_media":0,"parent":0,"menu_order":20,"comment_status":"closed","ping_status":"closed","template":"","meta":{"inline_featured_image":false,"footnotes":""},"class_list":["post-3862","page","type-page","status-publish","hentry"],"aioseo_notices":[],"_links":{"self":[{"href":"https:\/\/cemlight.com\/tr\/wp-json\/wp\/v2\/pages\/3862","targetHints":{"allow":["GET"]}}],"collection":[{"href":"https:\/\/cemlight.com\/tr\/wp-json\/wp\/v2\/pages"}],"about":[{"href":"https:\/\/cemlight.com\/tr\/wp-json\/wp\/v2\/types\/page"}],"author":[{"embeddable":true,"href":"https:\/\/cemlight.com\/tr\/wp-json\/wp\/v2\/users\/1"}],"replies":[{"embeddable":true,"href":"https:\/\/cemlight.com\/tr\/wp-json\/wp\/v2\/comments?post=3862"}],"version-history":[{"count":16,"href":"https:\/\/cemlight.com\/tr\/wp-json\/wp\/v2\/pages\/3862\/revisions"}],"predecessor-version":[{"id":8965,"href":"https:\/\/cemlight.com\/tr\/wp-json\/wp\/v2\/pages\/3862\/revisions\/8965"}],"wp:attachment":[{"href":"https:\/\/cemlight.com\/tr\/wp-json\/wp\/v2\/media?parent=3862"}],"curies":[{"name":"wp","href":"https:\/\/api.w.org\/{rel}","templated":true}]}}