{"id":4418,"date":"2021-02-24T15:30:48","date_gmt":"2021-02-24T12:30:48","guid":{"rendered":"https:\/\/cemlight.com\/tr\/?page_id=4418"},"modified":"2021-07-12T22:55:03","modified_gmt":"2021-07-12T19:55:03","slug":"road-lighting-design-parameters","status":"publish","type":"page","link":"https:\/\/cemlight.com\/tr\/yol-aydinlatma-tasarimi-parametreleri\/","title":{"rendered":"YOL AYDINLATMA TASARIMI PARAMETRELER\u0130"},"content":{"rendered":"\t\t<div data-elementor-type=\"wp-page\" data-elementor-id=\"4418\" class=\"elementor elementor-4418\" data-elementor-post-type=\"page\">\n\t\t\t\t\t\t<section class=\"elementor-section elementor-top-section elementor-element elementor-element-7b5c3e2 elementor-section-full_width elementor-section-stretched elementor-section-height-default elementor-section-height-default\" data-id=\"7b5c3e2\" data-element_type=\"section\" data-settings=\"{&quot;stretch_section&quot;:&quot;section-stretched&quot;}\">\n\t\t\t\t\t\t<div class=\"elementor-container elementor-column-gap-no\">\n\t\t\t\t\t<div class=\"elementor-column elementor-col-100 elementor-top-column elementor-element elementor-element-bc7b57f\" data-id=\"bc7b57f\" data-element_type=\"column\">\n\t\t\t<div class=\"elementor-widget-wrap elementor-element-populated\">\n\t\t\t\t\t\t<section class=\"elementor-section elementor-inner-section elementor-element elementor-element-54f23b2 elementor-section-boxed elementor-section-height-default elementor-section-height-default\" data-id=\"54f23b2\" data-element_type=\"section\">\n\t\t\t\t\t\t<div class=\"elementor-container elementor-column-gap-no\">\n\t\t\t\t\t<div class=\"elementor-column elementor-col-100 elementor-inner-column elementor-element elementor-element-7214353\" data-id=\"7214353\" data-element_type=\"column\">\n\t\t\t<div class=\"elementor-widget-wrap elementor-element-populated\">\n\t\t\t\t\t\t<div class=\"elementor-element elementor-element-144b586 elementor-widget elementor-widget-spacer\" data-id=\"144b586\" data-element_type=\"widget\" data-widget_type=\"spacer.default\">\n\t\t\t\t<div class=\"elementor-widget-container\">\n\t\t\t\t\t\t\t<div class=\"elementor-spacer\">\n\t\t\t<div class=\"elementor-spacer-inner\"><\/div>\n\t\t<\/div>\n\t\t\t\t\t\t<\/div>\n\t\t\t\t<\/div>\n\t\t\t\t<div class=\"elementor-element elementor-element-d7f2c36 split-breadcrumbs-y elementor-widget elementor-widget-the7-breadcrumb\" data-id=\"d7f2c36\" data-element_type=\"widget\" data-widget_type=\"the7-breadcrumb.default\">\n\t\t\t\t<div class=\"elementor-widget-container\">\n\t\t\t\t\t<div class=\"assistive-text\">You are here:<\/div><ol class=\"breadcrumbs text-small rcrumbs\" itemscope itemtype=\"https:\/\/schema.org\/BreadcrumbList\"><li itemprop=\"itemListElement\" itemscope itemtype=\"https:\/\/schema.org\/ListItem\"><a itemprop=\"item\" href=\"https:\/\/cemlight.com\/tr\/\" title=\"Home\"><span itemprop=\"name\">Home<\/span><\/a><meta itemprop=\"position\" content=\"1\" \/><\/li><li class=\"current\" itemprop=\"itemListElement\" itemscope itemtype=\"https:\/\/schema.org\/ListItem\"><span itemprop=\"name\">Sayfa<\/span><meta itemprop=\"position\" content=\"2\" \/><\/li><\/ol>\t\t\t\t<\/div>\n\t\t\t\t<\/div>\n\t\t\t\t<div class=\"elementor-element elementor-element-62e1014 elementor-widget elementor-widget-spacer\" data-id=\"62e1014\" data-element_type=\"widget\" data-widget_type=\"spacer.default\">\n\t\t\t\t<div class=\"elementor-widget-container\">\n\t\t\t\t\t\t\t<div class=\"elementor-spacer\">\n\t\t\t<div class=\"elementor-spacer-inner\"><\/div>\n\t\t<\/div>\n\t\t\t\t\t\t<\/div>\n\t\t\t\t<\/div>\n\t\t\t\t\t<\/div>\n\t\t<\/div>\n\t\t\t\t\t<\/div>\n\t\t<\/section>\n\t\t\t\t\t<\/div>\n\t\t<\/div>\n\t\t\t\t\t<\/div>\n\t\t<\/section>\n\t\t\t\t<section class=\"elementor-section elementor-top-section elementor-element elementor-element-23190d4e elementor-section-stretched elementor-section-boxed elementor-section-height-default elementor-section-height-default\" data-id=\"23190d4e\" data-element_type=\"section\" data-settings=\"{&quot;stretch_section&quot;:&quot;section-stretched&quot;}\">\n\t\t\t\t\t\t<div class=\"elementor-container elementor-column-gap-default\">\n\t\t\t\t\t<div class=\"elementor-column elementor-col-100 elementor-top-column elementor-element elementor-element-116d3b63\" data-id=\"116d3b63\" data-element_type=\"column\">\n\t\t\t<div class=\"elementor-widget-wrap elementor-element-populated\">\n\t\t\t\t\t\t<div class=\"elementor-element elementor-element-370d681c elementor-widget elementor-widget-text-editor\" data-id=\"370d681c\" data-element_type=\"widget\" data-widget_type=\"text-editor.default\">\n\t\t\t\t<div class=\"elementor-widget-container\">\n\t\t\t\t\t\t\t\t\t<div id=\"erf_form_container_4417\" class=\"erf-container erf-contact erf-label-top erf-layout-one-column erf-style-rounded-corner\">\n<div class=\"erf-content-above\">\n                            <\/div>\n<form method=\"post\" enctype=\"multipart\/form-data\" class=\"erf-form erf-front-form\" data-parsley-validate=\"\" novalidate=\"true\" data-erf-submission-id=\"0\" data-erf-form-id=\"4417\">\n<div class=\"erf-form-html\" id=\"erf_form_4417\">\n<div class=\"rendered-form\">\n<div class=\"erf-text form-group field-text-305113188240 erf-element-width-4\"><label for=\"text-305113188240\" class=\"erf-text-label\">1. Proje Ad\u0131:<\/label><input type='text' maxlength='50' class='form-control' name='text-305113188240' data-ref-label='Product Name' id='text-305113188240'  \/><\/div>\n<div class=\"erf-text form-group field-text-104871756533 erf-element-width-4\"><label for=\"text-104871756533\" class=\"erf-text-label\">2. Proje Lokasyonu:<\/label><input type='text' maxlength='50' class='form-control' name='text-104871756533' data-ref-label='Project_Location' id='text-104871756533'  \/><\/div>\n<div class=\"erf-radio-group form-group field-field-DadtenvVTrIwA77 erf-element-width-12\"><label for=\"field-DadtenvVTrIwA77\" class=\"erf-radio-group-label\">3. \u0130\u015fletme<\/label><\/p>\n<div class=\"radio-group\">\n<div class=\"radio\"><input id=\"field-DadtenvVTrIwA77-0\" name='field-DadtenvVTrIwA77' data-ref-label='isletme' class='form-control'  type=\"radio\" value=\"TEDA\u015e\" \/><label for=\"field-DadtenvVTrIwA77-0\">TEDA\u015e<\/label><\/div>\n<div class=\"radio\"><input id=\"field-DadtenvVTrIwA77-1\" name='field-DadtenvVTrIwA77' data-ref-label='isletme' class='form-control'  type=\"radio\" value=\"Karayollar\u0131 Genel M\u00fcd\u00fcrl\u00fc\u011f\u00fc\" \/><label for=\"field-DadtenvVTrIwA77-1\">Karayollar\u0131 Genel M\u00fcd\u00fcrl\u00fc\u011f\u00fc<\/label><\/div>\n<div class=\"radio\"><input id=\"field-DadtenvVTrIwA77-2\" name='field-DadtenvVTrIwA77' data-ref-label='isletme' class='form-control'  type=\"radio\" value=\"Belediye\" \/><label for=\"field-DadtenvVTrIwA77-2\">Belediye<\/label><\/div>\n<div class=\"radio\"><input id=\"field-DadtenvVTrIwA77-3\" name='field-DadtenvVTrIwA77' data-ref-label='isletme' class='form-control'  type=\"radio\" value=\"OSB\" \/><label for=\"field-DadtenvVTrIwA77-3\">OSB<\/label><\/div>\n<div class=\"radio\"><input id=\"field-DadtenvVTrIwA77-4\" name='field-DadtenvVTrIwA77' data-ref-label='isletme' class='form-control'  type=\"radio\" value=\"\u00d6zel \u0130\u015fletme\" \/><label for=\"field-DadtenvVTrIwA77-4\">\u00d6zel \u0130\u015fletme<\/label><\/div>\n<div class=\"radio\"><input id=\"field-DadtenvVTrIwA77-5\" name='field-DadtenvVTrIwA77' data-ref-label='isletme' class='form-control'  type=\"radio\" value=\"Di\u011fer\" \/><label for=\"field-DadtenvVTrIwA77-5\">Di\u011fer<\/label><\/div>\n<\/div>\n<\/div>\n<div class=\"erf-radio-group form-group field-field-lRxYagp8o8diNop erf-element-width-12\"><label for=\"field-lRxYagp8o8diNop\" class=\"erf-radio-group-label\">4.Yol Tipi:<\/label><\/p>\n<div class=\"radio-group\">\n<div class=\"radio\"><input id=\"field-lRxYagp8o8diNop-0\" name='field-lRxYagp8o8diNop' data-ref-label='yol_tipi' class='form-control'  type=\"radio\" value=\"Otoyol\" \/><label for=\"field-lRxYagp8o8diNop-0\">Otoyol<\/label><\/div>\n<div class=\"radio\"><input id=\"field-lRxYagp8o8diNop-1\" name='field-lRxYagp8o8diNop' data-ref-label='yol_tipi' class='form-control'  type=\"radio\" value=\"Devlet Yolu\" \/><label for=\"field-lRxYagp8o8diNop-1\">Devlet Yolu<\/label><\/div>\n<div class=\"radio\"><input id=\"field-lRxYagp8o8diNop-2\" name='field-lRxYagp8o8diNop' data-ref-label='yol_tipi' class='form-control'  type=\"radio\" value=\"\u015eehiri\u00e7i\" \/><label for=\"field-lRxYagp8o8diNop-2\">\u015eehiri\u00e7i<\/label><\/div>\n<div class=\"radio\"><input id=\"field-lRxYagp8o8diNop-3\" name='field-lRxYagp8o8diNop' data-ref-label='yol_tipi' class='form-control'  type=\"radio\" value=\"Di\u011fer\" \/><label for=\"field-lRxYagp8o8diNop-3\">Di\u011fer<\/label><\/div>\n<\/div>\n<\/div>\n<div class=\"erf-text form-group field-field-G3gspiDD6nF1xvU erf-element-width-4\"><label for=\"field-G3gspiDD6nF1xvU\" class=\"erf-text-label\">5. \u015eerit Geni\u015fli\u011fi: (m)<\/label><input type='text' data-ref-label='Lane Width' class='form-control' name='field-G3gspiDD6nF1xvU' id='field-G3gspiDD6nF1xvU'  \/><\/div>\n<div class=\"erf-text form-group field-field-j3VYAWZoVjwTsbX erf-element-width-4\"><label for=\"field-j3VYAWZoVjwTsbX\" class=\"erf-text-label\">6. \u015eerit Say\u0131s\u0131: (m)<\/label><input type='text' data-ref-label='Number of Traffic Lanes:' class='form-control' name='field-j3VYAWZoVjwTsbX' id='field-j3VYAWZoVjwTsbX'  \/><\/div>\n<div class=\"erf-text form-group field-field-QdzyzbYZVfyjh3X erf-element-width-4\"><label for=\"field-QdzyzbYZVfyjh3X\" class=\"erf-text-label\">7. Toplam Yol Geni\u015fli\u011fi: (m)<\/label><input type='text' data-ref-label='Width of Roadway' class='form-control' name='field-QdzyzbYZVfyjh3X' id='field-QdzyzbYZVfyjh3X'  \/><\/div>\n<div class=\"erf-text form-group field-field-jemF82X1lbuLx3i erf-element-width-4\"><label for=\"field-jemF82X1lbuLx3i\" class=\"erf-text-label\">8. Mevcut ise Orta Ref\u00fcj Geni\u015fli\u011fi<span class=\"tooltip-element\" tooltip=\"m\"><i class=\"fa fa-info\" aria-hidden=\"true\"><\/i><\/span><\/label><input type='text' data-ref-label='If any, Width of Median:' class='form-control' name='field-jemF82X1lbuLx3i' id='field-jemF82X1lbuLx3i'  \/><\/div>\n<div class=\"erf-text form-group field-field-qjDZy2UKwBtMULU erf-element-width-4\"><label for=\"field-qjDZy2UKwBtMULU\" class=\"erf-text-label\">9. Mevcut ise Kald\u0131r\u0131m Geni\u015fli\u011fi:<span class=\"tooltip-element\" tooltip=\"m\"><i class=\"fa fa-info\" aria-hidden=\"true\"><\/i><\/span><\/label><input type='text' data-ref-label='If any, Width of Footpath:' class='form-control' name='field-qjDZy2UKwBtMULU' id='field-qjDZy2UKwBtMULU'  \/><\/div>\n<div class=\"erf-text form-group field-field-d4LbeZxAFpSk7HU erf-element-width-4\"><label for=\"field-d4LbeZxAFpSk7HU\" class=\"erf-text-label\">10. Mevcut ise Emniyet \u015eeridi Geni\u015fli\u011fi:<span class=\"tooltip-element\" tooltip=\"m\"><i class=\"fa fa-info\" aria-hidden=\"true\"><\/i><\/span><\/label><input type='text' data-ref-label='If any, Width of Emergency Lane:' class='form-control' name='field-d4LbeZxAFpSk7HU' id='field-d4LbeZxAFpSk7HU'  \/><\/div>\n<div class=\"erf-text form-group field-field-EDTvMb7WRf2FlLR erf-element-width-4\"><label for=\"field-EDTvMb7WRf2FlLR\" class=\"erf-text-label\">11. \u0130stenen Par\u0131lt\u0131 De\u011feri (cd\/m\u00b2)<span class=\"tooltip-element\" tooltip=\"*(mevcut de\u011fil ise EN standard\u0131 baz al\u0131nacakt\u0131r.)\"><i class=\"fa fa-info\" aria-hidden=\"true\"><\/i><\/span><\/label><input type='text' data-ref-label='Required Luminance Value:' class='form-control' name='field-EDTvMb7WRf2FlLR' id='field-EDTvMb7WRf2FlLR'  \/><\/div>\n<div class=\"erf-text form-group field-field-ONnHCiT13yGFtxr erf-element-width-6\"><label for=\"field-ONnHCiT13yGFtxr\" class=\"erf-text-label\">12. Yol Ayd\u0131nlatma S\u0131n\u0131f\u0131:<span class=\"tooltip-element\" tooltip=\"*(Belirtilmemi\u015f ise EN standard\u0131 baz al\u0131nacakt\u0131r.)\"><i class=\"fa fa-info\" aria-hidden=\"true\"><\/i><\/span><\/label><input type='text' data-ref-label='Lighting Class:' class='form-control' name='field-ONnHCiT13yGFtxr' id='field-ONnHCiT13yGFtxr'  \/><\/div>\n<div class=\"erf-text form-group field-field-aNZ3m687cCicmVa erf-element-width-6\"><label for=\"field-aNZ3m687cCicmVa\" class=\"erf-text-label\">13. Bak\u0131m \u00c7arpan\u0131:<span class=\"tooltip-element\" tooltip=\"*(Belirtilmemi\u015f ise CIE standard\u0131 baz al\u0131nacakt\u0131r.)\"><i class=\"fa fa-info\" aria-hidden=\"true\"><\/i><\/span><\/label><input type='text' data-ref-label='Maintenance Factor' class='form-control' name='field-aNZ3m687cCicmVa' id='field-aNZ3m687cCicmVa'  \/><\/div>\n<div class=\"erf-radio-group form-group field-field-eA1sTeaQV11h7az erf-element-width-12\"><label for=\"field-eA1sTeaQV11h7az\" class=\"erf-radio-group-label\">14. Direk Yerle\u015fimi:<\/label><\/p>\n<div class=\"radio-group\">\n<div class=\"radio-inline\"><input id=\"field-eA1sTeaQV11h7az-0\" name='field-eA1sTeaQV11h7az' data-ref-label='Pole Arrangement Type:' class='form-control'  type=\"radio\" value=\"Orta \u015eerit D\u00fczeni\" \/><label for=\"field-eA1sTeaQV11h7az-0\">Orta \u015eerit D\u00fczeni<\/label><\/div>\n<div class=\"radio-inline\"><input id=\"field-eA1sTeaQV11h7az-1\" name='field-eA1sTeaQV11h7az' data-ref-label='Pole Arrangement Type:' class='form-control'  type=\"radio\" value=\"Tek Tarafl\u0131 Alt D\u00fczen\" \/><label for=\"field-eA1sTeaQV11h7az-1\">Tek Tarafl\u0131 Alt D\u00fczen<\/label><\/div>\n<div class=\"radio-inline\"><input id=\"field-eA1sTeaQV11h7az-2\" name='field-eA1sTeaQV11h7az' data-ref-label='Pole Arrangement Type:' class='form-control'  type=\"radio\" value=\"Tek Tarafl\u0131 \u00dcst D\u00fczen\" \/><label for=\"field-eA1sTeaQV11h7az-2\">Tek Tarafl\u0131 \u00dcst D\u00fczen<\/label><\/div>\n<div class=\"radio-inline\"><input id=\"field-eA1sTeaQV11h7az-3\" name='field-eA1sTeaQV11h7az' data-ref-label='Pole Arrangement Type:' class='form-control'  type=\"radio\" value=\"Kar\u015f\u0131l\u0131kl\u0131 \u0130ki Tarafl\u0131 D\u00fczen\" \/><label for=\"field-eA1sTeaQV11h7az-3\">Kar\u015f\u0131l\u0131kl\u0131 \u0130ki Tarafl\u0131 D\u00fczen<\/label><\/div>\n<div class=\"radio-inline\"><input id=\"field-eA1sTeaQV11h7az-4\" name='field-eA1sTeaQV11h7az' data-ref-label='Pole Arrangement Type:' class='form-control'  type=\"radio\" value=\"Kayd\u0131r\u0131lm\u0131\u015f \u0130ki Tarafl\u0131 D\u00fczen\" \/><label for=\"field-eA1sTeaQV11h7az-4\">Kayd\u0131r\u0131lm\u0131\u015f \u0130ki Tarafl\u0131 D\u00fczen<\/label><\/div>\n<\/div>\n<\/div>\n<div class=\"erf-text form-group field-field-TBwWrOk4bkSMxOo erf-element-width-4\"><label for=\"field-TBwWrOk4bkSMxOo\" class=\"erf-text-label\">15. \u0130ki Direk Aras\u0131 En Y\u00fcksek Mesafe (m)<\/label><input type='text' data-ref-label='Maximum Distance Between Two Poles:' class='form-control' name='field-TBwWrOk4bkSMxOo' id='field-TBwWrOk4bkSMxOo'  \/><\/div>\n<div class=\"erf-text form-group field-field-Fhap08cKs26f137 erf-element-width-4\"><label for=\"field-Fhap08cKs26f137\" class=\"erf-text-label\">16. Direk ile Yol Aras\u0131 Mesafe:<span class=\"tooltip-element\" tooltip=\"m\"><i class=\"fa fa-info\" aria-hidden=\"true\"><\/i><\/span><\/label><input type='text' data-ref-label='Pole Distance from Roadway' class='form-control' name='field-Fhap08cKs26f137' id='field-Fhap08cKs26f137'  \/><\/div>\n<div class=\"erf-text form-group field-field-3a1paztNIlatdJ4 erf-element-width-4\"><label for=\"field-3a1paztNIlatdJ4\" class=\"erf-text-label\">17. Direk Y\u00fcksekli\u011fi<span class=\"tooltip-element\" tooltip=\"m\"><i class=\"fa fa-info\" aria-hidden=\"true\"><\/i><\/span><\/label><input type='text' data-ref-label='Pole Height' class='form-control' name='field-3a1paztNIlatdJ4' id='field-3a1paztNIlatdJ4'  \/><\/div>\n<div class=\"erf-radio-group form-group field-field-g5YCy8JTgyQ9lND erf-element-width-4\"><label for=\"field-g5YCy8JTgyQ9lND\" class=\"erf-radio-group-label\">18. Konsol Say\u0131s\u0131:<\/label><\/p>\n<div class=\"radio-group\">\n<div class=\"radio-inline\"><input id=\"field-g5YCy8JTgyQ9lND-0\" name='field-g5YCy8JTgyQ9lND' data-ref-label='Number of Luminaires per Pole' class='form-control'  type=\"radio\" value=\"Single\" \/><label for=\"field-g5YCy8JTgyQ9lND-0\">Tek<\/label><\/div>\n<div class=\"radio-inline\"><input id=\"field-g5YCy8JTgyQ9lND-1\" name='field-g5YCy8JTgyQ9lND' data-ref-label='Number of Luminaires per Pole' class='form-control'  type=\"radio\" value=\"Pair\" \/><label for=\"field-g5YCy8JTgyQ9lND-1\">\u00c7ift<\/label><\/div>\n<\/div>\n<\/div>\n<div class=\"erf-text form-group field-field-kwozPn3jiTaeyTW erf-element-width-4\"><label for=\"field-kwozPn3jiTaeyTW\" class=\"erf-text-label\">19. Konsol Boyu<span class=\"tooltip-element\" tooltip=\"m\"><i class=\"fa fa-info\" aria-hidden=\"true\"><\/i><\/span><\/label><input type='text' data-ref-label='Boom Length' class='form-control' name='field-kwozPn3jiTaeyTW' id='field-kwozPn3jiTaeyTW'  \/><\/div>\n<div class=\"erf-text form-group field-field-d4K7lMdd0Gs2qtx erf-element-width-4\"><label for=\"field-d4K7lMdd0Gs2qtx\" class=\"erf-text-label\">20. Konsol A\u00e7\u0131s\u0131:<span class=\"tooltip-element\" tooltip=\"\u25e6\"><i class=\"fa fa-info\" aria-hidden=\"true\"><\/i><\/span><\/label><input type='text' data-ref-label='Boom Angle' class='form-control' name='field-d4K7lMdd0Gs2qtx' id='field-d4K7lMdd0Gs2qtx'  \/><\/div>\n<div class=\"erf-text form-group field-field-TpqdJsYF777R7ZH erf-element-width-4\"><label for=\"field-TpqdJsYF777R7ZH\" class=\"erf-text-label\">21. Konsol Sarkma De\u011feri:<span class=\"tooltip-element\" tooltip=\"m\"><i class=\"fa fa-info\" aria-hidden=\"true\"><\/i><\/span><\/label><input type='text' data-ref-label='Light Overhang' class='form-control' name='field-TpqdJsYF777R7ZH' id='field-TpqdJsYF777R7ZH'  \/><\/div>\n<div class=\"erf-radio-group form-group field-field-s2Fum9onZmxJSMe erf-element-width-4\"><label for=\"field-s2Fum9onZmxJSMe\" class=\"erf-radio-group-label\">22. I\u015f\u0131k Kayna\u011f\u0131 Tipi:<\/label><\/p>\n<div class=\"radio-group\">\n<div class=\"radio-inline\"><input id=\"field-s2Fum9onZmxJSMe-0\" name='field-s2Fum9onZmxJSMe' data-ref-label='Light Source Type' class='form-control'  type=\"radio\" value=\"LED\" \/><label for=\"field-s2Fum9onZmxJSMe-0\">LED<\/label><\/div>\n<div class=\"radio-inline\"><input id=\"field-s2Fum9onZmxJSMe-1\" name='field-s2Fum9onZmxJSMe' data-ref-label='Light Source Type' class='form-control'  type=\"radio\" value=\"Conventional\" \/><label for=\"field-s2Fum9onZmxJSMe-1\">Konvansiyonel<\/label><\/div>\n<\/div>\n<\/div>\n<div class=\"erf-radio-group form-group field-field-Uc7fQRugx38YQFR erf-element-width-4\"><label for=\"field-Uc7fQRugx38YQFR\" class=\"erf-radio-group-label\">23. Uzaktan Kontrol Sistemi:<\/label><\/p>\n<div class=\"radio-group\">\n<div class=\"radio-inline\"><input id=\"field-Uc7fQRugx38YQFR-0\" name='field-Uc7fQRugx38YQFR' data-ref-label='Remote Control System' class='form-control'  type=\"radio\" value=\"Yes\" \/><label for=\"field-Uc7fQRugx38YQFR-0\">Evet<\/label><\/div>\n<div class=\"radio-inline\"><input id=\"field-Uc7fQRugx38YQFR-1\" name='field-Uc7fQRugx38YQFR' data-ref-label='Remote Control System' class='form-control'  type=\"radio\" value=\"No\" \/><label for=\"field-Uc7fQRugx38YQFR-1\">Hay\u0131r<\/label><\/div>\n<\/div>\n<\/div>\n<div class=\"erf-textarea form-group field-field-uyzMBpHFqEp40ld erf-element-width-12\"><label for=\"field-uyzMBpHFqEp40ld\" class=\"erf-textarea-label\">24. Yukar\u0131daki bilgilere ek olarak varsa ilgili ki\u015finin talepleri:<\/label><textarea data-ref-label='Additional Information or Request' class='form-control' name='field-uyzMBpHFqEp40ld' rows='10' cols='4' id='field-uyzMBpHFqEp40ld' ><\/textarea><\/div>\n<div class=\"erf-richtext erf-element-width-12\">\n<div data-non-input='1' data-ref-label='\u0130lgili Ki\u015finin' data-ref-id='richtext-vwjqakul' class='erf-rich-text' >\n<p>\u0130lgili Ki\u015finin<\/p>\n<\/div>\n<\/div>\n<div class=\"erf-text form-group field-field-GzcQtruUgfyTNwy erf-element-width-3\"><label for=\"field-GzcQtruUgfyTNwy\" class=\"erf-text-label\">Ad Soyad<span class=\"erf-required\">*<\/span><\/label><input type='text' data-ref-label='Full Name' class='form-control' name='field-GzcQtruUgfyTNwy' required='required' id='field-GzcQtruUgfyTNwy'  \/><\/div>\n<div class=\"erf-tel form-group field-field-zmQWzYm2RAnTm3A erf-element-width-3\"><label for=\"field-zmQWzYm2RAnTm3A\" class=\"erf-tel-label\">GSM<span class=\"erf-required\">*<\/span><\/label><input type='tel' data-ref-label='Phone1' class='form-control' name='field-zmQWzYm2RAnTm3A' required='required' enable-intl='1' id='field-zmQWzYm2RAnTm3A'  \/><\/div>\n<div class=\"erf-text form-group field-field-CTf2myPaL5FqEWC erf-element-width-3\"><label for=\"field-CTf2myPaL5FqEWC\" class=\"erf-text-label\">E-Mail<span class=\"erf-required\">*<\/span><\/label><input type='text' data-ref-label='email' class='form-control' name='field-CTf2myPaL5FqEWC' required='required' id='field-CTf2myPaL5FqEWC'  \/><\/div>\n<div class=\"erf-text form-group field-field-nAUI8DUQQd36P9S erf-element-width-3\"><label for=\"field-nAUI8DUQQd36P9S\" class=\"erf-text-label\">\u00c7al\u0131\u015ft\u0131\u011f\u0131 Firma\/Kurum:<\/label><input type='text' data-ref-label='The Organization where s\/he works:' class='form-control' name='field-nAUI8DUQQd36P9S' id='field-nAUI8DUQQd36P9S'  \/><\/div>\n<div class=\"erf-checkbox-group form-group field-field-27mvTyNd50Ucp6n erf-element-width-12\"><label for=\"field-27mvTyNd50Ucp6n\" class=\"erf-checkbox-group-label\">*<span class=\"erf-required\">*<\/span><\/label><\/p>\n<div class=\"checkbox-group\">\n<div class=\"checkbox\"><input id=\"field-27mvTyNd50Ucp6n-0\" name='field-27mvTyNd50Ucp6n[]' data-ref-label='onay' required='required' class='form-control' multiple='1'  type=\"checkbox\" value=\"Sorular\u0131ma cevap verebilmeleri i\u00e7in Cemda\u011f&#039;\u0131n bilgilerimi saklamas\u0131na izin veriyorum. Cemda\u011f gizlili\u011finize sayg\u0131 duyar ve ki\u015fisel verilerinizi di\u011fer \u00fc\u00e7\u00fcnc\u00fc \u015fah\u0131slara satmayaca\u011f\u0131z veya sa\u011flamayaca\u011f\u0131z veya ki\u015fisel verilerinizi kendi ama\u00e7lar\u0131 i\u00e7in kullanmalar\u0131na izin vermeyece\u011fiz.\" \/><label for=\"field-27mvTyNd50Ucp6n-0\">Sorular\u0131ma cevap verebilmeleri i\u00e7in Cemda\u011f&#039;\u0131n bilgilerimi saklamas\u0131na izin veriyorum. Cemda\u011f gizlili\u011finize sayg\u0131 duyar ve ki\u015fisel verilerinizi di\u011fer \u00fc\u00e7\u00fcnc\u00fc \u015fah\u0131slara satmayaca\u011f\u0131z veya sa\u011flamayaca\u011f\u0131z veya ki\u015fisel verilerinizi kendi ama\u00e7lar\u0131 i\u00e7in kullanmalar\u0131na izin vermeyece\u011fiz.<\/label><\/div>\n<\/div>\n<\/div>\n<div class=\"erf-button form-group field-button-18132435089 erf-element-width-12\"><button type='submit'class='btn btn-primary'name='button-18132435089'data-ref-label='Send'id='button-18132435089'>G\u00f6nder<\/button><\/div>\n<\/p><\/div>\n<\/p><\/div>\n<div class=\"erf-external-form-elements\">\n<div class=\"erf-errors\" style=\"display:none\">\n                        <span class=\"erf-errors-head erf-error-row\">Error occured. Please confirm your data and submit again:<\/span><\/p>\n<div class=\"erf-errors-body\">\n                                                    <\/div>\n<\/p><\/div>\n<\/p><\/div>\n<p>                <!-- Contains multipage Next,Previous buttons --><\/p>\n<div class=\"erf-form-nav clearfix\"><\/div>\n<p>                <!-- Single page form button --><\/p>\n<div class=\"erf-submit-button clearfix\"><\/div>\n<p>                <input type=\"hidden\" name=\"erform_id\" value=\"4417\" \/><br \/>\n                <input type=\"hidden\" id=\"erform_submission_nonce\" name=\"erform_submission_nonce\" value=\"0eb6435142\" \/><input type=\"hidden\" name=\"_wp_http_referer\" value=\"\/tr\/wp-json\/wp\/v2\/pages\/4418\" \/>                <input type=\"hidden\" name=\"action\" value=\"erf_submit_form\" \/><\/p><\/form>\n<\/div>\n\t\t\t\t\t\t\t\t<\/div>\n\t\t\t\t<\/div>\n\t\t\t\t\t<\/div>\n\t\t<\/div>\n\t\t\t\t\t<\/div>\n\t\t<\/section>\n\t\t\t\t<\/div>\n\t\t","protected":false},"excerpt":{"rendered":"<p>You are here: Home Sayfa<\/p>\n","protected":false},"author":1,"featured_media":0,"parent":0,"menu_order":22,"comment_status":"closed","ping_status":"closed","template":"","meta":{"inline_featured_image":false,"footnotes":""},"class_list":["post-4418","page","type-page","status-publish","hentry"],"aioseo_notices":[],"_links":{"self":[{"href":"https:\/\/cemlight.com\/tr\/wp-json\/wp\/v2\/pages\/4418","targetHints":{"allow":["GET"]}}],"collection":[{"href":"https:\/\/cemlight.com\/tr\/wp-json\/wp\/v2\/pages"}],"about":[{"href":"https:\/\/cemlight.com\/tr\/wp-json\/wp\/v2\/types\/page"}],"author":[{"embeddable":true,"href":"https:\/\/cemlight.com\/tr\/wp-json\/wp\/v2\/users\/1"}],"replies":[{"embeddable":true,"href":"https:\/\/cemlight.com\/tr\/wp-json\/wp\/v2\/comments?post=4418"}],"version-history":[{"count":8,"href":"https:\/\/cemlight.com\/tr\/wp-json\/wp\/v2\/pages\/4418\/revisions"}],"predecessor-version":[{"id":9097,"href":"https:\/\/cemlight.com\/tr\/wp-json\/wp\/v2\/pages\/4418\/revisions\/9097"}],"wp:attachment":[{"href":"https:\/\/cemlight.com\/tr\/wp-json\/wp\/v2\/media?parent=4418"}],"curies":[{"name":"wp","href":"https:\/\/api.w.org\/{rel}","templated":true}]}}