{"id":4907,"date":"2021-02-26T15:29:06","date_gmt":"2021-02-26T12:29:06","guid":{"rendered":"https:\/\/cemlight.com\/tr\/?page_id=4907"},"modified":"2021-07-12T16:15:45","modified_gmt":"2021-07-12T13:15:45","slug":"tunnel-underpass-lighting-design-parameters","status":"publish","type":"page","link":"https:\/\/cemlight.com\/tr\/tunel-altgecit-aydinlatma-tasarimi-parametreleri\/","title":{"rendered":"T\u00dcNEL &#038; ALTGE\u00c7\u0130T AYDINLATMA TASARIMI PARAMETRELER\u0130"},"content":{"rendered":"\t\t<div data-elementor-type=\"wp-page\" data-elementor-id=\"4907\" class=\"elementor elementor-4907\" data-elementor-post-type=\"page\">\n\t\t\t\t\t\t<section class=\"elementor-section elementor-top-section elementor-element elementor-element-7b5c3e2 elementor-section-full_width elementor-section-stretched elementor-section-height-default elementor-section-height-default\" data-id=\"7b5c3e2\" data-element_type=\"section\" data-settings=\"{&quot;stretch_section&quot;:&quot;section-stretched&quot;}\">\n\t\t\t\t\t\t<div class=\"elementor-container elementor-column-gap-no\">\n\t\t\t\t\t<div class=\"elementor-column elementor-col-100 elementor-top-column elementor-element elementor-element-bc7b57f\" data-id=\"bc7b57f\" data-element_type=\"column\">\n\t\t\t<div class=\"elementor-widget-wrap elementor-element-populated\">\n\t\t\t\t\t\t<section class=\"elementor-section elementor-inner-section elementor-element elementor-element-54f23b2 elementor-section-boxed elementor-section-height-default elementor-section-height-default\" data-id=\"54f23b2\" data-element_type=\"section\">\n\t\t\t\t\t\t<div class=\"elementor-container elementor-column-gap-no\">\n\t\t\t\t\t<div class=\"elementor-column elementor-col-100 elementor-inner-column elementor-element elementor-element-7214353\" data-id=\"7214353\" data-element_type=\"column\">\n\t\t\t<div class=\"elementor-widget-wrap elementor-element-populated\">\n\t\t\t\t\t\t<div class=\"elementor-element elementor-element-144b586 elementor-widget elementor-widget-spacer\" data-id=\"144b586\" data-element_type=\"widget\" data-widget_type=\"spacer.default\">\n\t\t\t\t<div class=\"elementor-widget-container\">\n\t\t\t\t\t\t\t<div class=\"elementor-spacer\">\n\t\t\t<div class=\"elementor-spacer-inner\"><\/div>\n\t\t<\/div>\n\t\t\t\t\t\t<\/div>\n\t\t\t\t<\/div>\n\t\t\t\t<div class=\"elementor-element elementor-element-d7f2c36 split-breadcrumbs-y elementor-widget elementor-widget-the7-breadcrumb\" data-id=\"d7f2c36\" data-element_type=\"widget\" data-widget_type=\"the7-breadcrumb.default\">\n\t\t\t\t<div class=\"elementor-widget-container\">\n\t\t\t\t\t<div class=\"assistive-text\">You are here:<\/div><ol class=\"breadcrumbs text-small rcrumbs\" itemscope itemtype=\"https:\/\/schema.org\/BreadcrumbList\"><li itemprop=\"itemListElement\" itemscope itemtype=\"https:\/\/schema.org\/ListItem\"><a itemprop=\"item\" href=\"https:\/\/cemlight.com\/tr\/\" title=\"Home\"><span itemprop=\"name\">Home<\/span><\/a><meta itemprop=\"position\" content=\"1\" \/><\/li><li class=\"current\" itemprop=\"itemListElement\" itemscope itemtype=\"https:\/\/schema.org\/ListItem\"><span itemprop=\"name\">Sayfa<\/span><meta itemprop=\"position\" content=\"2\" \/><\/li><\/ol>\t\t\t\t<\/div>\n\t\t\t\t<\/div>\n\t\t\t\t<div class=\"elementor-element elementor-element-62e1014 elementor-widget elementor-widget-spacer\" data-id=\"62e1014\" data-element_type=\"widget\" data-widget_type=\"spacer.default\">\n\t\t\t\t<div class=\"elementor-widget-container\">\n\t\t\t\t\t\t\t<div class=\"elementor-spacer\">\n\t\t\t<div class=\"elementor-spacer-inner\"><\/div>\n\t\t<\/div>\n\t\t\t\t\t\t<\/div>\n\t\t\t\t<\/div>\n\t\t\t\t\t<\/div>\n\t\t<\/div>\n\t\t\t\t\t<\/div>\n\t\t<\/section>\n\t\t\t\t\t<\/div>\n\t\t<\/div>\n\t\t\t\t\t<\/div>\n\t\t<\/section>\n\t\t\t\t<section class=\"elementor-section elementor-top-section elementor-element elementor-element-23190d4e elementor-section-stretched elementor-section-boxed elementor-section-height-default elementor-section-height-default\" data-id=\"23190d4e\" data-element_type=\"section\" data-settings=\"{&quot;stretch_section&quot;:&quot;section-stretched&quot;}\">\n\t\t\t\t\t\t<div class=\"elementor-container elementor-column-gap-default\">\n\t\t\t\t\t<div class=\"elementor-column elementor-col-100 elementor-top-column elementor-element elementor-element-116d3b63\" data-id=\"116d3b63\" data-element_type=\"column\">\n\t\t\t<div class=\"elementor-widget-wrap elementor-element-populated\">\n\t\t\t\t\t\t<div class=\"elementor-element elementor-element-370d681c elementor-widget elementor-widget-text-editor\" data-id=\"370d681c\" data-element_type=\"widget\" data-widget_type=\"text-editor.default\">\n\t\t\t\t<div class=\"elementor-widget-container\">\n\t\t\t\t\t\t\t\t\t<div id=\"erf_form_container_4904\" class=\"erf-container erf-contact erf-label-top erf-layout-one-column erf-style-rounded-corner\">\n<div class=\"erf-content-above\">\n                            <\/div>\n<form method=\"post\" enctype=\"multipart\/form-data\" class=\"erf-form erf-front-form\" data-parsley-validate=\"\" novalidate=\"true\" data-erf-submission-id=\"0\" data-erf-form-id=\"4904\">\n<div class=\"erf-form-html\" id=\"erf_form_4904\">\n<div class=\"rendered-form\">\n<div class=\"erf-text form-group field-field-Cyimt8mPuDF2nJZ erf-element-width-3\"><label for=\"field-Cyimt8mPuDF2nJZ\" class=\"erf-text-label\">1. T\u00fcnel ve Altge\u00e7it Ad\u0131:<\/label><input type='text' data-ref-label='Tunnel Name' class='form-control' name='field-Cyimt8mPuDF2nJZ' id='field-Cyimt8mPuDF2nJZ'  \/><\/div>\n<div class=\"erf-text form-group field-field-b6p8zCqw0r4Zjq7 erf-element-width-3\"><label for=\"field-b6p8zCqw0r4Zjq7\" class=\"erf-text-label\">2. T\u00fcnel ve Altge\u00e7it Lokasyonu:<\/label><input type='text' data-ref-label='Tunnel Location' class='form-control' name='field-b6p8zCqw0r4Zjq7' id='field-b6p8zCqw0r4Zjq7'  \/><\/div>\n<div class=\"erf-text form-group field-field-JX8XNk0qSpG4Ko2 erf-element-width-3\"><label for=\"field-JX8XNk0qSpG4Ko2\" class=\"erf-text-label\">3. T\u00fcnel ve Altge\u00e7it Uzunlu\u011fu: (m)<\/label><input type='text' data-ref-label='Tunnel Length' class='form-control' name='field-JX8XNk0qSpG4Ko2' id='field-JX8XNk0qSpG4Ko2'  \/><\/div>\n<div class=\"erf-radio-group form-group field-field-He1gSxTX8Zl8s5I erf-element-width-3\"><label for=\"field-He1gSxTX8Zl8s5I\" class=\"erf-radio-group-label\">4. T\u00fcnel ve Altge\u00e7it Geometrisi:<\/label><\/p>\n<div class=\"radio-group\">\n<div class=\"radio-inline\"><input id=\"field-He1gSxTX8Zl8s5I-0\" name='field-He1gSxTX8Zl8s5I' data-ref-label='Tunnel Geometry' class='form-control'  type=\"radio\" value=\"D\u00f6rtgen\" \/><label for=\"field-He1gSxTX8Zl8s5I-0\">D\u00f6rtgen<\/label><\/div>\n<div class=\"radio-inline\"><input id=\"field-He1gSxTX8Zl8s5I-1\" name='field-He1gSxTX8Zl8s5I' data-ref-label='Tunnel Geometry' class='form-control'  type=\"radio\" value=\"Yar\u0131m Daire\" \/><label for=\"field-He1gSxTX8Zl8s5I-1\">Yar\u0131m Daire<\/label><\/div>\n<\/div>\n<\/div>\n<div class=\"erf-text form-group field-field-LRHc2UEB2qIxdS4 erf-element-width-3\"><label for=\"field-LRHc2UEB2qIxdS4\" class=\"erf-text-label\">5. T\u00fcnel ve Altge\u00e7it Y\u00fcksekli\u011fi: (m)<\/label><input type='text' data-ref-label='Tunnel Height' class='form-control' name='field-LRHc2UEB2qIxdS4' id='field-LRHc2UEB2qIxdS4'  \/><\/div>\n<div class=\"erf-text form-group field-field-4uI6I6C7tfV8YVw erf-element-width-3\"><label for=\"field-4uI6I6C7tfV8YVw\" class=\"erf-text-label\">6. T\u00fcnel ve Altge\u00e7it Kald\u0131r\u0131m Geni\u015fli\u011fi: (m)<\/label><input type='text' data-ref-label='Width of Footpath' class='form-control' name='field-4uI6I6C7tfV8YVw' id='field-4uI6I6C7tfV8YVw'  \/><\/div>\n<div class=\"erf-text form-group field-field-hugcbxErA996ljb erf-element-width-3\"><label for=\"field-hugcbxErA996ljb\" class=\"erf-text-label\">7. Kald\u0131r\u0131m Y\u00fcksekli\u011fi (m)<\/label><input type='text' data-ref-label='Height of Footpath' class='form-control' name='field-hugcbxErA996ljb' id='field-hugcbxErA996ljb'  \/><\/div>\n<div class=\"erf-text form-group field-field-5AhVTVyCPSbXac1 erf-element-width-3\"><label for=\"field-5AhVTVyCPSbXac1\" class=\"erf-text-label\">8. \u015eerit Say\u0131s\u0131:<\/label><input type='text' data-ref-label='Number of Traffic Lanes' class='form-control' name='field-5AhVTVyCPSbXac1' id='field-5AhVTVyCPSbXac1'  \/><\/div>\n<div class=\"erf-text form-group field-field-tv40XJ4gjQ7duoZ erf-element-width-3\"><label for=\"field-tv40XJ4gjQ7duoZ\" class=\"erf-text-label\">9. \u015eerit Geni\u015fli\u011fi (m)<\/label><input type='text' data-ref-label='Width of Lane' class='form-control' name='field-tv40XJ4gjQ7duoZ' id='field-tv40XJ4gjQ7duoZ'  \/><\/div>\n<div class=\"erf-radio-group form-group field-field-boiN41sLovHOgjS erf-element-width-3\"><label for=\"field-boiN41sLovHOgjS\" class=\"erf-radio-group-label\">10. Trafik Y\u00f6n\u00fc:<\/label><\/p>\n<div class=\"radio-group\">\n<div class=\"radio-inline\"><input id=\"field-boiN41sLovHOgjS-0\" name='field-boiN41sLovHOgjS' data-ref-label='Traffic Direction' class='form-control'  type=\"radio\" value=\"Uni-Directional Traffic\" \/><label for=\"field-boiN41sLovHOgjS-0\">Tek Y\u00f6n<\/label><\/div>\n<div class=\"radio-inline\"><input id=\"field-boiN41sLovHOgjS-1\" name='field-boiN41sLovHOgjS' data-ref-label='Traffic Direction' class='form-control'  type=\"radio\" value=\"Bi-Directional Traffic\" \/><label for=\"field-boiN41sLovHOgjS-1\">\u00c7ift Y\u00f6n<\/label><\/div>\n<\/div>\n<\/div>\n<div class=\"erf-text form-group field-field-QC1HCf6HJgg5jRC erf-element-width-3\"><label for=\"field-QC1HCf6HJgg5jRC\" class=\"erf-text-label\">11. T\u00fcnel Tasar\u0131m H\u0131z\u0131: (km\/h)<\/label><input type='text' data-ref-label='Tunnel Design Speed' class='form-control' name='field-QC1HCf6HJgg5jRC' id='field-QC1HCf6HJgg5jRC'  \/><\/div>\n<div class=\"erf-text form-group field-field-8g8W78vqamTFHyE erf-element-width-3\"><label for=\"field-8g8W78vqamTFHyE\" class=\"erf-text-label\">12. Durma Mesafesi: (m)<\/label><input type='text' data-ref-label='Stopping Distance' class='form-control' name='field-8g8W78vqamTFHyE' id='field-8g8W78vqamTFHyE'  \/><\/div>\n<div class=\"erf-text form-group field-field-LiWLzB8LlpUqTAk erf-element-width-4\"><label for=\"field-LiWLzB8LlpUqTAk\" class=\"erf-text-label\">13. Bak\u0131m \u00c7arpan\u0131:<span class=\"tooltip-element\" tooltip=\"*(Belirtilmemi\u015f ise CIE standard\u0131 baz al\u0131nacakt\u0131r.)\"><i class=\"fa fa-info\" aria-hidden=\"true\"><\/i><\/span><\/label><input type='text' data-ref-label='Maintenance Factor' class='form-control' name='field-LiWLzB8LlpUqTAk' id='field-LiWLzB8LlpUqTAk'  \/><\/div>\n<div class=\"erf-text form-group field-field-zkgDJP6hgwOsy6R erf-element-width-4\"><label for=\"field-zkgDJP6hgwOsy6R\" class=\"erf-text-label\">14. T\u00fcnel ve Altge\u00e7it Eri\u015fim Par\u0131lt\u0131 (L20) De\u011feri (cd\/m2)<\/label><input type='text' data-ref-label='Access Zone Luminance (L20) Value' class='form-control' name='field-zkgDJP6hgwOsy6R' id='field-zkgDJP6hgwOsy6R'  \/><\/div>\n<div class=\"erf-text form-group field-field-zDw2MBNywwxiXIh erf-element-width-4\"><label for=\"field-zDw2MBNywwxiXIh\" class=\"erf-text-label\">15. T\u00fcnel ve Altge\u00e7it E\u015fik B\u00f6lgesi Par\u0131lt\u0131 (Lth) De\u011feri (cd\/m2)<\/label><input type='text' data-ref-label='Threshold Zone Luminance (Lth) Value' class='form-control' name='field-zDw2MBNywwxiXIh' id='field-zDw2MBNywwxiXIh'  \/><\/div>\n<div class=\"erf-radio-group form-group field-field-iZvEdDULSDoL3CY erf-element-width-6\"><label for=\"field-iZvEdDULSDoL3CY\" class=\"erf-radio-group-label\">16. S\u00fcr\u00fc\u015f Y\u00f6n\u00fc<span class=\"tooltip-element\" tooltip=\"(Lth ve L20 de\u011feri mevcut de\u011fil ise):\"><i class=\"fa fa-info\" aria-hidden=\"true\"><\/i><\/span><\/label><\/p>\n<div class=\"radio-group\">\n<div class=\"radio-inline\"><input id=\"field-iZvEdDULSDoL3CY-0\" name='field-iZvEdDULSDoL3CY' data-ref-label='Driving Direction' class='form-control'  type=\"radio\" value=\"North\" \/><label for=\"field-iZvEdDULSDoL3CY-0\">Kuzey<\/label><\/div>\n<div class=\"radio-inline\"><input id=\"field-iZvEdDULSDoL3CY-1\" name='field-iZvEdDULSDoL3CY' data-ref-label='Driving Direction' class='form-control'  type=\"radio\" value=\"East \u2013 West\" \/><label for=\"field-iZvEdDULSDoL3CY-1\">Do\u011fu \u2013 Bat\u0131<\/label><\/div>\n<div class=\"radio-inline\"><input id=\"field-iZvEdDULSDoL3CY-2\" name='field-iZvEdDULSDoL3CY' data-ref-label='Driving Direction' class='form-control'  type=\"radio\" value=\"South\" \/><label for=\"field-iZvEdDULSDoL3CY-2\">G\u00fcney<\/label><\/div>\n<\/div>\n<\/div>\n<div class=\"erf-text form-group field-field-NLfxTxvnSF8XCiE erf-element-width-6\"><label for=\"field-NLfxTxvnSF8XCiE\" class=\"erf-text-label\">17. \u0130\u00e7 B\u00f6lge Par\u0131lt\u0131 (Lint) De\u011feri: (cd\/m2)<\/label><input type='text' data-ref-label='Interior Zone Luminance (Lint) Value' class='form-control' name='field-NLfxTxvnSF8XCiE' id='field-NLfxTxvnSF8XCiE'  \/><\/div>\n<div class=\"erf-text form-group field-field-1RiJkHAyvUsRSXx erf-element-width-4\"><label for=\"field-1RiJkHAyvUsRSXx\" class=\"erf-text-label\">18. Trafik Yo\u011funlu\u011fu (Lint de\u011feri mevcut de\u011fil ise):<span class=\"tooltip-element\" tooltip=\"(\u015ferit ba\u015f\u0131na saatlik ara\u00e7 say\u0131s\u0131)\"><i class=\"fa fa-info\" aria-hidden=\"true\"><\/i><\/span><\/label><input type='text' data-ref-label='Traffic Flow (Unless Lint is available)' class='form-control' name='field-1RiJkHAyvUsRSXx' id='field-1RiJkHAyvUsRSXx'  \/><\/div>\n<div class=\"erf-text form-group field-field-ONitvoUDiAE5vOL erf-element-width-4\"><label for=\"field-ONitvoUDiAE5vOL\" class=\"erf-text-label\">19. Armat\u00fcr Montaj Y\u00fcksekli\u011fi (m)<\/label><input type='text' data-ref-label='Luminaire Mounting Height' class='form-control' name='field-ONitvoUDiAE5vOL' id='field-ONitvoUDiAE5vOL'  \/><\/div>\n<div class=\"erf-radio-group form-group field-field-G7c2JRvJGJu1Mva erf-element-width-4\"><label for=\"field-G7c2JRvJGJu1Mva\" class=\"erf-radio-group-label\">20. DWG mevcut de\u011fil ise armat\u00fcr yerle\u015fimi<\/label><\/p>\n<div class=\"radio-group\">\n<div class=\"radio-inline\"><input id=\"field-G7c2JRvJGJu1Mva-0\" name='field-G7c2JRvJGJu1Mva' data-ref-label='Luminaire Rows' class='form-control'  type=\"radio\" value=\"Single Row\" \/><label for=\"field-G7c2JRvJGJu1Mva-0\">Tek S\u0131ra<\/label><\/div>\n<div class=\"radio-inline\"><input id=\"field-G7c2JRvJGJu1Mva-1\" name='field-G7c2JRvJGJu1Mva' data-ref-label='Luminaire Rows' class='form-control'  type=\"radio\" value=\"Pair Row\" \/><label for=\"field-G7c2JRvJGJu1Mva-1\">\u00c7ift S\u0131ra<\/label><\/div>\n<\/div>\n<\/div>\n<div class=\"erf-richtext erf-element-width-12\">\n<div data-non-input='1' data-ref-label='DWG mevcut de\u011fil ise tava(lar)\u0131n' data-ref-id='richtext-8jlgr5sk' class='erf-rich-text' >\n<p>22. DWG mevcut de\u011fil ise tava(lar)\u0131n sa\u011f kald\u0131r\u0131mdan yatay uzakl\u0131klar\u0131:<\/p>\n<\/div>\n<\/div>\n<div class=\"erf-text form-group field-field-kYMwKyy9JtaY3tc erf-element-width-6\"><label for=\"field-kYMwKyy9JtaY3tc\" class=\"erf-text-label\">x1 (m)<\/label><input type='text' data-ref-label='x1' class='form-control' name='field-kYMwKyy9JtaY3tc' id='field-kYMwKyy9JtaY3tc'  \/><\/div>\n<div class=\"erf-text form-group field-field-arGQgGXDe8JaKvQ erf-element-width-6\"><label for=\"field-arGQgGXDe8JaKvQ\" class=\"erf-text-label\">x2 (m)<\/label><input type='text' data-ref-label='m' class='form-control' name='field-arGQgGXDe8JaKvQ' id='field-arGQgGXDe8JaKvQ'  \/><\/div>\n<div class=\"erf-radio-group form-group field-field-wqcxMm6Dq5ZXmpB erf-element-width-6\"><label for=\"field-wqcxMm6Dq5ZXmpB\" class=\"erf-radio-group-label\">23.I\u015f\u0131k Kayna\u011f\u0131 Tipi<\/label><\/p>\n<div class=\"radio-group\">\n<div class=\"radio-inline\"><input id=\"field-wqcxMm6Dq5ZXmpB-0\" name='field-wqcxMm6Dq5ZXmpB' data-ref-label='Light Source Type' class='form-control'  type=\"radio\" value=\"LED\" \/><label for=\"field-wqcxMm6Dq5ZXmpB-0\">LED<\/label><\/div>\n<div class=\"radio-inline\"><input id=\"field-wqcxMm6Dq5ZXmpB-1\" name='field-wqcxMm6Dq5ZXmpB' data-ref-label='Light Source Type' class='form-control'  type=\"radio\" value=\"Conventional\" \/><label for=\"field-wqcxMm6Dq5ZXmpB-1\">Konvansiyonel<\/label><\/div>\n<\/div>\n<\/div>\n<div class=\"erf-radio-group form-group field-field-W9XTQ8y4GPw9fG5 erf-element-width-6\"><label for=\"field-W9XTQ8y4GPw9fG5\" class=\"erf-radio-group-label\">24. Tercih Edilen Kontrol Sistemi:<\/label><\/p>\n<div class=\"radio-group\">\n<div class=\"radio-inline\"><input id=\"field-W9XTQ8y4GPw9fG5-0\" name='field-W9XTQ8y4GPw9fG5' data-ref-label='Control Group Strategy' class='form-control'  type=\"radio\" value=\"On &amp; Off\" \/><label for=\"field-W9XTQ8y4GPw9fG5-0\">A\u00e7&amp;Kapa<\/label><\/div>\n<div class=\"radio-inline\"><input id=\"field-W9XTQ8y4GPw9fG5-1\" name='field-W9XTQ8y4GPw9fG5' data-ref-label='Control Group Strategy' class='form-control'  type=\"radio\" value=\"Dimming\" \/><label for=\"field-W9XTQ8y4GPw9fG5-1\">Dim<\/label><\/div>\n<\/div>\n<\/div>\n<div class=\"erf-richtext erf-element-width-12\">\n<div data-non-input='1' data-ref-label='26. \u0130lgili Ki\u015finin' data-ref-id='richtext-li0klxx1' class='erf-rich-text' >\n<p>\u0130lgili Ki\u015finin<\/p>\n<\/div>\n<\/div>\n<div class=\"erf-text form-group field-field-3B0HjWXbIN6wfWI erf-element-width-3\"><label for=\"field-3B0HjWXbIN6wfWI\" class=\"erf-text-label\">Ad\u0131 ve Soyad\u0131:<span class=\"erf-required\">*<\/span><\/label><input type='text' data-ref-label='Full Name' class='form-control' name='field-3B0HjWXbIN6wfWI' required='required' id='field-3B0HjWXbIN6wfWI'  \/><\/div>\n<div class=\"erf-tel form-group field-field-DYHw6CBYI9Ijd0b erf-element-width-3\"><label for=\"field-DYHw6CBYI9Ijd0b\" class=\"erf-tel-label\">GSM<span class=\"erf-required\">*<\/span><\/label><input type='tel' data-ref-label='Phone1' class='form-control' name='field-DYHw6CBYI9Ijd0b' required='required' enable-intl='1' id='field-DYHw6CBYI9Ijd0b'  \/><\/div>\n<div class=\"erf-text form-group field-field-aGQQ6fj4Oo1poVM erf-element-width-3\"><label for=\"field-aGQQ6fj4Oo1poVM\" class=\"erf-text-label\">E-Posta:<span class=\"erf-required\">*<\/span><\/label><input type='text' data-ref-label='E-Mail' class='form-control' name='field-aGQQ6fj4Oo1poVM' required='required' id='field-aGQQ6fj4Oo1poVM'  \/><\/div>\n<div class=\"erf-text form-group field-field-RTLGNsPEhVuOUXS erf-element-width-3\"><label for=\"field-RTLGNsPEhVuOUXS\" class=\"erf-text-label\">\u00c7al\u0131\u015ft\u0131\u011f\u0131 Firma\/Kurum:<\/label><input type='text' data-ref-label='The Organization where s\/he works' class='form-control' name='field-RTLGNsPEhVuOUXS' id='field-RTLGNsPEhVuOUXS'  \/><\/div>\n<div class=\"erf-checkbox-group form-group field-field-hWFDpg451jGt0Hg erf-element-width-12\"><label for=\"field-hWFDpg451jGt0Hg\" class=\"erf-checkbox-group-label\">*<span class=\"erf-required\">*<\/span><\/label><\/p>\n<div class=\"checkbox-group\">\n<div class=\"checkbox\"><input id=\"field-hWFDpg451jGt0Hg-0\" name='field-hWFDpg451jGt0Hg[]' data-ref-label='onay' required='required' class='form-control' multiple='1'  type=\"checkbox\" value=\"Sorular\u0131ma cevap verebilmeleri i\u00e7in Cemda\u011f&#039;\u0131n bilgilerimi saklamas\u0131na izin veriyorum. Cemda\u011f gizlili\u011finize sayg\u0131 duyar ve ki\u015fisel verilerinizi di\u011fer \u00fc\u00e7\u00fcnc\u00fc \u015fah\u0131slara satmayaca\u011f\u0131z veya sa\u011flamayaca\u011f\u0131z veya ki\u015fisel verilerinizi kendi ama\u00e7lar\u0131 i\u00e7in kullanmalar\u0131na izin vermeyece\u011fiz.\" \/><label for=\"field-hWFDpg451jGt0Hg-0\">Sorular\u0131ma cevap verebilmeleri i\u00e7in Cemda\u011f&#039;\u0131n bilgilerimi saklamas\u0131na izin veriyorum. Cemda\u011f gizlili\u011finize sayg\u0131 duyar ve ki\u015fisel verilerinizi di\u011fer \u00fc\u00e7\u00fcnc\u00fc \u015fah\u0131slara satmayaca\u011f\u0131z veya sa\u011flamayaca\u011f\u0131z veya ki\u015fisel verilerinizi kendi ama\u00e7lar\u0131 i\u00e7in kullanmalar\u0131na izin vermeyece\u011fiz.<\/label><\/div>\n<\/div>\n<\/div>\n<div class=\"erf-button form-group field-button-11778598407 erf-element-width-12\"><button type='submit'class='btn btn-default'name='button-11778598407'data-ref-label='Send'id='button-11778598407'>G\u00f6nder<\/button><\/div>\n<\/p><\/div>\n<\/p><\/div>\n<div class=\"erf-external-form-elements\">\n<div class=\"erf-errors\" style=\"display:none\">\n                        <span class=\"erf-errors-head erf-error-row\">Error occured. Please confirm your data and submit again:<\/span><\/p>\n<div class=\"erf-errors-body\">\n                                                    <\/div>\n<\/p><\/div>\n<\/p><\/div>\n<p>                <!-- Contains multipage Next,Previous buttons --><\/p>\n<div class=\"erf-form-nav clearfix\"><\/div>\n<p>                <!-- Single page form button --><\/p>\n<div class=\"erf-submit-button clearfix\"><\/div>\n<p>                <input type=\"hidden\" name=\"erform_id\" value=\"4904\" \/><br \/>\n                <input type=\"hidden\" id=\"erform_submission_nonce\" name=\"erform_submission_nonce\" value=\"0eb6435142\" \/><input type=\"hidden\" name=\"_wp_http_referer\" value=\"\/tr\/wp-json\/wp\/v2\/pages\/4907\" \/>                <input type=\"hidden\" name=\"action\" value=\"erf_submit_form\" \/><\/p><\/form>\n<\/div>\n\t\t\t\t\t\t\t\t<\/div>\n\t\t\t\t<\/div>\n\t\t\t\t\t<\/div>\n\t\t<\/div>\n\t\t\t\t\t<\/div>\n\t\t<\/section>\n\t\t\t\t<\/div>\n\t\t","protected":false},"excerpt":{"rendered":"<p>You are here: Home Sayfa<\/p>\n","protected":false},"author":1,"featured_media":0,"parent":0,"menu_order":23,"comment_status":"closed","ping_status":"closed","template":"","meta":{"inline_featured_image":false,"footnotes":""},"class_list":["post-4907","page","type-page","status-publish","hentry"],"aioseo_notices":[],"_links":{"self":[{"href":"https:\/\/cemlight.com\/tr\/wp-json\/wp\/v2\/pages\/4907","targetHints":{"allow":["GET"]}}],"collection":[{"href":"https:\/\/cemlight.com\/tr\/wp-json\/wp\/v2\/pages"}],"about":[{"href":"https:\/\/cemlight.com\/tr\/wp-json\/wp\/v2\/types\/page"}],"author":[{"embeddable":true,"href":"https:\/\/cemlight.com\/tr\/wp-json\/wp\/v2\/users\/1"}],"replies":[{"embeddable":true,"href":"https:\/\/cemlight.com\/tr\/wp-json\/wp\/v2\/comments?post=4907"}],"version-history":[{"count":3,"href":"https:\/\/cemlight.com\/tr\/wp-json\/wp\/v2\/pages\/4907\/revisions"}],"predecessor-version":[{"id":9092,"href":"https:\/\/cemlight.com\/tr\/wp-json\/wp\/v2\/pages\/4907\/revisions\/9092"}],"wp:attachment":[{"href":"https:\/\/cemlight.com\/tr\/wp-json\/wp\/v2\/media?parent=4907"}],"curies":[{"name":"wp","href":"https:\/\/api.w.org\/{rel}","templated":true}]}}