{"id":5319,"date":"2021-02-27T17:36:10","date_gmt":"2021-02-27T14:36:10","guid":{"rendered":"https:\/\/cemlight.com\/tr\/?page_id=5319"},"modified":"2021-07-12T22:59:37","modified_gmt":"2021-07-12T19:59:37","slug":"indoor-industrial-facility-lighting-design-parameters","status":"publish","type":"page","link":"https:\/\/cemlight.com\/tr\/endustriyel-ve-kapali-alan-aydinlatma-tasarimi-parametreleri\/","title":{"rendered":"END\u00dcSTR\u0130YEL VE KAPALI ALAN AYDINLATMA TASARIMI PARAMETRELER\u0130"},"content":{"rendered":"\t\t<div data-elementor-type=\"wp-page\" data-elementor-id=\"5319\" class=\"elementor elementor-5319\" data-elementor-post-type=\"page\">\n\t\t\t\t\t\t<section class=\"elementor-section elementor-top-section elementor-element elementor-element-7b5c3e2 elementor-section-full_width elementor-section-stretched elementor-section-height-default elementor-section-height-default\" data-id=\"7b5c3e2\" data-element_type=\"section\" data-settings=\"{&quot;stretch_section&quot;:&quot;section-stretched&quot;}\">\n\t\t\t\t\t\t<div class=\"elementor-container elementor-column-gap-no\">\n\t\t\t\t\t<div class=\"elementor-column elementor-col-100 elementor-top-column elementor-element elementor-element-bc7b57f\" data-id=\"bc7b57f\" data-element_type=\"column\">\n\t\t\t<div class=\"elementor-widget-wrap elementor-element-populated\">\n\t\t\t\t\t\t<section class=\"elementor-section elementor-inner-section elementor-element elementor-element-54f23b2 elementor-section-boxed elementor-section-height-default elementor-section-height-default\" data-id=\"54f23b2\" data-element_type=\"section\">\n\t\t\t\t\t\t<div class=\"elementor-container elementor-column-gap-no\">\n\t\t\t\t\t<div class=\"elementor-column elementor-col-100 elementor-inner-column elementor-element elementor-element-7214353\" data-id=\"7214353\" data-element_type=\"column\">\n\t\t\t<div class=\"elementor-widget-wrap elementor-element-populated\">\n\t\t\t\t\t\t<div class=\"elementor-element elementor-element-144b586 elementor-widget elementor-widget-spacer\" data-id=\"144b586\" data-element_type=\"widget\" data-widget_type=\"spacer.default\">\n\t\t\t\t<div class=\"elementor-widget-container\">\n\t\t\t\t\t\t\t<div class=\"elementor-spacer\">\n\t\t\t<div class=\"elementor-spacer-inner\"><\/div>\n\t\t<\/div>\n\t\t\t\t\t\t<\/div>\n\t\t\t\t<\/div>\n\t\t\t\t<div class=\"elementor-element elementor-element-d7f2c36 split-breadcrumbs-y elementor-widget elementor-widget-the7-breadcrumb\" data-id=\"d7f2c36\" data-element_type=\"widget\" data-widget_type=\"the7-breadcrumb.default\">\n\t\t\t\t<div class=\"elementor-widget-container\">\n\t\t\t\t\t<div class=\"assistive-text\">You are here:<\/div><ol class=\"breadcrumbs text-small rcrumbs\" itemscope itemtype=\"https:\/\/schema.org\/BreadcrumbList\"><li itemprop=\"itemListElement\" itemscope itemtype=\"https:\/\/schema.org\/ListItem\"><a itemprop=\"item\" href=\"https:\/\/cemlight.com\/tr\/\" title=\"Home\"><span itemprop=\"name\">Home<\/span><\/a><meta itemprop=\"position\" content=\"1\" \/><\/li><li class=\"current\" itemprop=\"itemListElement\" itemscope itemtype=\"https:\/\/schema.org\/ListItem\"><span itemprop=\"name\">Sayfa<\/span><meta itemprop=\"position\" content=\"2\" \/><\/li><\/ol>\t\t\t\t<\/div>\n\t\t\t\t<\/div>\n\t\t\t\t<div class=\"elementor-element elementor-element-62e1014 elementor-widget elementor-widget-spacer\" data-id=\"62e1014\" data-element_type=\"widget\" data-widget_type=\"spacer.default\">\n\t\t\t\t<div class=\"elementor-widget-container\">\n\t\t\t\t\t\t\t<div class=\"elementor-spacer\">\n\t\t\t<div class=\"elementor-spacer-inner\"><\/div>\n\t\t<\/div>\n\t\t\t\t\t\t<\/div>\n\t\t\t\t<\/div>\n\t\t\t\t\t<\/div>\n\t\t<\/div>\n\t\t\t\t\t<\/div>\n\t\t<\/section>\n\t\t\t\t\t<\/div>\n\t\t<\/div>\n\t\t\t\t\t<\/div>\n\t\t<\/section>\n\t\t\t\t<section class=\"elementor-section elementor-top-section elementor-element elementor-element-23190d4e elementor-section-stretched elementor-section-boxed elementor-section-height-default elementor-section-height-default\" data-id=\"23190d4e\" data-element_type=\"section\" data-settings=\"{&quot;stretch_section&quot;:&quot;section-stretched&quot;}\">\n\t\t\t\t\t\t<div class=\"elementor-container elementor-column-gap-default\">\n\t\t\t\t\t<div class=\"elementor-column elementor-col-100 elementor-top-column elementor-element elementor-element-116d3b63\" data-id=\"116d3b63\" data-element_type=\"column\">\n\t\t\t<div class=\"elementor-widget-wrap elementor-element-populated\">\n\t\t\t\t\t\t<div class=\"elementor-element elementor-element-370d681c elementor-widget elementor-widget-text-editor\" data-id=\"370d681c\" data-element_type=\"widget\" data-widget_type=\"text-editor.default\">\n\t\t\t\t<div class=\"elementor-widget-container\">\n\t\t\t\t\t\t\t\t\t<p><div id=\"erf_form_container_5317\" class=\"erf-container erf-contact erf-label-top erf-layout-one-column erf-style-rounded-corner\">\n        \n    \n         \n                    <div class=\"erf-content-above\">\n                            <\/div>\n            <form method=\"post\" enctype=\"multipart\/form-data\" class=\"erf-form erf-front-form\" data-parsley-validate=\"\" novalidate=\"true\" data-erf-submission-id=\"0\" data-erf-form-id=\"5317\">\n                <div class=\"erf-form-html\" id=\"erf_form_5317\">\n                    <div class=\"rendered-form\">\n                        <div class=\"erf-text form-group field-field-yXUjxLC3c6QL02y erf-element-width-6\"><label for=\"field-yXUjxLC3c6QL02y\" class=\"erf-text-label\">1. \u0130\u015fletme Ad\u0131:<\/label><input type='text' data-ref-label='Project Name' class='form-control' name='field-yXUjxLC3c6QL02y' id='field-yXUjxLC3c6QL02y'  \/><\/div><div class=\"erf-text form-group field-field-A3xxNL9ixgtEsb8 erf-element-width-6\"><label for=\"field-A3xxNL9ixgtEsb8\" class=\"erf-text-label\">2. Faaliyet alan\u0131<span class=\"tooltip-element\" tooltip=\"(g\u0131da,tekstil,a\u011f\u0131r sanayi,kapal\u0131 spor salonu vb.):\"><i class=\"fa fa-info\" aria-hidden=\"true\"><\/i><\/span><\/label><input type='text' data-ref-label='The Purpose of Usage' class='form-control' name='field-A3xxNL9ixgtEsb8' id='field-A3xxNL9ixgtEsb8'  \/><\/div><div class=\"erf-richtext erf-element-width-12\"><div data-non-input='1' data-ref-label='3. Ayd\u0131nlatma talep edilen alan(lar)\u0131n:' data-ref-id='richtext-alibbgt4' class='erf-rich-text' ><p>3. Ayd\u0131nlatma talep edilen alan(lar)\u0131n:<\/p>\n<div id=\"gtx-trans\">\n<div class=\"gtx-trans-icon\">\u00a0<\/div>\n<\/div><\/div><\/div><div class=\"erf-text form-group field-field-e5qsuT7TPiBRSWE erf-element-width-4\"><label for=\"field-e5qsuT7TPiBRSWE\" class=\"erf-text-label\">Eni:<\/label><input type='text' data-ref-label='Width' class='form-control' name='field-e5qsuT7TPiBRSWE' id='field-e5qsuT7TPiBRSWE'  \/><\/div><div class=\"erf-text form-group field-field-ILennSDXqtf7YHa erf-element-width-4\"><label for=\"field-ILennSDXqtf7YHa\" class=\"erf-text-label\">Boyu:<\/label><input type='text' data-ref-label='Length' class='form-control' name='field-ILennSDXqtf7YHa' id='field-ILennSDXqtf7YHa'  \/><\/div><div class=\"erf-text form-group field-field-lHGr9G4Jfp7ctW6 erf-element-width-4\"><label for=\"field-lHGr9G4Jfp7ctW6\" class=\"erf-text-label\">Y\u00fcksekli\u011fi:<\/label><input type='text' data-ref-label='Height' class='form-control' name='field-lHGr9G4Jfp7ctW6' id='field-lHGr9G4Jfp7ctW6'  \/><\/div><div class=\"erf-text form-group field-field-JnAIl9QWLHiqG7T erf-element-width-4\"><label for=\"field-JnAIl9QWLHiqG7T\" class=\"erf-text-label\">4. \u0130stenen Ayd\u0131nl\u0131k Seviyesi:<span class=\"tooltip-element\" tooltip=\"Lux *(Belirtilmemi\u015f ise EN standardlar\u0131 baz al\u0131nacakt\u0131r.)\"><i class=\"fa fa-info\" aria-hidden=\"true\"><\/i><\/span><\/label><input type='text' data-ref-label='Required Illuminance Level' class='form-control' name='field-JnAIl9QWLHiqG7T' id='field-JnAIl9QWLHiqG7T'  \/><\/div><div class=\"erf-radio-group form-group field-field-GFUYza79IIIszkb erf-element-width-3\"><label for=\"field-GFUYza79IIIszkb\" class=\"erf-radio-group-label\">5. I\u015f\u0131k Kayna\u011f\u0131 Tipi:<\/label><div class=\"radio-group\"><div class=\"radio-inline\"><input id=\"field-GFUYza79IIIszkb-0\" name='field-GFUYza79IIIszkb' data-ref-label='Light Source Type' class='form-control'  type=\"radio\" value=\"LED\" \/><label for=\"field-GFUYza79IIIszkb-0\">LED<\/label><\/div><div class=\"radio-inline\"><input id=\"field-GFUYza79IIIszkb-1\" name='field-GFUYza79IIIszkb' data-ref-label='Light Source Type' class='form-control'  type=\"radio\" value=\"Conventional\" \/><label for=\"field-GFUYza79IIIszkb-1\">Konvansiyonel<\/label><\/div><\/div><\/div><div class=\"erf-radio-group form-group field-field-VEjDabOevU0CU6X erf-element-width-5\"><label for=\"field-VEjDabOevU0CU6X\" class=\"erf-radio-group-label\">6. Montaj Tipi:<\/label><div class=\"radio-group\"><div class=\"radio-inline\"><input id=\"field-VEjDabOevU0CU6X-0\" name='field-VEjDabOevU0CU6X' data-ref-label='Mounting Type' class='form-control'  type=\"radio\" value=\"Lighting Tray\" \/><label for=\"field-VEjDabOevU0CU6X-0\">Tavan<\/label><\/div><div class=\"radio-inline\"><input id=\"field-VEjDabOevU0CU6X-1\" name='field-VEjDabOevU0CU6X' data-ref-label='Mounting Type' class='form-control'  type=\"radio\" value=\"Wall\" \/><label for=\"field-VEjDabOevU0CU6X-1\">Duvar<\/label><\/div><div class=\"radio-inline\"><input id=\"field-VEjDabOevU0CU6X-2\" name='field-VEjDabOevU0CU6X' data-ref-label='Mounting Type' class='form-control'  type=\"radio\" value=\"Recessed\" \/><label for=\"field-VEjDabOevU0CU6X-2\">S\u0131va Alt\u0131 \/ G\u00f6mme<\/label><\/div><div class=\"radio-inline\"><input id=\"field-VEjDabOevU0CU6X-3\" name='field-VEjDabOevU0CU6X' data-ref-label='Mounting Type' class='form-control'  type=\"radio\" value=\"Surface-Mounted\" \/><label for=\"field-VEjDabOevU0CU6X-3\">S\u0131va \u00dcst\u00fc<\/label><\/div><div class=\"radio-inline\"><input id=\"field-VEjDabOevU0CU6X-4\" name='field-VEjDabOevU0CU6X' data-ref-label='Mounting Type' class='form-control'  type=\"radio\" value=\"Other\" \/><label for=\"field-VEjDabOevU0CU6X-4\">Di\u011fer<\/label><\/div><\/div><\/div><div class=\"erf-text form-group field-field-sv4v2pN2WhuYNeB erf-element-width-4\"><label for=\"field-sv4v2pN2WhuYNeB\" class=\"erf-text-label\">7. Armat\u00fcr montaj y\u00fcksekli\u011fi: (m)<\/label><input type='text' data-ref-label='Luminaire Mounting Height' class='form-control' name='field-sv4v2pN2WhuYNeB' id='field-sv4v2pN2WhuYNeB'  \/><\/div><div class=\"erf-text form-group field-field-OxhogmQq0hjhBGn erf-element-width-3\"><label for=\"field-OxhogmQq0hjhBGn\" class=\"erf-text-label\">8. Zemin ve duvar rengi<\/label><input type='text' data-ref-label='Color of wall and floor' class='form-control' name='field-OxhogmQq0hjhBGn' id='field-OxhogmQq0hjhBGn'  \/><\/div><div class=\"erf-text form-group field-field-LSXRloT3jyE2uuS erf-element-width-5\"><label for=\"field-LSXRloT3jyE2uuS\" class=\"erf-text-label\">9. Ortam s\u0131cakl\u0131\u011f\u0131 ve ortam kirlili\u011fi hakk\u0131nda bilgi:<span class=\"erf-required\">*<\/span><\/label><input type='text' data-ref-label='pollution:' class='form-control' name='field-LSXRloT3jyE2uuS' required='required' id='field-LSXRloT3jyE2uuS'  \/><\/div><div class=\"erf-text form-group field-field-RZ6RyM0FZ3BTXiS erf-element-width-4\"><label for=\"field-RZ6RyM0FZ3BTXiS\" class=\"erf-text-label\">10. Ayd\u0131nlatma istenen alan\u0131n g\u00fcnde ka\u00e7 saat ,haftada ka\u00e7 g\u00fcn \u00e7al\u0131\u015ft\u0131\u011f\u0131:<\/label><input type='text' data-ref-label='Working hours' class='form-control' name='field-RZ6RyM0FZ3BTXiS' id='field-RZ6RyM0FZ3BTXiS'  \/><\/div><div class=\"erf-radio-group form-group field-field-zS26fwod7Qc38dz erf-element-width-4\"><label for=\"field-zS26fwod7Qc38dz\" class=\"erf-radio-group-label\">11. Uzaktan Kontrol Sistemi:<\/label><div class=\"radio-group\"><div class=\"radio-inline\"><input id=\"field-zS26fwod7Qc38dz-0\" name='field-zS26fwod7Qc38dz' data-ref-label='Remote Control System' class='form-control'  type=\"radio\" value=\"Yes\" \/><label for=\"field-zS26fwod7Qc38dz-0\">Evet<\/label><\/div><div class=\"radio-inline\"><input id=\"field-zS26fwod7Qc38dz-1\" name='field-zS26fwod7Qc38dz' data-ref-label='Remote Control System' class='form-control'  type=\"radio\" value=\"No\" \/><label for=\"field-zS26fwod7Qc38dz-1\">Hay\u0131r<\/label><\/div><\/div><\/div><div class=\"erf-text form-group field-field-pX7x06YBr247jRH erf-element-width-4\"><label for=\"field-pX7x06YBr247jRH\" class=\"erf-text-label\">12. Yukar\u0131daki bilgilere ek olarak varsa ilgili ki\u015finin talepleri:<\/label><input type='text' data-ref-label='Additional Information or Request' class='form-control' name='field-pX7x06YBr247jRH' id='field-pX7x06YBr247jRH'  \/><\/div><div class=\"erf-richtext erf-element-width-12\"><div data-non-input='1' data-ref-label='\u0130lgili Ki\u015finin' data-ref-id='richtext-lha8c4jc' class='erf-rich-text' ><p>\u0130lgili Ki\u015finin<\/p>\n<div id=\"gtx-trans\">\n<div class=\"gtx-trans-icon\">\u00a0<\/div>\n<\/div><\/div><\/div><div class=\"erf-text form-group field-field-xTOzZh4YIbAJN3U erf-element-width-3\"><label for=\"field-xTOzZh4YIbAJN3U\" class=\"erf-text-label\">Ad\u0131 ve Soyad\u0131<span class=\"erf-required\">*<\/span><\/label><input type='text' data-ref-label='Full Name' class='form-control' name='field-xTOzZh4YIbAJN3U' required='required' id='field-xTOzZh4YIbAJN3U'  \/><\/div><div class=\"erf-tel form-group field-field-L5aPt31rb66JkuF erf-element-width-3\"><label for=\"field-L5aPt31rb66JkuF\" class=\"erf-tel-label\">GSM<span class=\"erf-required\">*<\/span><\/label><input type='tel' data-ref-label='Phone1' class='form-control' name='field-L5aPt31rb66JkuF' required='required' enable-intl='1' id='field-L5aPt31rb66JkuF'  \/><\/div><div class=\"erf-text form-group field-field-BORdmh6TI625Nb4 erf-element-width-3\"><label for=\"field-BORdmh6TI625Nb4\" class=\"erf-text-label\">E-mail:<span class=\"erf-required\">*<\/span><\/label><input type='text' data-ref-label='E-mail' class='form-control' name='field-BORdmh6TI625Nb4' required='required' id='field-BORdmh6TI625Nb4'  \/><\/div><div class=\"erf-text form-group field-field-3IV5YpwwW6nFBjp erf-element-width-3\"><label for=\"field-3IV5YpwwW6nFBjp\" class=\"erf-text-label\">\u00c7al\u0131\u015ft\u0131\u011f\u0131 Firma\/Kurum:<\/label><input type='text' data-ref-label='Organization' class='form-control' name='field-3IV5YpwwW6nFBjp' id='field-3IV5YpwwW6nFBjp'  \/><\/div><div class=\"erf-radio-group form-group field-field-9rLSxwOCgBwqxbR erf-element-width-12\"><label for=\"field-9rLSxwOCgBwqxbR\" class=\"erf-radio-group-label\">*<span class=\"erf-required\">*<\/span><\/label><div class=\"radio-group\"><div class=\"radio\"><input id=\"field-9rLSxwOCgBwqxbR-0\" name='field-9rLSxwOCgBwqxbR' data-ref-label='onay' required='required' class='form-control'  type=\"radio\" value=\"Sorular\u0131ma cevap verebilmeleri i\u00e7in Cemda\u011f&#039;\u0131n bilgilerimi saklamas\u0131na izin veriyorum. Cemda\u011f gizlili\u011finize sayg\u0131 duyar ve ki\u015fisel verilerinizi di\u011fer \u00fc\u00e7\u00fcnc\u00fc \u015fah\u0131slara satmayaca\u011f\u0131z veya sa\u011flamayaca\u011f\u0131z veya ki\u015fisel verilerinizi kendi ama\u00e7lar\u0131 i\u00e7in kullanmalar\u0131na izin vermeyece\u011fiz.\" \/><label for=\"field-9rLSxwOCgBwqxbR-0\">Sorular\u0131ma cevap verebilmeleri i\u00e7in Cemda\u011f&#039;\u0131n bilgilerimi saklamas\u0131na izin veriyorum. Cemda\u011f gizlili\u011finize sayg\u0131 duyar ve ki\u015fisel verilerinizi di\u011fer \u00fc\u00e7\u00fcnc\u00fc \u015fah\u0131slara satmayaca\u011f\u0131z veya sa\u011flamayaca\u011f\u0131z veya ki\u015fisel verilerinizi kendi ama\u00e7lar\u0131 i\u00e7in kullanmalar\u0131na izin vermeyece\u011fiz.<\/label><\/div><\/div><\/div><div class=\"erf-button form-group field-button-30532712214 erf-element-width-12\"><button type='submit'class='btn btn-default'name='button-30532712214'data-ref-label='Send'id='button-30532712214'>G\u00f6nder<\/button><\/div>                    <\/div> \n                <\/div>    \n\n                <div class=\"erf-external-form-elements\">\n                    \n                    \n                    \n\n                    \n                                        <div class=\"erf-errors\" style=\"display:none\">\n                        <span class=\"erf-errors-head erf-error-row\">Error occured. Please confirm your data and submit again:<\/span>\n                        <div class=\"erf-errors-body\">\n                                                    <\/div> \n                    <\/div>\n\n                <\/div>\n                <!-- Contains multipage Next,Previous buttons -->\n                <div class=\"erf-form-nav clearfix\"><\/div> \n\n                <!-- Single page form button -->\n                <div class=\"erf-submit-button clearfix\"><\/div>\n\n\n                <input type=\"hidden\" name=\"erform_id\" value=\"5317\" \/>\n                <input type=\"hidden\" id=\"erform_submission_nonce\" name=\"erform_submission_nonce\" value=\"0eb6435142\" \/><input type=\"hidden\" name=\"_wp_http_referer\" value=\"\/tr\/wp-json\/wp\/v2\/pages\/5319\" \/>                <input type=\"hidden\" name=\"action\" value=\"erf_submit_form\" \/>\n\n            <\/form>\n            \n<\/div>\n<\/p>\t\t\t\t\t\t\t\t<\/div>\n\t\t\t\t<\/div>\n\t\t\t\t\t<\/div>\n\t\t<\/div>\n\t\t\t\t\t<\/div>\n\t\t<\/section>\n\t\t\t\t<\/div>\n\t\t","protected":false},"excerpt":{"rendered":"<p>You are here: Home Sayfa<\/p>\n","protected":false},"author":1,"featured_media":0,"parent":0,"menu_order":25,"comment_status":"closed","ping_status":"closed","template":"","meta":{"inline_featured_image":false,"footnotes":""},"class_list":["post-5319","page","type-page","status-publish","hentry"],"aioseo_notices":[],"_links":{"self":[{"href":"https:\/\/cemlight.com\/tr\/wp-json\/wp\/v2\/pages\/5319","targetHints":{"allow":["GET"]}}],"collection":[{"href":"https:\/\/cemlight.com\/tr\/wp-json\/wp\/v2\/pages"}],"about":[{"href":"https:\/\/cemlight.com\/tr\/wp-json\/wp\/v2\/types\/page"}],"author":[{"embeddable":true,"href":"https:\/\/cemlight.com\/tr\/wp-json\/wp\/v2\/users\/1"}],"replies":[{"embeddable":true,"href":"https:\/\/cemlight.com\/tr\/wp-json\/wp\/v2\/comments?post=5319"}],"version-history":[{"count":3,"href":"https:\/\/cemlight.com\/tr\/wp-json\/wp\/v2\/pages\/5319\/revisions"}],"predecessor-version":[{"id":9098,"href":"https:\/\/cemlight.com\/tr\/wp-json\/wp\/v2\/pages\/5319\/revisions\/9098"}],"wp:attachment":[{"href":"https:\/\/cemlight.com\/tr\/wp-json\/wp\/v2\/media?parent=5319"}],"curies":[{"name":"wp","href":"https:\/\/api.w.org\/{rel}","templated":true}]}}