{"id":7364,"date":"2021-04-15T15:50:31","date_gmt":"2021-04-15T12:50:31","guid":{"rendered":"https:\/\/cemlight.com\/tr\/?page_id=7364"},"modified":"2021-11-12T09:31:40","modified_gmt":"2021-11-12T06:31:40","slug":"tecnology","status":"publish","type":"page","link":"https:\/\/cemlight.com\/tr\/teknoloji\/","title":{"rendered":"TEKNOLOJ\u0130"},"content":{"rendered":"\t\t<div data-elementor-type=\"wp-page\" data-elementor-id=\"7364\" class=\"elementor elementor-7364\" data-elementor-post-type=\"page\">\n\t\t\t\t\t\t<section class=\"elementor-section elementor-top-section elementor-element elementor-element-eb05251 elementor-section-full_width elementor-section-stretched elementor-section-height-default elementor-section-height-default\" data-id=\"eb05251\" data-element_type=\"section\" data-settings=\"{&quot;stretch_section&quot;:&quot;section-stretched&quot;}\">\n\t\t\t\t\t\t<div class=\"elementor-container elementor-column-gap-no\">\n\t\t\t\t\t<div class=\"elementor-column elementor-col-100 elementor-top-column elementor-element elementor-element-e6809dc\" data-id=\"e6809dc\" data-element_type=\"column\">\n\t\t\t<div class=\"elementor-widget-wrap elementor-element-populated\">\n\t\t\t\t\t\t<section class=\"elementor-section elementor-inner-section elementor-element elementor-element-9e71732 elementor-section-boxed elementor-section-height-default elementor-section-height-default\" data-id=\"9e71732\" data-element_type=\"section\">\n\t\t\t\t\t\t<div class=\"elementor-container elementor-column-gap-no\">\n\t\t\t\t\t<div class=\"elementor-column elementor-col-100 elementor-inner-column elementor-element elementor-element-7c58ae0\" data-id=\"7c58ae0\" data-element_type=\"column\">\n\t\t\t<div class=\"elementor-widget-wrap elementor-element-populated\">\n\t\t\t\t\t\t<div class=\"elementor-element elementor-element-64b9410 elementor-widget elementor-widget-spacer\" data-id=\"64b9410\" data-element_type=\"widget\" data-widget_type=\"spacer.default\">\n\t\t\t\t<div class=\"elementor-widget-container\">\n\t\t\t\t\t\t\t<div class=\"elementor-spacer\">\n\t\t\t<div class=\"elementor-spacer-inner\"><\/div>\n\t\t<\/div>\n\t\t\t\t\t\t<\/div>\n\t\t\t\t<\/div>\n\t\t\t\t<div class=\"elementor-element elementor-element-c0f181b split-breadcrumbs-y elementor-widget elementor-widget-the7-breadcrumb\" data-id=\"c0f181b\" data-element_type=\"widget\" data-widget_type=\"the7-breadcrumb.default\">\n\t\t\t\t<div class=\"elementor-widget-container\">\n\t\t\t\t\t<div class=\"assistive-text\">You are here:<\/div><ol class=\"breadcrumbs text-small rcrumbs\" itemscope itemtype=\"https:\/\/schema.org\/BreadcrumbList\"><li itemprop=\"itemListElement\" itemscope itemtype=\"https:\/\/schema.org\/ListItem\"><a itemprop=\"item\" href=\"https:\/\/cemlight.com\/tr\/\" title=\"Home\"><span itemprop=\"name\">Home<\/span><\/a><meta itemprop=\"position\" content=\"1\" \/><\/li><li class=\"current\" itemprop=\"itemListElement\" itemscope itemtype=\"https:\/\/schema.org\/ListItem\"><span itemprop=\"name\">Sayfa<\/span><meta itemprop=\"position\" content=\"2\" \/><\/li><\/ol>\t\t\t\t<\/div>\n\t\t\t\t<\/div>\n\t\t\t\t<div class=\"elementor-element elementor-element-3f9e873 elementor-widget elementor-widget-spacer\" data-id=\"3f9e873\" data-element_type=\"widget\" data-widget_type=\"spacer.default\">\n\t\t\t\t<div class=\"elementor-widget-container\">\n\t\t\t\t\t\t\t<div class=\"elementor-spacer\">\n\t\t\t<div class=\"elementor-spacer-inner\"><\/div>\n\t\t<\/div>\n\t\t\t\t\t\t<\/div>\n\t\t\t\t<\/div>\n\t\t\t\t<div class=\"elementor-element elementor-element-48ae516 elementor-widget elementor-widget-text-editor\" data-id=\"48ae516\" data-element_type=\"widget\" data-widget_type=\"text-editor.default\">\n\t\t\t\t<div class=\"elementor-widget-container\">\n\t\t\t\t\t\t\t\t\t<p>TEKNOLOJ\u0130<\/p>\t\t\t\t\t\t\t\t<\/div>\n\t\t\t\t<\/div>\n\t\t\t\t<div class=\"elementor-element elementor-element-21d76ea elementor-widget elementor-widget-spacer\" data-id=\"21d76ea\" data-element_type=\"widget\" data-widget_type=\"spacer.default\">\n\t\t\t\t<div class=\"elementor-widget-container\">\n\t\t\t\t\t\t\t<div class=\"elementor-spacer\">\n\t\t\t<div class=\"elementor-spacer-inner\"><\/div>\n\t\t<\/div>\n\t\t\t\t\t\t<\/div>\n\t\t\t\t<\/div>\n\t\t\t\t\t<\/div>\n\t\t<\/div>\n\t\t\t\t\t<\/div>\n\t\t<\/section>\n\t\t\t\t<div class=\"elementor-element elementor-element-b02cebd elementor-widget elementor-widget-image\" data-id=\"b02cebd\" data-element_type=\"widget\" data-widget_type=\"image.default\">\n\t\t\t\t<div class=\"elementor-widget-container\">\n\t\t\t\t\t\t\t\t\t\t\t\t\t\t\t<img decoding=\"async\" width=\"1920\" height=\"15\" src=\"https:\/\/cemlight.com\/tr\/wp-content\/uploads\/2020\/07\/Untitled-1-1.jpg\" class=\"attachment-full size-full wp-image-2835\" alt=\"\" srcset=\"https:\/\/cemlight.com\/tr\/wp-content\/uploads\/2020\/07\/Untitled-1-1.jpg 1920w, https:\/\/cemlight.com\/tr\/wp-content\/uploads\/2020\/07\/Untitled-1-1-300x2.jpg 300w, https:\/\/cemlight.com\/tr\/wp-content\/uploads\/2020\/07\/Untitled-1-1-1024x8.jpg 1024w, https:\/\/cemlight.com\/tr\/wp-content\/uploads\/2020\/07\/Untitled-1-1-768x6.jpg 768w, https:\/\/cemlight.com\/tr\/wp-content\/uploads\/2020\/07\/Untitled-1-1-1536x12.jpg 1536w\" sizes=\"(max-width: 1920px) 100vw, 1920px\" \/>\t\t\t\t\t\t\t\t\t\t\t\t\t\t\t<\/div>\n\t\t\t\t<\/div>\n\t\t\t\t\t<\/div>\n\t\t<\/div>\n\t\t\t\t\t<\/div>\n\t\t<\/section>\n\t\t\t\t<section class=\"elementor-section elementor-top-section elementor-element elementor-element-7f64e2f elementor-section-boxed elementor-section-height-default elementor-section-height-default\" data-id=\"7f64e2f\" data-element_type=\"section\">\n\t\t\t\t\t\t<div class=\"elementor-container elementor-column-gap-default\">\n\t\t\t\t\t<div class=\"elementor-column elementor-col-100 elementor-top-column elementor-element elementor-element-b47625b\" data-id=\"b47625b\" data-element_type=\"column\">\n\t\t\t<div class=\"elementor-widget-wrap elementor-element-populated\">\n\t\t\t\t\t\t<div class=\"elementor-element elementor-element-c1b777a elementor-widget elementor-widget-spacer\" data-id=\"c1b777a\" data-element_type=\"widget\" data-widget_type=\"spacer.default\">\n\t\t\t\t<div class=\"elementor-widget-container\">\n\t\t\t\t\t\t\t<div class=\"elementor-spacer\">\n\t\t\t<div class=\"elementor-spacer-inner\"><\/div>\n\t\t<\/div>\n\t\t\t\t\t\t<\/div>\n\t\t\t\t<\/div>\n\t\t\t\t\t<\/div>\n\t\t<\/div>\n\t\t\t\t\t<\/div>\n\t\t<\/section>\n\t\t\t\t<section class=\"elementor-section elementor-top-section elementor-element elementor-element-6f3e725 elementor-section-boxed elementor-section-height-default elementor-section-height-default\" data-id=\"6f3e725\" data-element_type=\"section\">\n\t\t\t\t\t\t<div class=\"elementor-container elementor-column-gap-default\">\n\t\t\t\t\t<div class=\"elementor-column elementor-col-50 elementor-top-column elementor-element elementor-element-faa4218\" data-id=\"faa4218\" data-element_type=\"column\">\n\t\t\t<div class=\"elementor-widget-wrap elementor-element-populated\">\n\t\t\t\t\t\t<div class=\"elementor-element elementor-element-f5f506c elementor-widget elementor-widget-text-editor\" data-id=\"f5f506c\" data-element_type=\"widget\" data-widget_type=\"text-editor.default\">\n\t\t\t\t<div class=\"elementor-widget-container\">\n\t\t\t\t\t\t\t\t\t<p><strong>SERT\u0130F\u0130KALI TEDAR\u0130K\u00c7\u0130LER<\/strong><\/p>\t\t\t\t\t\t\t\t<\/div>\n\t\t\t\t<\/div>\n\t\t\t\t<div class=\"elementor-element elementor-element-8d93370 elementor-widget elementor-widget-text-editor\" data-id=\"8d93370\" data-element_type=\"widget\" data-widget_type=\"text-editor.default\">\n\t\t\t\t<div class=\"elementor-widget-container\">\n\t\t\t\t\t\t\t\t\t<p>Cemda\u011f, bilinen ve uluslarararas\u0131 sertifikalara sahip tedarik\u00e7ilerden temin etti\u011fi hammadde ve komponentleri kullanmaktad\u0131r.<\/p>\t\t\t\t\t\t\t\t<\/div>\n\t\t\t\t<\/div>\n\t\t\t\t\t<\/div>\n\t\t<\/div>\n\t\t\t\t<div class=\"elementor-column elementor-col-50 elementor-top-column elementor-element elementor-element-5df4164\" data-id=\"5df4164\" data-element_type=\"column\">\n\t\t\t<div class=\"elementor-widget-wrap\">\n\t\t\t\t\t\t\t<\/div>\n\t\t<\/div>\n\t\t\t\t\t<\/div>\n\t\t<\/section>\n\t\t\t\t<section class=\"elementor-section elementor-top-section elementor-element elementor-element-ac2cd3d elementor-section-boxed elementor-section-height-default elementor-section-height-default\" data-id=\"ac2cd3d\" data-element_type=\"section\">\n\t\t\t\t\t\t<div class=\"elementor-container elementor-column-gap-default\">\n\t\t\t\t\t<div class=\"elementor-column elementor-col-50 elementor-top-column elementor-element elementor-element-81880c2\" data-id=\"81880c2\" data-element_type=\"column\">\n\t\t\t<div class=\"elementor-widget-wrap elementor-element-populated\">\n\t\t\t\t\t\t<div class=\"elementor-element elementor-element-68c87c8 elementor-widget elementor-widget-image\" data-id=\"68c87c8\" data-element_type=\"widget\" data-widget_type=\"image.default\">\n\t\t\t\t<div class=\"elementor-widget-container\">\n\t\t\t\t\t\t\t\t\t\t\t\t\t\t\t<img fetchpriority=\"high\" decoding=\"async\" width=\"647\" height=\"430\" src=\"https:\/\/cemlight.com\/tr\/wp-content\/uploads\/2021\/04\/cadcam.jpg\" class=\"attachment-large size-large wp-image-6714\" alt=\"\" srcset=\"https:\/\/cemlight.com\/tr\/wp-content\/uploads\/2021\/04\/cadcam.jpg 647w, https:\/\/cemlight.com\/tr\/wp-content\/uploads\/2021\/04\/cadcam-300x199.jpg 300w\" sizes=\"(max-width: 647px) 100vw, 647px\" \/>\t\t\t\t\t\t\t\t\t\t\t\t\t\t\t<\/div>\n\t\t\t\t<\/div>\n\t\t\t\t\t<\/div>\n\t\t<\/div>\n\t\t\t\t<div class=\"elementor-column elementor-col-50 elementor-top-column elementor-element elementor-element-168fedf\" data-id=\"168fedf\" data-element_type=\"column\">\n\t\t\t<div class=\"elementor-widget-wrap elementor-element-populated\">\n\t\t\t\t\t\t<div class=\"elementor-element elementor-element-d90a9b4 elementor-widget elementor-widget-text-editor\" data-id=\"d90a9b4\" data-element_type=\"widget\" data-widget_type=\"text-editor.default\">\n\t\t\t\t<div class=\"elementor-widget-container\">\n\t\t\t\t\t\t\t\t\t<p><strong>CAD\/CAM<\/strong><\/p>\t\t\t\t\t\t\t\t<\/div>\n\t\t\t\t<\/div>\n\t\t\t\t<div class=\"elementor-element elementor-element-183b8fa elementor-widget elementor-widget-text-editor\" data-id=\"183b8fa\" data-element_type=\"widget\" data-widget_type=\"text-editor.default\">\n\t\t\t\t<div class=\"elementor-widget-container\">\n\t\t\t\t\t\t\t\t\t<p>Cemda\u011f bilgisayar destekli tasar\u0131m ve \u00fcretim yapmaktad\u0131r. Tasar\u0131m ve \u00fcretim i\u00e7in bilgi i\u015flem \u00fcniteleri kullan\u0131lmaktad\u0131r. CAD\/CAM tasar\u0131m ve \u00fcretim s\u00fcrecinin kontrol\u00fcne imkan tan\u0131makta ve CAD, bilgisayar destekli tasar\u0131m yap\u0131ld\u0131ktan sonar, yap\u0131lan tasar\u0131m\u0131n kendisi bilgisayar arac\u0131l\u0131\u011f\u0131 ile par\u00e7a imalat\u0131n\u0131 yapan makinay\u0131 kontrol etmektedir.<\/p>\t\t\t\t\t\t\t\t<\/div>\n\t\t\t\t<\/div>\n\t\t\t\t\t<\/div>\n\t\t<\/div>\n\t\t\t\t\t<\/div>\n\t\t<\/section>\n\t\t\t\t<section class=\"elementor-section elementor-top-section elementor-element elementor-element-0ec61e3 elementor-section-boxed elementor-section-height-default elementor-section-height-default\" data-id=\"0ec61e3\" data-element_type=\"section\">\n\t\t\t\t\t\t<div class=\"elementor-container elementor-column-gap-default\">\n\t\t\t\t\t<div class=\"elementor-column elementor-col-50 elementor-top-column elementor-element elementor-element-ccc3358\" data-id=\"ccc3358\" data-element_type=\"column\">\n\t\t\t<div class=\"elementor-widget-wrap elementor-element-populated\">\n\t\t\t\t\t\t<div class=\"elementor-element elementor-element-7995057 elementor-widget elementor-widget-text-editor\" data-id=\"7995057\" data-element_type=\"widget\" data-widget_type=\"text-editor.default\">\n\t\t\t\t<div class=\"elementor-widget-container\">\n\t\t\t\t\t\t\t\t\t<p><strong>TASARIM EK\u0130B\u0130<\/strong><\/p>\t\t\t\t\t\t\t\t<\/div>\n\t\t\t\t<\/div>\n\t\t\t\t<div class=\"elementor-element elementor-element-90e1804 elementor-widget elementor-widget-text-editor\" data-id=\"90e1804\" data-element_type=\"widget\" data-widget_type=\"text-editor.default\">\n\t\t\t\t<div class=\"elementor-widget-container\">\n\t\t\t\t\t\t\t\t\t<p>Tasar\u0131m ekibi ile Cemda\u011f, do\u011fru optik sistem ayarlar\u0131, y\u00fcksek verimlilik, \u00fcr\u00fcnlerde estetik ve uzun \u00f6m\u00fcr ile i\u015fletme ve bak\u0131m masraflar\u0131n\u0131n en aza indirilmesini hedeflemektedir.<\/p>\t\t\t\t\t\t\t\t<\/div>\n\t\t\t\t<\/div>\n\t\t\t\t\t<\/div>\n\t\t<\/div>\n\t\t\t\t<div class=\"elementor-column elementor-col-50 elementor-top-column elementor-element elementor-element-87740cd\" data-id=\"87740cd\" data-element_type=\"column\">\n\t\t\t<div class=\"elementor-widget-wrap elementor-element-populated\">\n\t\t\t\t\t\t<div class=\"elementor-element elementor-element-553cce8 elementor-widget elementor-widget-image\" data-id=\"553cce8\" data-element_type=\"widget\" data-widget_type=\"image.default\">\n\t\t\t\t<div class=\"elementor-widget-container\">\n\t\t\t\t\t\t\t\t\t\t\t\t\t\t\t<img decoding=\"async\" src=\"https:\/\/cemlight.com\/tr\/wp-content\/uploads\/elementor\/thumbs\/design-team-p9ro0xo20x3yrwzq2bccbxoilt6fpmx7qjerpvuea4.jpg\" title=\"design-team\" alt=\"design-team\" loading=\"lazy\" \/>\t\t\t\t\t\t\t\t\t\t\t\t\t\t\t<\/div>\n\t\t\t\t<\/div>\n\t\t\t\t\t<\/div>\n\t\t<\/div>\n\t\t\t\t\t<\/div>\n\t\t<\/section>\n\t\t\t\t<section class=\"elementor-section elementor-top-section elementor-element elementor-element-8679b3c elementor-section-boxed elementor-section-height-default elementor-section-height-default\" data-id=\"8679b3c\" data-element_type=\"section\">\n\t\t\t\t\t\t<div class=\"elementor-container elementor-column-gap-default\">\n\t\t\t\t\t<div class=\"elementor-column elementor-col-50 elementor-top-column elementor-element elementor-element-e95ea9f\" data-id=\"e95ea9f\" data-element_type=\"column\">\n\t\t\t<div class=\"elementor-widget-wrap elementor-element-populated\">\n\t\t\t\t\t\t<div class=\"elementor-element elementor-element-51ada87 elementor-widget elementor-widget-image\" data-id=\"51ada87\" data-element_type=\"widget\" data-widget_type=\"image.default\">\n\t\t\t\t<div class=\"elementor-widget-container\">\n\t\t\t\t\t\t\t\t\t\t\t\t\t\t\t<img decoding=\"async\" width=\"647\" height=\"430\" src=\"https:\/\/cemlight.com\/tr\/wp-content\/uploads\/2021\/04\/tooling-unit.jpg\" class=\"attachment-large size-large wp-image-6716\" alt=\"\" srcset=\"https:\/\/cemlight.com\/tr\/wp-content\/uploads\/2021\/04\/tooling-unit.jpg 647w, https:\/\/cemlight.com\/tr\/wp-content\/uploads\/2021\/04\/tooling-unit-300x199.jpg 300w\" sizes=\"(max-width: 647px) 100vw, 647px\" \/>\t\t\t\t\t\t\t\t\t\t\t\t\t\t\t<\/div>\n\t\t\t\t<\/div>\n\t\t\t\t\t<\/div>\n\t\t<\/div>\n\t\t\t\t<div class=\"elementor-column elementor-col-50 elementor-top-column elementor-element elementor-element-d870ecc\" data-id=\"d870ecc\" data-element_type=\"column\">\n\t\t\t<div class=\"elementor-widget-wrap elementor-element-populated\">\n\t\t\t\t\t\t<div class=\"elementor-element elementor-element-8050f01 elementor-widget elementor-widget-text-editor\" data-id=\"8050f01\" data-element_type=\"widget\" data-widget_type=\"text-editor.default\">\n\t\t\t\t<div class=\"elementor-widget-container\">\n\t\t\t\t\t\t\t\t\t<p><strong>KALIPHANE<\/strong><\/p>\t\t\t\t\t\t\t\t<\/div>\n\t\t\t\t<\/div>\n\t\t\t\t<div class=\"elementor-element elementor-element-c77a573 elementor-widget elementor-widget-text-editor\" data-id=\"c77a573\" data-element_type=\"widget\" data-widget_type=\"text-editor.default\">\n\t\t\t\t<div class=\"elementor-widget-container\">\n\t\t\t\t\t\t\t\t\t<p>Kal\u0131p tasar\u0131m\u0131, imalat\u0131 ve servisi cemda\u011f taraf\u0131ndan kendi tesislerinde yap\u0131lmaktad\u0131r. Plastik ve aluminyum enjeksiyon kal\u0131plar\u0131 i\u00e7in; CNC Dik \u0130\u015flem Merkezi ,Tel Erezyon EDM, Dalma Erezyon , Radial Matkap and torna tezgah\u0131 vard\u0131r.<\/p>\t\t\t\t\t\t\t\t<\/div>\n\t\t\t\t<\/div>\n\t\t\t\t\t<\/div>\n\t\t<\/div>\n\t\t\t\t\t<\/div>\n\t\t<\/section>\n\t\t\t\t<section class=\"elementor-section elementor-top-section elementor-element elementor-element-52028c2 elementor-section-boxed elementor-section-height-default elementor-section-height-default\" data-id=\"52028c2\" data-element_type=\"section\">\n\t\t\t\t\t\t<div class=\"elementor-container elementor-column-gap-default\">\n\t\t\t\t\t<div class=\"elementor-column elementor-col-50 elementor-top-column elementor-element elementor-element-915d288\" data-id=\"915d288\" data-element_type=\"column\">\n\t\t\t<div class=\"elementor-widget-wrap elementor-element-populated\">\n\t\t\t\t\t\t<div class=\"elementor-element elementor-element-53ad669 elementor-widget elementor-widget-text-editor\" data-id=\"53ad669\" data-element_type=\"widget\" data-widget_type=\"text-editor.default\">\n\t\t\t\t<div class=\"elementor-widget-container\">\n\t\t\t\t\t\t\t\t\t<p><strong>ERP<\/strong><\/p>\t\t\t\t\t\t\t\t<\/div>\n\t\t\t\t<\/div>\n\t\t\t\t<div class=\"elementor-element elementor-element-dda0ee4 elementor-widget elementor-widget-text-editor\" data-id=\"dda0ee4\" data-element_type=\"widget\" data-widget_type=\"text-editor.default\">\n\t\t\t\t<div class=\"elementor-widget-container\">\n\t\t\t\t\t\t\t\t\t<p>\u0130\u015f s\u00fcre\u00e7lerinin optimizasyonu i\u00e7in kulland\u0131\u011f\u0131 Kurumsal Kaynak Planlama Sistemi ve kurumsal yaz\u0131l\u0131m \u00e7\u00f6z\u00fcmleri sayesinde, Cemda\u011f b\u00fct\u00fcn \u00fcretim s\u00fcre\u00e7lerini makina ve hat baz\u0131nda online olarak her yerden takip edebilmektedir.<\/p><p>Kurumsal Kaynak Planlama Sistemi sat\u0131\u015f ve m\u00fc\u015fteri hizmetleri s\u00fcre\u00e7lerini de kapsamakta, sat\u0131\u015f ekipleri ve m\u00fc\u015fterilerimiz ilgileri dahilindeki bilgilere online eri\u015febilmektedirler<\/p>\t\t\t\t\t\t\t\t<\/div>\n\t\t\t\t<\/div>\n\t\t\t\t\t<\/div>\n\t\t<\/div>\n\t\t\t\t<div class=\"elementor-column elementor-col-50 elementor-top-column elementor-element elementor-element-4fcadb8\" data-id=\"4fcadb8\" data-element_type=\"column\">\n\t\t\t<div class=\"elementor-widget-wrap elementor-element-populated\">\n\t\t\t\t\t\t<div class=\"elementor-element elementor-element-0072212 elementor-widget elementor-widget-image\" data-id=\"0072212\" data-element_type=\"widget\" data-widget_type=\"image.default\">\n\t\t\t\t<div class=\"elementor-widget-container\">\n\t\t\t\t\t\t\t\t\t\t\t\t\t\t\t<img loading=\"lazy\" decoding=\"async\" width=\"647\" height=\"430\" src=\"https:\/\/cemlight.com\/tr\/wp-content\/uploads\/2021\/04\/ERP.jpg\" class=\"attachment-large size-large wp-image-6717\" alt=\"\" srcset=\"https:\/\/cemlight.com\/tr\/wp-content\/uploads\/2021\/04\/ERP.jpg 647w, https:\/\/cemlight.com\/tr\/wp-content\/uploads\/2021\/04\/ERP-300x199.jpg 300w\" sizes=\"(max-width: 647px) 100vw, 647px\" \/>\t\t\t\t\t\t\t\t\t\t\t\t\t\t\t<\/div>\n\t\t\t\t<\/div>\n\t\t\t\t\t<\/div>\n\t\t<\/div>\n\t\t\t\t\t<\/div>\n\t\t<\/section>\n\t\t\t\t<section class=\"elementor-section elementor-top-section elementor-element elementor-element-d7eb2d3 elementor-section-boxed elementor-section-height-default elementor-section-height-default\" data-id=\"d7eb2d3\" data-element_type=\"section\">\n\t\t\t\t\t\t<div class=\"elementor-container elementor-column-gap-default\">\n\t\t\t\t\t<div class=\"elementor-column elementor-col-50 elementor-top-column elementor-element elementor-element-103be91\" data-id=\"103be91\" data-element_type=\"column\">\n\t\t\t<div class=\"elementor-widget-wrap elementor-element-populated\">\n\t\t\t\t\t\t<div class=\"elementor-element elementor-element-c4a28a0 elementor-widget elementor-widget-image\" data-id=\"c4a28a0\" data-element_type=\"widget\" data-widget_type=\"image.default\">\n\t\t\t\t<div class=\"elementor-widget-container\">\n\t\t\t\t\t\t\t\t\t\t\t\t\t\t\t<img loading=\"lazy\" decoding=\"async\" width=\"640\" height=\"425\" src=\"https:\/\/cemlight.com\/tr\/wp-content\/uploads\/2021\/04\/PSO9353.jpg\" class=\"attachment-large size-large wp-image-6718\" alt=\"\" srcset=\"https:\/\/cemlight.com\/tr\/wp-content\/uploads\/2021\/04\/PSO9353.jpg 640w, https:\/\/cemlight.com\/tr\/wp-content\/uploads\/2021\/04\/PSO9353-300x199.jpg 300w\" sizes=\"(max-width: 640px) 100vw, 640px\" \/>\t\t\t\t\t\t\t\t\t\t\t\t\t\t\t<\/div>\n\t\t\t\t<\/div>\n\t\t\t\t\t<\/div>\n\t\t<\/div>\n\t\t\t\t<div class=\"elementor-column elementor-col-50 elementor-top-column elementor-element elementor-element-4969693\" data-id=\"4969693\" data-element_type=\"column\">\n\t\t\t<div class=\"elementor-widget-wrap elementor-element-populated\">\n\t\t\t\t\t\t<div class=\"elementor-element elementor-element-656ef7d elementor-widget elementor-widget-text-editor\" data-id=\"656ef7d\" data-element_type=\"widget\" data-widget_type=\"text-editor.default\">\n\t\t\t\t<div class=\"elementor-widget-container\">\n\t\t\t\t\t\t\t\t\t<p><strong>RASSAL TESTLER<\/strong><\/p>\t\t\t\t\t\t\t\t<\/div>\n\t\t\t\t<\/div>\n\t\t\t\t<div class=\"elementor-element elementor-element-0892584 elementor-widget elementor-widget-text-editor\" data-id=\"0892584\" data-element_type=\"widget\" data-widget_type=\"text-editor.default\">\n\t\t\t\t<div class=\"elementor-widget-container\">\n\t\t\t\t\t\t\t\t\t<p>Kat\u0131 ve tavizsiz kalite politikas\u0131 nedeniyle, hatas\u0131z ve y\u00fcksek kalitede \u00fcr\u00fcnler i\u00e7in Cemda\u011f, \u00fcretimin her a\u015famas\u0131nda rassal olarak elektriksel ve mekanik testleri uygulamaktad\u0131r.<\/p>\t\t\t\t\t\t\t\t<\/div>\n\t\t\t\t<\/div>\n\t\t\t\t\t<\/div>\n\t\t<\/div>\n\t\t\t\t\t<\/div>\n\t\t<\/section>\n\t\t\t\t<section class=\"elementor-section elementor-top-section elementor-element elementor-element-76ec30f elementor-section-boxed elementor-section-height-default elementor-section-height-default\" data-id=\"76ec30f\" data-element_type=\"section\">\n\t\t\t\t\t\t<div class=\"elementor-container elementor-column-gap-default\">\n\t\t\t\t\t<div class=\"elementor-column elementor-col-100 elementor-top-column elementor-element elementor-element-81bf23a\" data-id=\"81bf23a\" data-element_type=\"column\">\n\t\t\t<div class=\"elementor-widget-wrap elementor-element-populated\">\n\t\t\t\t\t\t<div class=\"elementor-element elementor-element-62e23b2 elementor-widget elementor-widget-spacer\" data-id=\"62e23b2\" data-element_type=\"widget\" data-widget_type=\"spacer.default\">\n\t\t\t\t<div class=\"elementor-widget-container\">\n\t\t\t\t\t\t\t<div class=\"elementor-spacer\">\n\t\t\t<div class=\"elementor-spacer-inner\"><\/div>\n\t\t<\/div>\n\t\t\t\t\t\t<\/div>\n\t\t\t\t<\/div>\n\t\t\t\t\t<\/div>\n\t\t<\/div>\n\t\t\t\t\t<\/div>\n\t\t<\/section>\n\t\t\t\t<\/div>\n\t\t","protected":false},"excerpt":{"rendered":"<p>You are here: Home Sayfa TEKNOLOJ\u0130 SERT\u0130F\u0130KALI TEDAR\u0130K\u00c7\u0130LER Cemda\u011f, bilinen ve uluslarararas\u0131 sertifikalara sahip tedarik\u00e7ilerden temin etti\u011fi hammadde ve komponentleri kullanmaktad\u0131r. CAD\/CAM Cemda\u011f bilgisayar destekli tasar\u0131m ve \u00fcretim yapmaktad\u0131r. Tasar\u0131m ve \u00fcretim i\u00e7in bilgi i\u015flem \u00fcniteleri kullan\u0131lmaktad\u0131r. CAD\/CAM tasar\u0131m ve \u00fcretim s\u00fcrecinin kontrol\u00fcne imkan tan\u0131makta ve CAD, bilgisayar destekli tasar\u0131m yap\u0131ld\u0131ktan sonar, yap\u0131lan tasar\u0131m\u0131n kendisi&hellip;<\/p>\n","protected":false},"author":1,"featured_media":0,"parent":0,"menu_order":16,"comment_status":"closed","ping_status":"closed","template":"","meta":{"inline_featured_image":false,"footnotes":""},"class_list":["post-7364","page","type-page","status-publish","hentry"],"aioseo_notices":[],"_links":{"self":[{"href":"https:\/\/cemlight.com\/tr\/wp-json\/wp\/v2\/pages\/7364","targetHints":{"allow":["GET"]}}],"collection":[{"href":"https:\/\/cemlight.com\/tr\/wp-json\/wp\/v2\/pages"}],"about":[{"href":"https:\/\/cemlight.com\/tr\/wp-json\/wp\/v2\/types\/page"}],"author":[{"embeddable":true,"href":"https:\/\/cemlight.com\/tr\/wp-json\/wp\/v2\/users\/1"}],"replies":[{"embeddable":true,"href":"https:\/\/cemlight.com\/tr\/wp-json\/wp\/v2\/comments?post=7364"}],"version-history":[{"count":23,"href":"https:\/\/cemlight.com\/tr\/wp-json\/wp\/v2\/pages\/7364\/revisions"}],"predecessor-version":[{"id":10330,"href":"https:\/\/cemlight.com\/tr\/wp-json\/wp\/v2\/pages\/7364\/revisions\/10330"}],"wp:attachment":[{"href":"https:\/\/cemlight.com\/tr\/wp-json\/wp\/v2\/media?parent=7364"}],"curies":[{"name":"wp","href":"https:\/\/api.w.org\/{rel}","templated":true}]}}