{"id":7372,"date":"2021-02-19T13:39:16","date_gmt":"2021-04-15T12:52:25","guid":{"rendered":"https:\/\/cemlight.com\/tr\/?page_id=7372"},"modified":"2021-09-29T10:55:14","modified_gmt":"2021-09-29T07:55:14","slug":"quality-2","status":"publish","type":"page","link":"https:\/\/cemlight.com\/tr\/kalite\/","title":{"rendered":"KAL\u0130TE"},"content":{"rendered":"\t\t<div data-elementor-type=\"wp-page\" data-elementor-id=\"7372\" class=\"elementor elementor-7372\" data-elementor-post-type=\"page\">\n\t\t\t\t\t\t<section class=\"elementor-section elementor-top-section elementor-element elementor-element-eb05251 elementor-section-full_width elementor-section-stretched elementor-section-height-default elementor-section-height-default\" data-id=\"eb05251\" data-element_type=\"section\" data-settings=\"{&quot;stretch_section&quot;:&quot;section-stretched&quot;}\">\n\t\t\t\t\t\t<div class=\"elementor-container elementor-column-gap-no\">\n\t\t\t\t\t<div class=\"elementor-column elementor-col-100 elementor-top-column elementor-element elementor-element-e6809dc\" data-id=\"e6809dc\" data-element_type=\"column\">\n\t\t\t<div class=\"elementor-widget-wrap elementor-element-populated\">\n\t\t\t\t\t\t<section class=\"elementor-section elementor-inner-section elementor-element elementor-element-9e71732 elementor-section-boxed elementor-section-height-default elementor-section-height-default\" data-id=\"9e71732\" data-element_type=\"section\">\n\t\t\t\t\t\t<div class=\"elementor-container elementor-column-gap-no\">\n\t\t\t\t\t<div class=\"elementor-column elementor-col-100 elementor-inner-column elementor-element elementor-element-7c58ae0\" data-id=\"7c58ae0\" data-element_type=\"column\">\n\t\t\t<div class=\"elementor-widget-wrap elementor-element-populated\">\n\t\t\t\t\t\t<div class=\"elementor-element elementor-element-64b9410 elementor-widget elementor-widget-spacer\" data-id=\"64b9410\" data-element_type=\"widget\" data-widget_type=\"spacer.default\">\n\t\t\t\t<div class=\"elementor-widget-container\">\n\t\t\t\t\t\t\t<div class=\"elementor-spacer\">\n\t\t\t<div class=\"elementor-spacer-inner\"><\/div>\n\t\t<\/div>\n\t\t\t\t\t\t<\/div>\n\t\t\t\t<\/div>\n\t\t\t\t<div class=\"elementor-element elementor-element-c0f181b split-breadcrumbs-y elementor-widget elementor-widget-the7-breadcrumb\" data-id=\"c0f181b\" data-element_type=\"widget\" data-widget_type=\"the7-breadcrumb.default\">\n\t\t\t\t<div class=\"elementor-widget-container\">\n\t\t\t\t\t<div class=\"assistive-text\">You are here:<\/div><ol class=\"breadcrumbs text-small rcrumbs\" itemscope itemtype=\"https:\/\/schema.org\/BreadcrumbList\"><li itemprop=\"itemListElement\" itemscope itemtype=\"https:\/\/schema.org\/ListItem\"><a itemprop=\"item\" href=\"https:\/\/cemlight.com\/tr\/\" title=\"Home\"><span itemprop=\"name\">Home<\/span><\/a><meta itemprop=\"position\" content=\"1\" \/><\/li><li class=\"current\" itemprop=\"itemListElement\" itemscope itemtype=\"https:\/\/schema.org\/ListItem\"><span itemprop=\"name\">Sayfa<\/span><meta itemprop=\"position\" content=\"2\" \/><\/li><\/ol>\t\t\t\t<\/div>\n\t\t\t\t<\/div>\n\t\t\t\t<div class=\"elementor-element elementor-element-3f9e873 elementor-widget elementor-widget-spacer\" data-id=\"3f9e873\" data-element_type=\"widget\" data-widget_type=\"spacer.default\">\n\t\t\t\t<div class=\"elementor-widget-container\">\n\t\t\t\t\t\t\t<div class=\"elementor-spacer\">\n\t\t\t<div class=\"elementor-spacer-inner\"><\/div>\n\t\t<\/div>\n\t\t\t\t\t\t<\/div>\n\t\t\t\t<\/div>\n\t\t\t\t<div class=\"elementor-element elementor-element-48ae516 elementor-widget elementor-widget-text-editor\" data-id=\"48ae516\" data-element_type=\"widget\" data-widget_type=\"text-editor.default\">\n\t\t\t\t<div class=\"elementor-widget-container\">\n\t\t\t\t\t\t\t\t\t<p>KAL\u0130TE<\/p>\t\t\t\t\t\t\t\t<\/div>\n\t\t\t\t<\/div>\n\t\t\t\t<div class=\"elementor-element elementor-element-21d76ea elementor-widget elementor-widget-spacer\" data-id=\"21d76ea\" data-element_type=\"widget\" data-widget_type=\"spacer.default\">\n\t\t\t\t<div class=\"elementor-widget-container\">\n\t\t\t\t\t\t\t<div class=\"elementor-spacer\">\n\t\t\t<div class=\"elementor-spacer-inner\"><\/div>\n\t\t<\/div>\n\t\t\t\t\t\t<\/div>\n\t\t\t\t<\/div>\n\t\t\t\t\t<\/div>\n\t\t<\/div>\n\t\t\t\t\t<\/div>\n\t\t<\/section>\n\t\t\t\t<div class=\"elementor-element elementor-element-b02cebd elementor-widget elementor-widget-image\" data-id=\"b02cebd\" data-element_type=\"widget\" data-widget_type=\"image.default\">\n\t\t\t\t<div class=\"elementor-widget-container\">\n\t\t\t\t\t\t\t\t\t\t\t\t\t\t\t<img decoding=\"async\" width=\"1920\" height=\"15\" src=\"https:\/\/cemlight.com\/tr\/wp-content\/uploads\/2020\/07\/Untitled-1-1.jpg\" class=\"attachment-full size-full wp-image-2835\" alt=\"\" srcset=\"https:\/\/cemlight.com\/tr\/wp-content\/uploads\/2020\/07\/Untitled-1-1.jpg 1920w, https:\/\/cemlight.com\/tr\/wp-content\/uploads\/2020\/07\/Untitled-1-1-300x2.jpg 300w, https:\/\/cemlight.com\/tr\/wp-content\/uploads\/2020\/07\/Untitled-1-1-1024x8.jpg 1024w, https:\/\/cemlight.com\/tr\/wp-content\/uploads\/2020\/07\/Untitled-1-1-768x6.jpg 768w, https:\/\/cemlight.com\/tr\/wp-content\/uploads\/2020\/07\/Untitled-1-1-1536x12.jpg 1536w\" sizes=\"(max-width: 1920px) 100vw, 1920px\" \/>\t\t\t\t\t\t\t\t\t\t\t\t\t\t\t<\/div>\n\t\t\t\t<\/div>\n\t\t\t\t\t<\/div>\n\t\t<\/div>\n\t\t\t\t\t<\/div>\n\t\t<\/section>\n\t\t\t\t<section class=\"elementor-section elementor-top-section elementor-element elementor-element-7f64e2f elementor-section-boxed elementor-section-height-default elementor-section-height-default\" data-id=\"7f64e2f\" data-element_type=\"section\">\n\t\t\t\t\t\t<div class=\"elementor-container elementor-column-gap-default\">\n\t\t\t\t\t<div class=\"elementor-column elementor-col-100 elementor-top-column elementor-element elementor-element-b47625b\" data-id=\"b47625b\" data-element_type=\"column\">\n\t\t\t<div class=\"elementor-widget-wrap elementor-element-populated\">\n\t\t\t\t\t\t<div class=\"elementor-element elementor-element-c1b777a elementor-widget elementor-widget-spacer\" data-id=\"c1b777a\" data-element_type=\"widget\" data-widget_type=\"spacer.default\">\n\t\t\t\t<div class=\"elementor-widget-container\">\n\t\t\t\t\t\t\t<div class=\"elementor-spacer\">\n\t\t\t<div class=\"elementor-spacer-inner\"><\/div>\n\t\t<\/div>\n\t\t\t\t\t\t<\/div>\n\t\t\t\t<\/div>\n\t\t\t\t\t<\/div>\n\t\t<\/div>\n\t\t\t\t\t<\/div>\n\t\t<\/section>\n\t\t\t\t<section class=\"elementor-section elementor-top-section elementor-element elementor-element-3b041fd elementor-section-stretched elementor-section-boxed elementor-section-height-default elementor-section-height-default\" data-id=\"3b041fd\" data-element_type=\"section\" data-settings=\"{&quot;stretch_section&quot;:&quot;section-stretched&quot;}\">\n\t\t\t\t\t\t<div class=\"elementor-container elementor-column-gap-default\">\n\t\t\t\t\t<div class=\"elementor-column elementor-col-100 elementor-top-column elementor-element elementor-element-ef9f870\" data-id=\"ef9f870\" data-element_type=\"column\">\n\t\t\t<div class=\"elementor-widget-wrap elementor-element-populated\">\n\t\t\t\t\t\t<div class=\"elementor-element elementor-element-32bf7dc elementor-widget elementor-widget-text-editor\" data-id=\"32bf7dc\" data-element_type=\"widget\" data-widget_type=\"text-editor.default\">\n\t\t\t\t<div class=\"elementor-widget-container\">\n\t\t\t\t\t\t\t\t\t<p><img decoding=\"async\" class=\"alignnone  wp-image-10309\" src=\"https:\/\/cemlight.com\/tr\/wp-content\/uploads\/2021\/09\/ISO27001.jpg\" alt=\"\" width=\"169\" height=\"129\" \/> <img decoding=\"async\" class=\"alignnone  wp-image-10310\" src=\"https:\/\/cemlight.com\/tr\/wp-content\/uploads\/2021\/09\/ISO50001.jpg\" alt=\"\" width=\"171\" height=\"131\" \/> <img loading=\"lazy\" decoding=\"async\" class=\"alignnone wp-image-10274\" src=\"https:\/\/cemlight.com\/tr\/wp-content\/uploads\/2021\/09\/iso-ser-150x150-1.png\" alt=\"\" width=\"138\" height=\"138\" \/><\/p><table border=\"0\"><tbody><tr><td>\u00a0<\/td><td><img loading=\"lazy\" decoding=\"async\" class=\"alignnone wp-image-7409 size-full\" src=\"https:\/\/cemlight.com\/tr\/wp-content\/uploads\/2021\/04\/iso-9001.png\" alt=\"\" width=\"567\" height=\"255\" srcset=\"https:\/\/cemlight.com\/tr\/wp-content\/uploads\/2021\/04\/iso-9001.png 567w, https:\/\/cemlight.com\/tr\/wp-content\/uploads\/2021\/04\/iso-9001-300x135.png 300w\" sizes=\"(max-width: 567px) 100vw, 567px\" \/><\/td><td><img loading=\"lazy\" decoding=\"async\" class=\"alignnone wp-image-7410 size-full\" src=\"https:\/\/cemlight.com\/tr\/wp-content\/uploads\/2021\/04\/140001-1.png\" alt=\"\" width=\"567\" height=\"255\" srcset=\"https:\/\/cemlight.com\/tr\/wp-content\/uploads\/2021\/04\/140001-1.png 567w, https:\/\/cemlight.com\/tr\/wp-content\/uploads\/2021\/04\/140001-1-300x135.png 300w\" sizes=\"(max-width: 567px) 100vw, 567px\" \/><\/td><\/tr><\/tbody><\/table><p>Sertifikalar istek \u00fczerine g\u00f6nderilebilir. Sertifikalar\u0131 i\u00e7in\u00a0<a href=\"mailto:cemdag@cemdag.com\"><strong>cemdag@cemdag.com<\/strong><\/a>\u00a0ile temasa ge\u00e7iniz.<\/p><p><strong>CEMDA\u011e Ayd\u0131nlatma San. Ve Tic. A.\u015e \u00c7evre Politikas\u0131<\/strong><\/p><ul><li>T\u00fcm s\u00fcre\u00e7lerde yasal vb di\u011fer \u015fartlara uyumu temel gereklilik olarak kabul etmek<\/li><li>\u00c7al\u0131\u015fanlar\u0131m\u0131z\u0131, tedarik\u00e7ilerimizi e\u011fiterek ve s\u00fcrekli iyile\u015ftirmeler yaparak do\u011fal kaynak ihtiyac\u0131n\u0131 ve at\u0131klar\u0131 en aza indirmeyi hedeflemek<\/li><li>Temiz ve sa\u011fl\u0131kl\u0131 bir \u00e7evrenin gelecek nesillere aktar\u0131lmas\u0131n\u0131 te\u015fvik etmek<\/li><li>ISO 14001 y\u00f6netim sisteminin devaml\u0131l\u0131\u011f\u0131n\u0131 sa\u011flar, belirlenen hedefler ve g\u00f6zden ge\u00e7irmelerle s\u00fcrekli iyile\u015ftirmeler yapmak<\/li><\/ul>\t\t\t\t\t\t\t\t<\/div>\n\t\t\t\t<\/div>\n\t\t\t\t\t<\/div>\n\t\t<\/div>\n\t\t\t\t\t<\/div>\n\t\t<\/section>\n\t\t\t\t<section class=\"elementor-section elementor-top-section elementor-element elementor-element-76ec30f elementor-section-boxed elementor-section-height-default elementor-section-height-default\" data-id=\"76ec30f\" data-element_type=\"section\">\n\t\t\t\t\t\t<div class=\"elementor-container elementor-column-gap-default\">\n\t\t\t\t\t<div class=\"elementor-column elementor-col-100 elementor-top-column elementor-element elementor-element-81bf23a\" data-id=\"81bf23a\" data-element_type=\"column\">\n\t\t\t<div class=\"elementor-widget-wrap elementor-element-populated\">\n\t\t\t\t\t\t<div class=\"elementor-element elementor-element-62e23b2 elementor-widget elementor-widget-spacer\" data-id=\"62e23b2\" data-element_type=\"widget\" data-widget_type=\"spacer.default\">\n\t\t\t\t<div class=\"elementor-widget-container\">\n\t\t\t\t\t\t\t<div class=\"elementor-spacer\">\n\t\t\t<div class=\"elementor-spacer-inner\"><\/div>\n\t\t<\/div>\n\t\t\t\t\t\t<\/div>\n\t\t\t\t<\/div>\n\t\t\t\t\t<\/div>\n\t\t<\/div>\n\t\t\t\t\t<\/div>\n\t\t<\/section>\n\t\t\t\t<\/div>\n\t\t","protected":false},"excerpt":{"rendered":"<p>You are here: Home Sayfa KAL\u0130TE \u00a0 Sertifikalar istek \u00fczerine g\u00f6nderilebilir. Sertifikalar\u0131 i\u00e7in\u00a0cemdag@cemdag.com\u00a0ile temasa ge\u00e7iniz. CEMDA\u011e Ayd\u0131nlatma San. Ve Tic. A.\u015e \u00c7evre Politikas\u0131 T\u00fcm s\u00fcre\u00e7lerde yasal vb di\u011fer \u015fartlara uyumu temel gereklilik olarak kabul etmek \u00c7al\u0131\u015fanlar\u0131m\u0131z\u0131, tedarik\u00e7ilerimizi e\u011fiterek ve s\u00fcrekli iyile\u015ftirmeler yaparak do\u011fal kaynak ihtiyac\u0131n\u0131 ve at\u0131klar\u0131 en aza indirmeyi hedeflemek Temiz ve sa\u011fl\u0131kl\u0131 bir&hellip;<\/p>\n","protected":false},"author":1,"featured_media":0,"parent":0,"menu_order":16,"comment_status":"closed","ping_status":"closed","template":"","meta":{"inline_featured_image":false,"footnotes":""},"class_list":["post-7372","page","type-page","status-publish","hentry"],"aioseo_notices":[],"_links":{"self":[{"href":"https:\/\/cemlight.com\/tr\/wp-json\/wp\/v2\/pages\/7372","targetHints":{"allow":["GET"]}}],"collection":[{"href":"https:\/\/cemlight.com\/tr\/wp-json\/wp\/v2\/pages"}],"about":[{"href":"https:\/\/cemlight.com\/tr\/wp-json\/wp\/v2\/types\/page"}],"author":[{"embeddable":true,"href":"https:\/\/cemlight.com\/tr\/wp-json\/wp\/v2\/users\/1"}],"replies":[{"embeddable":true,"href":"https:\/\/cemlight.com\/tr\/wp-json\/wp\/v2\/comments?post=7372"}],"version-history":[{"count":30,"href":"https:\/\/cemlight.com\/tr\/wp-json\/wp\/v2\/pages\/7372\/revisions"}],"predecessor-version":[{"id":10313,"href":"https:\/\/cemlight.com\/tr\/wp-json\/wp\/v2\/pages\/7372\/revisions\/10313"}],"wp:attachment":[{"href":"https:\/\/cemlight.com\/tr\/wp-json\/wp\/v2\/media?parent=7372"}],"curies":[{"name":"wp","href":"https:\/\/api.w.org\/{rel}","templated":true}]}}