{"id":7383,"date":"2021-04-15T15:55:12","date_gmt":"2021-04-15T12:55:12","guid":{"rendered":"https:\/\/cemlight.com\/tr\/?page_id=7383"},"modified":"2022-06-16T15:59:17","modified_gmt":"2022-06-16T12:59:17","slug":"membership","status":"publish","type":"page","link":"https:\/\/cemlight.com\/tr\/uyelikler\/","title":{"rendered":"\u00dcYEL\u0130KLER"},"content":{"rendered":"\t\t<div data-elementor-type=\"wp-page\" data-elementor-id=\"7383\" class=\"elementor elementor-7383\" data-elementor-post-type=\"page\">\n\t\t\t\t\t\t<section class=\"elementor-section elementor-top-section elementor-element elementor-element-eb05251 elementor-section-full_width elementor-section-stretched elementor-section-height-default elementor-section-height-default\" data-id=\"eb05251\" data-element_type=\"section\" data-settings=\"{&quot;stretch_section&quot;:&quot;section-stretched&quot;}\">\n\t\t\t\t\t\t<div class=\"elementor-container elementor-column-gap-no\">\n\t\t\t\t\t<div class=\"elementor-column elementor-col-100 elementor-top-column elementor-element elementor-element-e6809dc\" data-id=\"e6809dc\" data-element_type=\"column\">\n\t\t\t<div class=\"elementor-widget-wrap elementor-element-populated\">\n\t\t\t\t\t\t<section class=\"elementor-section elementor-inner-section elementor-element elementor-element-9e71732 elementor-section-boxed elementor-section-height-default elementor-section-height-default\" data-id=\"9e71732\" data-element_type=\"section\">\n\t\t\t\t\t\t<div class=\"elementor-container elementor-column-gap-no\">\n\t\t\t\t\t<div class=\"elementor-column elementor-col-100 elementor-inner-column elementor-element elementor-element-7c58ae0\" data-id=\"7c58ae0\" data-element_type=\"column\">\n\t\t\t<div class=\"elementor-widget-wrap elementor-element-populated\">\n\t\t\t\t\t\t<div class=\"elementor-element elementor-element-64b9410 elementor-widget elementor-widget-spacer\" data-id=\"64b9410\" data-element_type=\"widget\" data-widget_type=\"spacer.default\">\n\t\t\t\t<div class=\"elementor-widget-container\">\n\t\t\t\t\t\t\t<div class=\"elementor-spacer\">\n\t\t\t<div class=\"elementor-spacer-inner\"><\/div>\n\t\t<\/div>\n\t\t\t\t\t\t<\/div>\n\t\t\t\t<\/div>\n\t\t\t\t<div class=\"elementor-element elementor-element-c0f181b split-breadcrumbs-y elementor-widget elementor-widget-the7-breadcrumb\" data-id=\"c0f181b\" data-element_type=\"widget\" data-widget_type=\"the7-breadcrumb.default\">\n\t\t\t\t<div class=\"elementor-widget-container\">\n\t\t\t\t\t<div class=\"assistive-text\">You are here:<\/div><ol class=\"breadcrumbs text-small rcrumbs\" itemscope itemtype=\"https:\/\/schema.org\/BreadcrumbList\"><li itemprop=\"itemListElement\" itemscope itemtype=\"https:\/\/schema.org\/ListItem\"><a itemprop=\"item\" href=\"https:\/\/cemlight.com\/tr\/\" title=\"Home\"><span itemprop=\"name\">Home<\/span><\/a><meta itemprop=\"position\" content=\"1\" \/><\/li><li class=\"current\" itemprop=\"itemListElement\" itemscope itemtype=\"https:\/\/schema.org\/ListItem\"><span itemprop=\"name\">Sayfa<\/span><meta itemprop=\"position\" content=\"2\" \/><\/li><\/ol>\t\t\t\t<\/div>\n\t\t\t\t<\/div>\n\t\t\t\t<div class=\"elementor-element elementor-element-3f9e873 elementor-widget elementor-widget-spacer\" data-id=\"3f9e873\" data-element_type=\"widget\" data-widget_type=\"spacer.default\">\n\t\t\t\t<div class=\"elementor-widget-container\">\n\t\t\t\t\t\t\t<div class=\"elementor-spacer\">\n\t\t\t<div class=\"elementor-spacer-inner\"><\/div>\n\t\t<\/div>\n\t\t\t\t\t\t<\/div>\n\t\t\t\t<\/div>\n\t\t\t\t<div class=\"elementor-element elementor-element-48ae516 elementor-widget elementor-widget-text-editor\" data-id=\"48ae516\" data-element_type=\"widget\" data-widget_type=\"text-editor.default\">\n\t\t\t\t<div class=\"elementor-widget-container\">\n\t\t\t\t\t\t\t\t\t<p>\u00dcYEL\u0130KLER<\/p>\t\t\t\t\t\t\t\t<\/div>\n\t\t\t\t<\/div>\n\t\t\t\t<div class=\"elementor-element elementor-element-21d76ea elementor-widget elementor-widget-spacer\" data-id=\"21d76ea\" data-element_type=\"widget\" data-widget_type=\"spacer.default\">\n\t\t\t\t<div class=\"elementor-widget-container\">\n\t\t\t\t\t\t\t<div class=\"elementor-spacer\">\n\t\t\t<div class=\"elementor-spacer-inner\"><\/div>\n\t\t<\/div>\n\t\t\t\t\t\t<\/div>\n\t\t\t\t<\/div>\n\t\t\t\t\t<\/div>\n\t\t<\/div>\n\t\t\t\t\t<\/div>\n\t\t<\/section>\n\t\t\t\t<div class=\"elementor-element elementor-element-b02cebd elementor-widget elementor-widget-image\" data-id=\"b02cebd\" data-element_type=\"widget\" data-widget_type=\"image.default\">\n\t\t\t\t<div class=\"elementor-widget-container\">\n\t\t\t\t\t\t\t\t\t\t\t\t\t\t\t<img decoding=\"async\" width=\"1920\" height=\"15\" src=\"https:\/\/cemlight.com\/tr\/wp-content\/uploads\/2020\/07\/Untitled-1-1.jpg\" class=\"attachment-full size-full wp-image-2835\" alt=\"\" srcset=\"https:\/\/cemlight.com\/tr\/wp-content\/uploads\/2020\/07\/Untitled-1-1.jpg 1920w, https:\/\/cemlight.com\/tr\/wp-content\/uploads\/2020\/07\/Untitled-1-1-300x2.jpg 300w, https:\/\/cemlight.com\/tr\/wp-content\/uploads\/2020\/07\/Untitled-1-1-1024x8.jpg 1024w, https:\/\/cemlight.com\/tr\/wp-content\/uploads\/2020\/07\/Untitled-1-1-768x6.jpg 768w, https:\/\/cemlight.com\/tr\/wp-content\/uploads\/2020\/07\/Untitled-1-1-1536x12.jpg 1536w\" sizes=\"(max-width: 1920px) 100vw, 1920px\" \/>\t\t\t\t\t\t\t\t\t\t\t\t\t\t\t<\/div>\n\t\t\t\t<\/div>\n\t\t\t\t\t<\/div>\n\t\t<\/div>\n\t\t\t\t\t<\/div>\n\t\t<\/section>\n\t\t\t\t<section class=\"elementor-section elementor-top-section elementor-element elementor-element-7f64e2f elementor-section-boxed elementor-section-height-default elementor-section-height-default\" data-id=\"7f64e2f\" data-element_type=\"section\">\n\t\t\t\t\t\t<div class=\"elementor-container elementor-column-gap-default\">\n\t\t\t\t\t<div class=\"elementor-column elementor-col-100 elementor-top-column elementor-element elementor-element-b47625b\" data-id=\"b47625b\" data-element_type=\"column\">\n\t\t\t<div class=\"elementor-widget-wrap elementor-element-populated\">\n\t\t\t\t\t\t<div class=\"elementor-element elementor-element-c1b777a elementor-widget elementor-widget-spacer\" data-id=\"c1b777a\" data-element_type=\"widget\" data-widget_type=\"spacer.default\">\n\t\t\t\t<div class=\"elementor-widget-container\">\n\t\t\t\t\t\t\t<div class=\"elementor-spacer\">\n\t\t\t<div class=\"elementor-spacer-inner\"><\/div>\n\t\t<\/div>\n\t\t\t\t\t\t<\/div>\n\t\t\t\t<\/div>\n\t\t\t\t\t<\/div>\n\t\t<\/div>\n\t\t\t\t\t<\/div>\n\t\t<\/section>\n\t\t\t\t<section class=\"elementor-section elementor-top-section elementor-element elementor-element-3b041fd elementor-section-stretched elementor-section-boxed elementor-section-height-default elementor-section-height-default\" data-id=\"3b041fd\" data-element_type=\"section\" data-settings=\"{&quot;stretch_section&quot;:&quot;section-stretched&quot;}\">\n\t\t\t\t\t\t<div class=\"elementor-container elementor-column-gap-default\">\n\t\t\t\t\t<div class=\"elementor-column elementor-col-100 elementor-top-column elementor-element elementor-element-ef9f870\" data-id=\"ef9f870\" data-element_type=\"column\">\n\t\t\t<div class=\"elementor-widget-wrap elementor-element-populated\">\n\t\t\t\t\t\t<div class=\"elementor-element elementor-element-32bf7dc elementor-widget elementor-widget-text-editor\" data-id=\"32bf7dc\" data-element_type=\"widget\" data-widget_type=\"text-editor.default\">\n\t\t\t\t<div class=\"elementor-widget-container\">\n\t\t\t\t\t\t\t\t\t<table style=\"border-collapse: collapse; width: 100%; height: 17px;\" border=\"0\"><tbody><tr style=\"height: 17px;\"><td style=\"width: 23.0382%; height: 17px;\"><img fetchpriority=\"high\" decoding=\"async\" class=\"alignnone size-full wp-image-10299\" src=\"https:\/\/cemlight.com\/tr\/wp-content\/uploads\/2021\/09\/AGID-LOGO.png\" alt=\"\" width=\"800\" height=\"416\" srcset=\"https:\/\/cemlight.com\/tr\/wp-content\/uploads\/2021\/09\/AGID-LOGO.png 800w, https:\/\/cemlight.com\/tr\/wp-content\/uploads\/2021\/09\/AGID-LOGO-300x156.png 300w, https:\/\/cemlight.com\/tr\/wp-content\/uploads\/2021\/09\/AGID-LOGO-768x399.png 768w\" sizes=\"(max-width: 800px) 100vw, 800px\" \/><\/td><td style=\"width: 76.9618%; height: 17px;\"><p>AG\u0130D \u2013 Ayd\u0131nlatma Gere\u00e7leri \u0130malat\u00e7\u0131lar\u0131 Derne\u011fi 1997 y\u0131l\u0131nda 19 ayd\u0131nlatma armat\u00fcr\u00fc ve komponenti \u00fcreticisi firma taraf\u0131ndan a\u015fa\u011f\u0131daki temel hedefleri ger\u00e7ekle\u015ftirmek amac\u0131yla kuruldu:<\/p><ul><li>Sekt\u00f6r\u00fcn kimlik bilincini meydana getirmek,<\/li><li>Sekt\u00f6r i\u00e7indeki temsilciler aras\u0131nda bireysel ve kollektif ili\u015fkileri geli\u015ftirmek,<\/li><li>Ortak \u00e7abalar ve anla\u015fmalar vas\u0131tas\u0131yla kurumsal\/akademik ili\u015fkileri artt\u0131rmak,<\/li><li>Uluslararas\u0131 standartlara uyum s\u00fcrecini tamamlamak,<\/li><li>T\u00fcrk \u00fcreticilerin uluslararas\u0131 piyasada temsil edilmelerini sa\u011flamak,<\/li><li>T\u00fcketici haklar\u0131n\u0131 korumak.<\/li><\/ul><\/td><\/tr><tr><td style=\"width: 23.0382%;\"><img decoding=\"async\" class=\" wp-image-6730 aligncenter\" src=\"https:\/\/cemlight.com\/tr\/wp-content\/uploads\/2021\/04\/aydinlatma_turk_milli_komitesi.png\" alt=\"\" width=\"101\" height=\"100\" \/><\/td><td style=\"width: 76.9618%;\"><p><strong>Ayd\u0131nlatma T\u00fcrk Milli Komitesi<\/strong><\/p><p>Ayd\u0131nlatma konusunda uzman olan ki\u015fileri, uluslararas\u0131 d\u00fczeyde biraraya getiren, ayd\u0131nlatman\u0131n \u00e7e\u015fitli alanlar\u0131nda g\u00f6r\u00fc\u015f al\u0131\u015fveri\u015finde bulunmak ve uluslaraars\u0131 norm ve standartlara uygun tavsiye kararlar\u0131 alan, 1933 y\u0131l\u0131nda kurulmu\u015f olan ulusal bir komitedir.<\/p><p><a href=\"http:\/\/www.atmk.org.tr\/content\/editor\/files\/ATMK%20U%cc%88YE%20LI%cc%87STESI%cc%87_OCAK2021.pdf\" target=\"_blank\" rel=\"noopener\">http:\/\/www.atmk.itu.edu.tr\/<\/a><\/p><\/td><\/tr><tr><td style=\"width: 23.0382%;\"><img loading=\"lazy\" decoding=\"async\" class=\"alignnone size-full wp-image-9866\" src=\"https:\/\/cemlight.com\/wp-content\/uploads\/2022\/06\/ZHAGA_Logo.png\" alt=\"\" width=\"300\" height=\"89\" \/><\/td><td style=\"width: 76.9618%;\"><p><strong>Zhaga Konsorsiyum<\/strong><\/p><p>Zhaga Konsorsiyumu, LED mod\u00fclleri, LED dizileri, tutucular, elektronik kontrol tertibat\u0131 (LED s\u00fcr\u00fcc\u00fcleri), konekt\u00f6rler ve alg\u0131lama\/ileti\u015fim mod\u00fclleri dahil olmak \u00fczere LED armat\u00fcr bile\u015fenlerinin aray\u00fczlerini standartla\u015ft\u0131rmay\u0131 ama\u00e7layan k\u00fcresel bir ayd\u0131nlatma end\u00fcstrisi kurulu\u015fudur. <strong><a href=\"https:\/\/zhagastandard.org\/\" target=\"_blank\" rel=\"noopener\">Cemda\u011f Ayd\u0131nlatma Grubu, Zhaga Consortium \u201cAssociate\u201d \u00fcyesidir.<\/a>\u00a0<\/strong><\/p><\/td><\/tr><tr><td style=\"width: 23.0382%;\"><img loading=\"lazy\" decoding=\"async\" class=\"alignnone size-medium wp-image-9870\" src=\"https:\/\/cemlight.com\/wp-content\/uploads\/2022\/06\/IDA-300x161.jpg\" alt=\"\" width=\"300\" height=\"161\" \/><\/td><td style=\"width: 76.9618%;\"><strong>Uluslararas\u0131 Karanl\u0131k G\u00f6ky\u00fcz\u00fc Derne\u011fi (IDA)<br \/><\/strong><p>Uluslararas\u0131 Karanl\u0131k G\u00f6ky\u00fcz\u00fc Derne\u011fi (IDA), 1988 y\u0131l\u0131nda profesyonel bir astronom olan David Crawford ve bir doktor\/amat\u00f6r astronom olan Tim Hunter taraf\u0131ndan kurulan Amerika Birle\u015fik Devletleri merkezli k\u00e2r amac\u0131 g\u00fctmeyen bir organizasyondur. IDA&#8217;n\u0131n misyonu &#8220;kaliteli d\u0131\u015f ayd\u0131nlatma yoluyla gece ortam\u0131n\u0131 ve karanl\u0131k g\u00f6ky\u00fcz\u00fc miras\u0131m\u0131z\u0131 korumak ve s\u00fcrd\u00fcr\u00fclebilir k\u0131lmakt\u0131r.<\/p><p>I\u015f\u0131k kirlili\u011finin t\u00fcm canl\u0131lar i\u00e7in zararl\u0131 olan geni\u015f kapsaml\u0131 sonu\u00e7lar\u0131 vard\u0131r. Etkili d\u0131\u015f ayd\u0131nlatma, \u0131\u015f\u0131k kirlili\u011fini azaltarak herkes i\u00e7in daha iyi bir ya\u015fam kalitesi sa\u011flar. Karanl\u0131k g\u00f6ky\u00fcz\u00fc hareketi, t\u00fcm ya\u015fam\u0131n geli\u015febilmesi i\u00e7in t\u00fcm d\u00fcnyada daha iyi ayd\u0131nlatma sa\u011flamak i\u00e7in \u00e7al\u0131\u015f\u0131yor.<\/p><p>Cemda\u011f Ayd\u0131nlatma Teknolojileri, sekt\u00f6r\u00fcnde\u00a0<a href=\"https:\/\/www.darksky.org\/\" target=\"_blank\" rel=\"noopener\"><strong>International Dark-Sky Association<\/strong><\/a>\u00a0\u00fcye olan ilk T\u00fcrk firmas\u0131d\u0131r.<\/p><\/td><\/tr><\/tbody><\/table>\t\t\t\t\t\t\t\t<\/div>\n\t\t\t\t<\/div>\n\t\t\t\t\t<\/div>\n\t\t<\/div>\n\t\t\t\t\t<\/div>\n\t\t<\/section>\n\t\t\t\t<section class=\"elementor-section elementor-top-section elementor-element elementor-element-76ec30f elementor-section-boxed elementor-section-height-default elementor-section-height-default\" data-id=\"76ec30f\" data-element_type=\"section\">\n\t\t\t\t\t\t<div class=\"elementor-container elementor-column-gap-default\">\n\t\t\t\t\t<div class=\"elementor-column elementor-col-100 elementor-top-column elementor-element elementor-element-81bf23a\" data-id=\"81bf23a\" data-element_type=\"column\">\n\t\t\t<div class=\"elementor-widget-wrap elementor-element-populated\">\n\t\t\t\t\t\t<div class=\"elementor-element elementor-element-62e23b2 elementor-widget elementor-widget-spacer\" data-id=\"62e23b2\" data-element_type=\"widget\" data-widget_type=\"spacer.default\">\n\t\t\t\t<div class=\"elementor-widget-container\">\n\t\t\t\t\t\t\t<div class=\"elementor-spacer\">\n\t\t\t<div class=\"elementor-spacer-inner\"><\/div>\n\t\t<\/div>\n\t\t\t\t\t\t<\/div>\n\t\t\t\t<\/div>\n\t\t\t\t\t<\/div>\n\t\t<\/div>\n\t\t\t\t\t<\/div>\n\t\t<\/section>\n\t\t\t\t<\/div>\n\t\t","protected":false},"excerpt":{"rendered":"<p>You are here: Home Sayfa \u00dcYEL\u0130KLER AG\u0130D \u2013 Ayd\u0131nlatma Gere\u00e7leri \u0130malat\u00e7\u0131lar\u0131 Derne\u011fi 1997 y\u0131l\u0131nda 19 ayd\u0131nlatma armat\u00fcr\u00fc ve komponenti \u00fcreticisi firma taraf\u0131ndan a\u015fa\u011f\u0131daki temel hedefleri ger\u00e7ekle\u015ftirmek amac\u0131yla kuruldu: Sekt\u00f6r\u00fcn kimlik bilincini meydana getirmek, Sekt\u00f6r i\u00e7indeki temsilciler aras\u0131nda bireysel ve kollektif ili\u015fkileri geli\u015ftirmek, Ortak \u00e7abalar ve anla\u015fmalar vas\u0131tas\u0131yla kurumsal\/akademik ili\u015fkileri artt\u0131rmak, Uluslararas\u0131 standartlara uyum s\u00fcrecini tamamlamak,&hellip;<\/p>\n","protected":false},"author":1,"featured_media":0,"parent":0,"menu_order":16,"comment_status":"closed","ping_status":"closed","template":"","meta":{"inline_featured_image":false,"footnotes":""},"class_list":["post-7383","page","type-page","status-publish","hentry"],"aioseo_notices":[],"_links":{"self":[{"href":"https:\/\/cemlight.com\/tr\/wp-json\/wp\/v2\/pages\/7383","targetHints":{"allow":["GET"]}}],"collection":[{"href":"https:\/\/cemlight.com\/tr\/wp-json\/wp\/v2\/pages"}],"about":[{"href":"https:\/\/cemlight.com\/tr\/wp-json\/wp\/v2\/types\/page"}],"author":[{"embeddable":true,"href":"https:\/\/cemlight.com\/tr\/wp-json\/wp\/v2\/users\/1"}],"replies":[{"embeddable":true,"href":"https:\/\/cemlight.com\/tr\/wp-json\/wp\/v2\/comments?post=7383"}],"version-history":[{"count":29,"href":"https:\/\/cemlight.com\/tr\/wp-json\/wp\/v2\/pages\/7383\/revisions"}],"predecessor-version":[{"id":10719,"href":"https:\/\/cemlight.com\/tr\/wp-json\/wp\/v2\/pages\/7383\/revisions\/10719"}],"wp:attachment":[{"href":"https:\/\/cemlight.com\/tr\/wp-json\/wp\/v2\/media?parent=7383"}],"curies":[{"name":"wp","href":"https:\/\/api.w.org\/{rel}","templated":true}]}}